{"id":40516,"date":"2022-08-08T20:01:26","date_gmt":"2022-08-08T18:01:26","guid":{"rendered":"https:\/\/guidevulcanologicheetna.it\/?page_id=40516"},"modified":"2024-02-21T12:43:59","modified_gmt":"2024-02-21T11:43:59","slug":"informationen-zum-vulkan-aetna","status":"publish","type":"page","link":"https:\/\/guidevulcanologicheetna.it\/de\/informationen-zum-vulkan-aetna\/","title":{"rendered":"Nachrichten"},"content":{"rendered":"<p>[et_pb_section fb_built=&#8220;1&#8243; fullwidth=&#8220;on&#8220; _builder_version=&#8220;4.16&#8243; background_color=&#8220;rgba(255,255,255,0)&#8220; transparent_background=&#8220;on&#8220; global_colors_info=&#8220;{}&#8220;][et_pb_fullwidth_header title=&#8220;NACHRICHTEN&#8220; text_orientation=&#8220;center&#8220; header_fullscreen=&#8220;on&#8220; background_overlay_color=&#8220;rgba(0,0,0,0.5)&#8220; logo_image_url=&#8220;https:\/\/guidevulcanologicheetna.it\/wp-content\/uploads\/2017\/03\/Guide_vulcanologiche_Etna_Logo_200.png&#8220; _builder_version=&#8220;4.24.1&#8243; title_text_color=&#8220;#ffea40&#8243; background_color=&#8220;rgba(255, 255, 255, 0)&#8220; background_image=&#8220;https:\/\/guidevulcanologicheetna.it\/wp-content\/uploads\/2017\/04\/Guide_Vulcanologiche_Etna_BG-1.jpg&#8220; hover_enabled=&#8220;0&#8243; background_url=&#8220;https:\/\/guidevulcanologicheetna.it\/wp-content\/uploads\/2017\/04\/Guide_Vulcanologiche_Etna_BG-1.jpg&#8220; global_colors_info=&#8220;{}&#8220; button_one_text_size__hover_enabled=&#8220;off&#8220; button_one_text_size__hover=&#8220;null&#8220; button_two_text_size__hover_enabled=&#8220;off&#8220; button_two_text_size__hover=&#8220;null&#8220; button_one_text_color__hover_enabled=&#8220;off&#8220; button_one_text_color__hover=&#8220;null&#8220; button_two_text_color__hover_enabled=&#8220;off&#8220; button_two_text_color__hover=&#8220;null&#8220; button_one_border_width__hover_enabled=&#8220;off&#8220; button_one_border_width__hover=&#8220;null&#8220; button_two_border_width__hover_enabled=&#8220;off&#8220; button_two_border_width__hover=&#8220;null&#8220; button_one_border_color__hover_enabled=&#8220;off&#8220; button_one_border_color__hover=&#8220;null&#8220; button_two_border_color__hover_enabled=&#8220;off&#8220; button_two_border_color__hover=&#8220;null&#8220; button_one_border_radius__hover_enabled=&#8220;off&#8220; button_one_border_radius__hover=&#8220;null&#8220; button_two_border_radius__hover_enabled=&#8220;off&#8220; button_two_border_radius__hover=&#8220;null&#8220; button_one_letter_spacing__hover_enabled=&#8220;off&#8220; button_one_letter_spacing__hover=&#8220;null&#8220; button_two_letter_spacing__hover_enabled=&#8220;off&#8220; button_two_letter_spacing__hover=&#8220;null&#8220; button_one_bg_color__hover_enabled=&#8220;off&#8220; button_one_bg_color__hover=&#8220;null&#8220; button_two_bg_color__hover_enabled=&#8220;off&#8220; button_two_bg_color__hover=&#8220;null&#8220; sticky_enabled=&#8220;0&#8243;][\/et_pb_fullwidth_header][\/et_pb_section][et_pb_section fb_built=&#8220;1&#8243; _builder_version=&#8220;4.16&#8243; global_colors_info=&#8220;{}&#8220;][et_pb_row column_structure=&#8220;2_3,1_3&#8243; use_custom_gutter=&#8220;on&#8220; gutter_width=&#8220;2&#8243; make_equal=&#8220;on&#8220; module_class=&#8220;custom_blog et_pb_row_fullwidth&#8220; _builder_version=&#8220;4.24.0&#8243; background_size=&#8220;initial&#8220; background_position=&#8220;top_left&#8220; background_repeat=&#8220;repeat&#8220; width=&#8220;90%&#8220; width_tablet=&#8220;80%&#8220; width_phone=&#8220;&#8220; width_last_edited=&#8220;on|desktop&#8220; max_width=&#8220;100%&#8220; max_width_tablet=&#8220;80%&#8220; max_width_phone=&#8220;&#8220; max_width_last_edited=&#8220;on|desktop&#8220; custom_padding=&#8220;5%|5%|5%|5%&#8220; make_fullwidth=&#8220;on&#8220; global_colors_info=&#8220;{}&#8220;][et_pb_column type=&#8220;2_3&#8243; _builder_version=&#8220;4.16&#8243; custom_padding=&#8220;|||&#8220; global_colors_info=&#8220;{}&#8220; custom_padding__hover=&#8220;|||&#8220;][et_pb_blog fullwidth=&#8220;off&#8220; posts_number=&#8220;5&#8243; include_categories=&#8220;16&#8243; excerpt_length=&#8220;160&#8243; show_more=&#8220;on&#8220; show_author=&#8220;off&#8220; show_date=&#8220;off&#8220; show_categories=&#8220;off&#8220; use_overlay=&#8220;on&#8220; overlay_icon_color=&#8220;#ffea40&#8243; hover_overlay_color=&#8220;rgba(0,0,0,0.63)&#8220; hover_icon=&#8220;&#x50;||divi||400&#8243; module_class=&#8220;et_blog_grid_equal_height&#8220; _builder_version=&#8220;4.24.0&#8243; read_more_font=&#8220;|||on|||||&#8220; read_more_text_color=&#8220;#000000&#8243; read_more_letter_spacing=&#8220;1px&#8220; pagination_font=&#8220;|||on|||||&#8220; pagination_text_color=&#8220;#000000&#8243; pagination_letter_spacing=&#8220;1px&#8220; pagination_font_size_tablet=&#8220;51&#8243; pagination_line_height_tablet=&#8220;2&#8243; custom_css_read_more=&#8220;display: inline-block;||text-align: right;||float: right;||background-color:#ffea40;||padding: 0.3em 1em;||margin-top: 10px;&#8220; global_colors_info=&#8220;{}&#8220; custom_css_read_more__hover_enabled=&#8220;on|hover&#8220; custom_css_read_more__hover=&#8220;background-color:rgba(0,0,0,0)!important;||box-shadow: inset 0 0 0 2px #ffea40;||transition: background-color .3s ease-out;&#8220;]<\/p>\n<p>\n&nbsp;<\/p>\n<p>[\/et_pb_blog][\/et_pb_column][et_pb_column type=&#8220;1_3&#8243; _builder_version=&#8220;4.16&#8243; custom_padding=&#8220;|||&#8220; global_colors_info=&#8220;{}&#8220; custom_padding__hover=&#8220;|||&#8220;][et_pb_sidebar orientation=&#8220;right&#8220; _builder_version=&#8220;4.24.0&#8243; global_colors_info=&#8220;{}&#8220;][\/et_pb_sidebar][\/et_pb_column][\/et_pb_row][\/et_pb_section]<\/p>\n","protected":false},"excerpt":{"rendered":"<p>&nbsp;<\/p>\n","protected":false},"author":2,"featured_media":40534,"parent":0,"menu_order":0,"comment_status":"closed","ping_status":"closed","template":"","meta":{"_et_pb_use_builder":"on","_et_pb_old_content":"","_et_gb_content_width":"","footnotes":""},"class_list":["post-40516","page","type-page","status-publish","has-post-thumbnail","hentry"],"yoast_head":"<!-- This site is optimized with the Yoast SEO plugin v27.5 - https:\/\/yoast.com\/product\/yoast-seo-wordpress\/ -->\n<title>Informationen zum Vulkan \u00c4tna, Ausfl\u00fcge, Trekking, Eruptionen, Verordnungen etc.<\/title>\n<meta name=\"description\" content=\"Informationen zur Aktivit\u00e4t des Vulkans \u00c4tna: Trekking, Ausfl\u00fcge, Ausfl\u00fcge, Verbote, geltende Gewerkschaftsverordnungen, sportliche Aktivit\u00e4ten usw.\" \/>\n<meta name=\"robots\" content=\"index, follow, max-snippet:-1, max-image-preview:large, max-video-preview:-1\" \/>\n<link rel=\"canonical\" href=\"https:\/\/guidevulcanologicheetna.it\/de\/informationen-zum-vulkan-aetna\/\" \/>\n<meta property=\"og:locale\" content=\"de_DE\" \/>\n<meta property=\"og:type\" content=\"article\" \/>\n<meta property=\"og:title\" content=\"Informationen zum Vulkan \u00c4tna, Ausfl\u00fcge, Trekking, Eruptionen, Verordnungen etc.\" \/>\n<meta property=\"og:description\" content=\"Informationen zur Aktivit\u00e4t des Vulkans \u00c4tna: Trekking, Ausfl\u00fcge, Ausfl\u00fcge, Verbote, geltende Gewerkschaftsverordnungen, sportliche Aktivit\u00e4ten usw.\" \/>\n<meta property=\"og:url\" content=\"https:\/\/guidevulcanologicheetna.it\/de\/informationen-zum-vulkan-aetna\/\" \/>\n<meta property=\"og:site_name\" content=\"Guide Vulcanologiche Etna Nord\" \/>\n<meta property=\"article:publisher\" content=\"https:\/\/www.facebook.com\/guidevulcanologiche\/?ref=ts&amp;amp%3bamp%3bamp%3bfref=ts\" \/>\n<meta property=\"article:modified_time\" content=\"2024-02-21T11:43:59+00:00\" \/>\n<meta property=\"og:image\" content=\"https:\/\/guidevulcanologicheetna.it\/wp-content\/uploads\/2022\/08\/Informazioni-sullEtna-Informationen-zum-Atna-Trekking-Ausfluge-zu-den-Kratern-des-Vulkans-.Information-about-Etna-trekking-excursions-informations-sur-lEtna-JPG-scaled.jpg\" \/>\n\t<meta property=\"og:image:width\" content=\"1200\" \/>\n\t<meta property=\"og:image:height\" content=\"800\" \/>\n\t<meta property=\"og:image:type\" content=\"image\/jpeg\" \/>\n<meta name=\"twitter:card\" content=\"summary_large_image\" \/>\n<meta name=\"twitter:label1\" content=\"Gesch\u00e4tzte Lesezeit\" \/>\n\t<meta name=\"twitter:data1\" content=\"1\u00a0Minute\" \/>\n<script type=\"application\/ld+json\" class=\"yoast-schema-graph\">{\"@context\":\"https:\\\/\\\/schema.org\",\"@graph\":[{\"@type\":\"WebPage\",\"@id\":\"https:\\\/\\\/guidevulcanologicheetna.it\\\/de\\\/informationen-zum-vulkan-aetna\\\/\",\"url\":\"https:\\\/\\\/guidevulcanologicheetna.it\\\/de\\\/informationen-zum-vulkan-aetna\\\/\",\"name\":\"Informationen zum Vulkan \u00c4tna, Ausfl\u00fcge, Trekking, Eruptionen, Verordnungen etc.\",\"isPartOf\":{\"@id\":\"https:\\\/\\\/guidevulcanologicheetna.it\\\/de\\\/#website\"},\"primaryImageOfPage\":{\"@id\":\"https:\\\/\\\/guidevulcanologicheetna.it\\\/de\\\/informationen-zum-vulkan-aetna\\\/#primaryimage\"},\"image\":{\"@id\":\"https:\\\/\\\/guidevulcanologicheetna.it\\\/de\\\/informationen-zum-vulkan-aetna\\\/#primaryimage\"},\"thumbnailUrl\":\"https:\\\/\\\/guidevulcanologicheetna.it\\\/wp-content\\\/uploads\\\/2022\\\/08\\\/Informazioni-sullEtna-Informationen-zum-Atna-Trekking-Ausfluge-zu-den-Kratern-des-Vulkans-.Information-about-Etna-trekking-excursions-informations-sur-lEtna-JPG-scaled.jpg\",\"datePublished\":\"2022-08-08T18:01:26+00:00\",\"dateModified\":\"2024-02-21T11:43:59+00:00\",\"description\":\"Informationen zur Aktivit\u00e4t des Vulkans \u00c4tna: Trekking, Ausfl\u00fcge, Ausfl\u00fcge, Verbote, geltende Gewerkschaftsverordnungen, sportliche Aktivit\u00e4ten usw.\",\"breadcrumb\":{\"@id\":\"https:\\\/\\\/guidevulcanologicheetna.it\\\/de\\\/informationen-zum-vulkan-aetna\\\/#breadcrumb\"},\"inLanguage\":\"de\",\"potentialAction\":[{\"@type\":\"ReadAction\",\"target\":[\"https:\\\/\\\/guidevulcanologicheetna.it\\\/de\\\/informationen-zum-vulkan-aetna\\\/\"]}]},{\"@type\":\"ImageObject\",\"inLanguage\":\"de\",\"@id\":\"https:\\\/\\\/guidevulcanologicheetna.it\\\/de\\\/informationen-zum-vulkan-aetna\\\/#primaryimage\",\"url\":\"https:\\\/\\\/guidevulcanologicheetna.it\\\/wp-content\\\/uploads\\\/2022\\\/08\\\/Informazioni-sullEtna-Informationen-zum-Atna-Trekking-Ausfluge-zu-den-Kratern-des-Vulkans-.Information-about-Etna-trekking-excursions-informations-sur-lEtna-JPG-scaled.jpg\",\"contentUrl\":\"https:\\\/\\\/guidevulcanologicheetna.it\\\/wp-content\\\/uploads\\\/2022\\\/08\\\/Informazioni-sullEtna-Informationen-zum-Atna-Trekking-Ausfluge-zu-den-Kratern-des-Vulkans-.Information-about-Etna-trekking-excursions-informations-sur-lEtna-JPG-scaled.jpg\",\"width\":1200,\"height\":800},{\"@type\":\"BreadcrumbList\",\"@id\":\"https:\\\/\\\/guidevulcanologicheetna.it\\\/de\\\/informationen-zum-vulkan-aetna\\\/#breadcrumb\",\"itemListElement\":[{\"@type\":\"ListItem\",\"position\":1,\"name\":\"Home\",\"item\":\"https:\\\/\\\/guidevulcanologicheetna.it\\\/de\\\/\"},{\"@type\":\"ListItem\",\"position\":2,\"name\":\"Nachrichten\"}]},{\"@type\":\"WebSite\",\"@id\":\"https:\\\/\\\/guidevulcanologicheetna.it\\\/de\\\/#website\",\"url\":\"https:\\\/\\\/guidevulcanologicheetna.it\\\/de\\\/\",\"name\":\"Guide Vulcanologiche Etna Nord\",\"description\":\"Guide Etna Abilitate\",\"potentialAction\":[{\"@type\":\"SearchAction\",\"target\":{\"@type\":\"EntryPoint\",\"urlTemplate\":\"https:\\\/\\\/guidevulcanologicheetna.it\\\/de\\\/?s={search_term_string}\"},\"query-input\":{\"@type\":\"PropertyValueSpecification\",\"valueRequired\":true,\"valueName\":\"search_term_string\"}}],\"inLanguage\":\"de\"}]}<\/script>\n<!-- \/ Yoast SEO plugin. -->","yoast_head_json":{"title":"Informationen zum Vulkan \u00c4tna, Ausfl\u00fcge, Trekking, Eruptionen, Verordnungen etc.","description":"Informationen zur Aktivit\u00e4t des Vulkans \u00c4tna: Trekking, Ausfl\u00fcge, Ausfl\u00fcge, Verbote, geltende Gewerkschaftsverordnungen, sportliche Aktivit\u00e4ten usw.","robots":{"index":"index","follow":"follow","max-snippet":"max-snippet:-1","max-image-preview":"max-image-preview:large","max-video-preview":"max-video-preview:-1"},"canonical":"https:\/\/guidevulcanologicheetna.it\/de\/informationen-zum-vulkan-aetna\/","og_locale":"de_DE","og_type":"article","og_title":"Informationen zum Vulkan \u00c4tna, Ausfl\u00fcge, Trekking, Eruptionen, Verordnungen etc.","og_description":"Informationen zur Aktivit\u00e4t des Vulkans \u00c4tna: Trekking, Ausfl\u00fcge, Ausfl\u00fcge, Verbote, geltende Gewerkschaftsverordnungen, sportliche Aktivit\u00e4ten usw.","og_url":"https:\/\/guidevulcanologicheetna.it\/de\/informationen-zum-vulkan-aetna\/","og_site_name":"Guide Vulcanologiche Etna Nord","article_publisher":"https:\/\/www.facebook.com\/guidevulcanologiche\/?ref=ts&amp%3bamp%3bamp%3bfref=ts","article_modified_time":"2024-02-21T11:43:59+00:00","og_image":[{"width":1200,"height":800,"url":"https:\/\/guidevulcanologicheetna.it\/wp-content\/uploads\/2022\/08\/Informazioni-sullEtna-Informationen-zum-Atna-Trekking-Ausfluge-zu-den-Kratern-des-Vulkans-.Information-about-Etna-trekking-excursions-informations-sur-lEtna-JPG-scaled.jpg","type":"image\/jpeg"}],"twitter_card":"summary_large_image","twitter_misc":{"Gesch\u00e4tzte Lesezeit":"1\u00a0Minute"},"schema":{"@context":"https:\/\/schema.org","@graph":[{"@type":"WebPage","@id":"https:\/\/guidevulcanologicheetna.it\/de\/informationen-zum-vulkan-aetna\/","url":"https:\/\/guidevulcanologicheetna.it\/de\/informationen-zum-vulkan-aetna\/","name":"Informationen zum Vulkan \u00c4tna, Ausfl\u00fcge, Trekking, Eruptionen, Verordnungen etc.","isPartOf":{"@id":"https:\/\/guidevulcanologicheetna.it\/de\/#website"},"primaryImageOfPage":{"@id":"https:\/\/guidevulcanologicheetna.it\/de\/informationen-zum-vulkan-aetna\/#primaryimage"},"image":{"@id":"https:\/\/guidevulcanologicheetna.it\/de\/informationen-zum-vulkan-aetna\/#primaryimage"},"thumbnailUrl":"https:\/\/guidevulcanologicheetna.it\/wp-content\/uploads\/2022\/08\/Informazioni-sullEtna-Informationen-zum-Atna-Trekking-Ausfluge-zu-den-Kratern-des-Vulkans-.Information-about-Etna-trekking-excursions-informations-sur-lEtna-JPG-scaled.jpg","datePublished":"2022-08-08T18:01:26+00:00","dateModified":"2024-02-21T11:43:59+00:00","description":"Informationen zur Aktivit\u00e4t des Vulkans \u00c4tna: Trekking, Ausfl\u00fcge, Ausfl\u00fcge, Verbote, geltende Gewerkschaftsverordnungen, sportliche Aktivit\u00e4ten usw.","breadcrumb":{"@id":"https:\/\/guidevulcanologicheetna.it\/de\/informationen-zum-vulkan-aetna\/#breadcrumb"},"inLanguage":"de","potentialAction":[{"@type":"ReadAction","target":["https:\/\/guidevulcanologicheetna.it\/de\/informationen-zum-vulkan-aetna\/"]}]},{"@type":"ImageObject","inLanguage":"de","@id":"https:\/\/guidevulcanologicheetna.it\/de\/informationen-zum-vulkan-aetna\/#primaryimage","url":"https:\/\/guidevulcanologicheetna.it\/wp-content\/uploads\/2022\/08\/Informazioni-sullEtna-Informationen-zum-Atna-Trekking-Ausfluge-zu-den-Kratern-des-Vulkans-.Information-about-Etna-trekking-excursions-informations-sur-lEtna-JPG-scaled.jpg","contentUrl":"https:\/\/guidevulcanologicheetna.it\/wp-content\/uploads\/2022\/08\/Informazioni-sullEtna-Informationen-zum-Atna-Trekking-Ausfluge-zu-den-Kratern-des-Vulkans-.Information-about-Etna-trekking-excursions-informations-sur-lEtna-JPG-scaled.jpg","width":1200,"height":800},{"@type":"BreadcrumbList","@id":"https:\/\/guidevulcanologicheetna.it\/de\/informationen-zum-vulkan-aetna\/#breadcrumb","itemListElement":[{"@type":"ListItem","position":1,"name":"Home","item":"https:\/\/guidevulcanologicheetna.it\/de\/"},{"@type":"ListItem","position":2,"name":"Nachrichten"}]},{"@type":"WebSite","@id":"https:\/\/guidevulcanologicheetna.it\/de\/#website","url":"https:\/\/guidevulcanologicheetna.it\/de\/","name":"Guide Vulcanologiche Etna Nord","description":"Guide Etna Abilitate","potentialAction":[{"@type":"SearchAction","target":{"@type":"EntryPoint","urlTemplate":"https:\/\/guidevulcanologicheetna.it\/de\/?s={search_term_string}"},"query-input":{"@type":"PropertyValueSpecification","valueRequired":true,"valueName":"search_term_string"}}],"inLanguage":"de"}]}},"_links":{"self":[{"href":"https:\/\/guidevulcanologicheetna.it\/de\/wp-json\/wp\/v2\/pages\/40516","targetHints":{"allow":["GET"]}}],"collection":[{"href":"https:\/\/guidevulcanologicheetna.it\/de\/wp-json\/wp\/v2\/pages"}],"about":[{"href":"https:\/\/guidevulcanologicheetna.it\/de\/wp-json\/wp\/v2\/types\/page"}],"author":[{"embeddable":true,"href":"https:\/\/guidevulcanologicheetna.it\/de\/wp-json\/wp\/v2\/users\/2"}],"replies":[{"embeddable":true,"href":"https:\/\/guidevulcanologicheetna.it\/de\/wp-json\/wp\/v2\/comments?post=40516"}],"version-history":[{"count":3,"href":"https:\/\/guidevulcanologicheetna.it\/de\/wp-json\/wp\/v2\/pages\/40516\/revisions"}],"predecessor-version":[{"id":47007,"href":"https:\/\/guidevulcanologicheetna.it\/de\/wp-json\/wp\/v2\/pages\/40516\/revisions\/47007"}],"wp:featuredmedia":[{"embeddable":true,"href":"https:\/\/guidevulcanologicheetna.it\/de\/wp-json\/wp\/v2\/media\/40534"}],"wp:attachment":[{"href":"https:\/\/guidevulcanologicheetna.it\/de\/wp-json\/wp\/v2\/media?parent=40516"}],"curies":[{"name":"wp","href":"https:\/\/api.w.org\/{rel}","templated":true}]}}