{"id":40938,"date":"2022-11-04T14:52:11","date_gmt":"2022-11-04T13:52:11","guid":{"rendered":"https:\/\/guidevulcanologicheetna.it\/?page_id=40938"},"modified":"2026-04-25T13:34:26","modified_gmt":"2026-04-25T11:34:26","slug":"kontakte","status":"publish","type":"page","link":"https:\/\/guidevulcanologicheetna.it\/de\/kontakte\/","title":{"rendered":"Kontakte"},"content":{"rendered":"<p>[et_pb_section fb_built=&#8220;1&#8243; fullwidth=&#8220;on&#8220; disabled_on=&#8220;on|off|off&#8220; _builder_version=&#8220;4.27.0&#8243; _module_preset=&#8220;default&#8220; locked=&#8220;off&#8220; global_colors_info=&#8220;{}&#8220;][et_pb_fullwidth_image src=&#8220;https:\/\/guidevulcanologicheetna.it\/wp-content\/uploads\/2024\/11\/Escursione-ai-crateri-sommitali-dell_etna-1.webp&#8220; alt=&#8220;Escursione ai crateri sommitali dell&#8217;etna&#8220; title_text=&#8220;Escursione ai crateri sommitali dell&#8217;etna&#8220; _builder_version=&#8220;4.27.0&#8243; _module_preset=&#8220;default&#8220; global_colors_info=&#8220;{}&#8220;][\/et_pb_fullwidth_image][\/et_pb_section][et_pb_section fb_built=&#8220;1&#8243; _builder_version=&#8220;4.27.3&#8243; _module_preset=&#8220;_initial&#8220; background_enable_image=&#8220;off&#8220; background_position=&#8220;bottom_center&#8220; custom_padding=&#8220;3px|||||&#8220; global_colors_info=&#8220;%91%93&#8243;][et_pb_row _builder_version=&#8220;4.27.3&#8243; _module_preset=&#8220;default&#8220; custom_margin=&#8220;30px|auto||auto||&#8220; custom_padding=&#8220;11px||5px|||&#8220; global_colors_info=&#8220;{}&#8220;][et_pb_column type=&#8220;4_4&#8243; _builder_version=&#8220;4.27.3&#8243; _module_preset=&#8220;default&#8220; background_color=&#8220;#FFDE59&#8243; custom_padding=&#8220;60px|60px|60px|60px|true|true&#8220; custom_padding_tablet=&#8220;30px|30px|30px|30px|true|true&#8220; custom_padding_phone=&#8220;20px|20px|20px|20px|true|true&#8220; custom_padding_last_edited=&#8220;on|tablet&#8220; border_radii=&#8220;on|30px|30px|30px|30px&#8220; global_colors_info=&#8220;{}&#8220;][et_pb_heading title=&#8220;Kontakt- und Unterst\u00fctzungsmodalit\u00e4ten f\u00fcr \u00c4tna-Exkursionen mit autorisierten Vulkanf\u00fchrern&#8220; _builder_version=&#8220;4.27.3&#8243; _module_preset=&#8220;default&#8220; title_level=&#8220;h3&#8243; title_font=&#8220;Urbanist|900||||on|||&#8220; title_text_align=&#8220;center&#8220; title_text_color=&#8220;#B81941&#8243; title_font_size=&#8220;36px&#8220; title_line_height=&#8220;1.2em&#8220; custom_margin=&#8220;||10px||false|false&#8220; title_font_size_tablet=&#8220;24px&#8220; title_font_size_phone=&#8220;18px&#8220; title_font_size_last_edited=&#8220;on|desktop&#8220; global_colors_info=&#8220;{}&#8220;][\/et_pb_heading][\/et_pb_column][\/et_pb_row][et_pb_row _builder_version=&#8220;4.27.3&#8243; _module_preset=&#8220;default&#8220; global_colors_info=&#8220;{}&#8220;][et_pb_column type=&#8220;4_4&#8243; _builder_version=&#8220;4.27.3&#8243; _module_preset=&#8220;default&#8220; global_colors_info=&#8220;{}&#8220;][et_pb_text _builder_version=&#8220;4.27.3&#8243; _module_preset=&#8220;default&#8220; text_font=&#8220;|700||||on|||&#8220; text_text_color=&#8220;#FFFFFF&#8220; text_font_size=&#8220;18px&#8220; text_orientation=&#8220;center&#8220; global_colors_info=&#8220;{}&#8220;]<\/p>\n<p data-start=\"0\" data-end=\"179\" class=\"\">F\u00fcr alle Informationen zu unseren Exkursionen laden wir Sie ein, uns telefonisch f\u00fcr schnelle Ausk\u00fcnfte, per WhatsApp oder E-Mail f\u00fcr ausf\u00fchrlichere Informationen zu kontaktieren.<\/p>\n<p data-start=\"181\" data-end=\"335\" class=\"\">Wir stellen Ihnen gerne alle notwendigen Informationen zur Verf\u00fcgung, einschlie\u00dflich Fotos, Videos und Links, um Ihre Anfragen bestm\u00f6glich zu beantworten.<\/p>\n<p>[\/et_pb_text][et_pb_text _builder_version=&#8220;4.27.3&#8243; _module_preset=&#8220;default&#8220; text_font=&#8220;|700||||on|||&#8220; text_text_color=&#8220;#FFFFFF&#8220; text_font_size=&#8220;18px&#8220; text_orientation=&#8220;center&#8220; global_colors_info=&#8220;{}&#8220;]<\/p>\n<p><span style=\"color: #ffde59;\"><strong><span style=\"font-size: xx-large;\">Alle Exkursionen sind in italienischer, englischer und franz\u00f6sischer Sprache verf\u00fcgbar<\/span><\/strong><\/span><\/p>\n<p>[\/et_pb_text][\/et_pb_column][\/et_pb_row][et_pb_row column_structure=&#8220;1_3,1_3,1_3&#8243; _builder_version=&#8220;4.25.2&#8243; _module_preset=&#8220;default&#8220; locked=&#8220;off&#8220; global_colors_info=&#8220;{}&#8220;][et_pb_column type=&#8220;1_3&#8243; _builder_version=&#8220;4.25.2&#8243; _module_preset=&#8220;default&#8220; global_colors_info=&#8220;{}&#8220;][et_pb_blurb title=&#8220;Telefon&#8220; image=&#8220;https:\/\/guidevulcanologicheetna.it\/wp-content\/uploads\/2025\/05\/jkyhjj.png&#8220; image_icon_width=&#8220;50px&#8220; content_max_width=&#8220;100%&#8220; _builder_version=&#8220;4.27.4&#8243; _module_preset=&#8220;default&#8220; header_font=&#8220;Urbanist|800||||on|||&#8220; header_text_color=&#8220;#FFFFFF&#8220; header_font_size=&#8220;24px&#8220; header_line_height=&#8220;1.3em&#8220; body_font=&#8220;Inter||||||||&#8220; body_text_color=&#8220;#FFFFFF&#8220; body_font_size=&#8220;16px&#8220; body_line_height=&#8220;1.8em&#8220; text_orientation=&#8220;center&#8220; animation=&#8220;off&#8220; header_font_size_tablet=&#8220;20px&#8220; header_font_size_phone=&#8220;16px&#8220; header_font_size_last_edited=&#8220;on|desktop&#8220; body_font_size_tablet=&#8220;15px&#8220; body_font_size_phone=&#8220;14px&#8220; body_font_size_last_edited=&#8220;on|desktop&#8220; locked=&#8220;off&#8220; global_colors_info=&#8220;{%22gcid-d7cd5a78-aaef-4f36-82a3-4d3706015cba%22:%91%22link_text_color%22,%22link_text_color%22,%22link_text_color%22%93,%22gcid-1f1b4e15-7cc6-4e13-8154-74d77a956460%22:%91%22link_text_color%22,%22quote_text_color%22,%22quote_border_color%22,%22link_text_color%22,%22quote_text_color%22,%22quote_border_color%22%93}&#8220;]<\/p>\n<p><a href=\"tel:+393533800071\">(+39) 353 3800071<\/a><\/p>\n<p><a href=\"tel:+393455741330\">(+39) 345 5741330<\/a><\/p>\n<p><a href=\"tel:+390950902235\">(+39) 095 0902235<\/a><\/p>\n<p>[\/et_pb_blurb][\/et_pb_column][et_pb_column type=&#8220;1_3&#8243; _builder_version=&#8220;4.27.4&#8243; _module_preset=&#8220;default&#8220; global_colors_info=&#8220;{}&#8220;][et_pb_blurb title=&#8220;WhatsApp&#8220; url=&#8220;https:\/\/wa.me\/393455741330&#8243; image=&#8220;https:\/\/guidevulcanologicheetna.it\/wp-content\/uploads\/2025\/05\/whatsapp-email-50-x-40-pxtjhtwa.png&#8220; image_icon_width=&#8220;50px&#8220; content_max_width=&#8220;100%&#8220; _builder_version=&#8220;4.27.3&#8243; _module_preset=&#8220;default&#8220; header_font=&#8220;Urbanist|800||||on|||&#8220; header_text_align=&#8220;center&#8220; header_text_color=&#8220;#FFFFFF&#8220; header_font_size=&#8220;24px&#8220; header_line_height=&#8220;1.3em&#8220; body_font=&#8220;Inter||||||||&#8220; body_text_color=&#8220;#FFFFFF&#8220; body_font_size=&#8220;16px&#8220; body_line_height=&#8220;1.8em&#8220; text_orientation=&#8220;center&#8220; animation=&#8220;off&#8220; link_option_url=&#8220;https:\/\/wa.me\/393455741330&#8243; link_option_url_new_window=&#8220;on&#8220; header_font_size_tablet=&#8220;20px&#8220; header_font_size_phone=&#8220;16px&#8220; header_font_size_last_edited=&#8220;on|desktop&#8220; body_font_size_tablet=&#8220;15px&#8220; body_font_size_phone=&#8220;14px&#8220; body_font_size_last_edited=&#8220;on|desktop&#8220; locked=&#8220;off&#8220; global_colors_info=&#8220;{%22gcid-d7cd5a78-aaef-4f36-82a3-4d3706015cba%22:%91%22link_text_color%22,%22link_text_color%22,%22link_text_color%22%93,%22gcid-1f1b4e15-7cc6-4e13-8154-74d77a956460%22:%91%22link_text_color%22,%22quote_text_color%22,%22quote_border_color%22,%22link_text_color%22,%22quote_text_color%22,%22quote_border_color%22%93}&#8220;]<\/p>\n<p><span style=\"color: #ffde59;\"><a href=\"https:\/\/wa.me\/393455741330\" style=\"color: #ffde59;\">(+39) 345\/5741330<\/a><\/span><\/p>\n<p>[\/et_pb_blurb][\/et_pb_column][et_pb_column type=&#8220;1_3&#8243; _builder_version=&#8220;4.25.2&#8243; _module_preset=&#8220;default&#8220; global_colors_info=&#8220;{}&#8220;][et_pb_blurb title=&#8220;Email&#8220; url=&#8220;mailto:info@guidevulcanologicheetna.it&#8220; image=&#8220;https:\/\/guidevulcanologicheetna.it\/wp-content\/uploads\/2025\/05\/whatsapp-email-50-x-40-px.png&#8220; alt=&#8220;Email Guide Etna Nord&#8220; image_icon_width=&#8220;50px&#8220; content_max_width=&#8220;100%&#8220; _builder_version=&#8220;4.27.3&#8243; _module_preset=&#8220;default&#8220; header_font=&#8220;Urbanist|800||||on|||&#8220; header_text_align=&#8220;center&#8220; header_text_color=&#8220;#FFFFFF&#8220; header_font_size=&#8220;24px&#8220; header_line_height=&#8220;1.3em&#8220; body_font=&#8220;Inter||||||||&#8220; body_text_color=&#8220;#FFFFFF&#8220; body_font_size=&#8220;16px&#8220; body_line_height=&#8220;1.8em&#8220; body_link_text_color=&#8220;#FFFFFF&#8220; text_orientation=&#8220;center&#8220; animation=&#8220;off&#8220; link_option_url=&#8220;mailto:info@guidevulcanologicheetna.it&#8220; link_option_url_new_window=&#8220;on&#8220; header_font_size_tablet=&#8220;20px&#8220; header_font_size_phone=&#8220;16px&#8220; header_font_size_last_edited=&#8220;on|desktop&#8220; body_font_size_tablet=&#8220;15px&#8220; body_font_size_phone=&#8220;14px&#8220; body_font_size_last_edited=&#8220;on|desktop&#8220; locked=&#8220;off&#8220; global_colors_info=&#8220;{%22gcid-d7cd5a78-aaef-4f36-82a3-4d3706015cba%22:%91%22link_text_color%22,%22link_text_color%22,%22link_text_color%22%93,%22gcid-1f1b4e15-7cc6-4e13-8154-74d77a956460%22:%91%22link_text_color%22,%22quote_text_color%22,%22quote_border_color%22,%22link_text_color%22,%22quote_text_color%22,%22quote_border_color%22%93,%22gcid-4c79ba3d-a281-4fb6-9b14-02f9a4c793f2%22:%91%22icon_color%22%93}&#8220;]<\/p>\n<p><a href=\"mailto:info@guidevulcanologicheetna.it\"><span style=\"color: #ffde59;\">info@guidevulcanologicheetna.it<\/span><\/a><\/p>\n<p>[\/et_pb_blurb][\/et_pb_column][\/et_pb_row][\/et_pb_section][et_pb_section fb_built=&#8220;1&#8243; admin_label=&#8220;Contact Info&#8220; _builder_version=&#8220;4.27.3&#8243; _module_preset=&#8220;_initial&#8220; background_color=&#8220;gcid-2352d280-fe84-43b1-a71e-f400c35a526a&#8220; background_image=&#8220;https:\/\/guidevulcanologicheetna.it\/wp-content\/uploads\/2025\/07\/9.png&#8220; locked=&#8220;off&#8220; global_colors_info=&#8220;{%22gcid-2352d280-fe84-43b1-a71e-f400c35a526a%22:%91%22background_color%22%93}&#8220;][\/et_pb_section]<\/p>\n","protected":false},"excerpt":{"rendered":"<p>F\u00fcr alle Informationen zu unseren Exkursionen laden wir Sie ein, uns telefonisch f\u00fcr schnelle Ausk\u00fcnfte, per WhatsApp oder E-Mail f\u00fcr ausf\u00fchrlichere Informationen zu kontaktieren. Wir stellen Ihnen gerne alle notwendigen Informationen zur Verf\u00fcgung, einschlie\u00dflich Fotos, Videos und Links, um Ihre Anfragen bestm\u00f6glich zu beantworten.Alle Exkursionen sind in italienischer, englischer und franz\u00f6sischer Sprache verf\u00fcgbar(+39) 353 3800071 [&hellip;]<\/p>\n","protected":false},"author":2,"featured_media":40229,"parent":0,"menu_order":0,"comment_status":"closed","ping_status":"closed","template":"","meta":{"_et_pb_use_builder":"on","_et_pb_old_content":"","_et_gb_content_width":"","footnotes":""},"class_list":["post-40938","page","type-page","status-publish","has-post-thumbnail","hentry"],"yoast_head":"<!-- This site is optimized with the Yoast SEO plugin v27.4 - https:\/\/yoast.com\/product\/yoast-seo-wordpress\/ -->\n<title>Kontakte der \u00c4tna-F\u00fchrer f\u00fcr weitere Informationen zu Ausfl\u00fcgen<\/title>\n<meta name=\"description\" content=\"Kontakte der \u00c4tna-F\u00fchrer f\u00fcr weitere Informationen zu Ausfl\u00fcgen zu den \u00c4tna-Kratern Informationen zu: Trekking, Touren und Exkursionen\" \/>\n<meta name=\"robots\" content=\"index, follow, max-snippet:-1, max-image-preview:large, max-video-preview:-1\" \/>\n<link rel=\"canonical\" href=\"https:\/\/guidevulcanologicheetna.it\/de\/kontakte\/\" \/>\n<meta property=\"og:locale\" content=\"de_DE\" \/>\n<meta property=\"og:type\" content=\"article\" \/>\n<meta property=\"og:title\" content=\"Kontakte der \u00c4tna-F\u00fchrer f\u00fcr weitere Informationen zu Ausfl\u00fcgen\" \/>\n<meta property=\"og:description\" content=\"Kontakte der \u00c4tna-F\u00fchrer f\u00fcr weitere Informationen zu Ausfl\u00fcgen zu den \u00c4tna-Kratern Informationen zu: Trekking, Touren und Exkursionen\" \/>\n<meta property=\"og:url\" content=\"https:\/\/guidevulcanologicheetna.it\/de\/kontakte\/\" \/>\n<meta property=\"og:site_name\" content=\"Guide Vulcanologiche Etna Nord\" \/>\n<meta property=\"article:publisher\" content=\"https:\/\/www.facebook.com\/guidevulcanologiche\/?ref=ts&amp;amp%3bamp%3bamp%3bfref=ts\" \/>\n<meta property=\"article:modified_time\" content=\"2026-04-25T11:34:26+00:00\" \/>\n<meta property=\"og:image\" content=\"https:\/\/guidevulcanologicheetna.it\/wp-content\/uploads\/2020\/09\/escursioni-aperte-ai-crateri-del-vulcano-Etna.jpg\" \/>\n\t<meta property=\"og:image:width\" content=\"1600\" \/>\n\t<meta property=\"og:image:height\" content=\"606\" \/>\n\t<meta property=\"og:image:type\" content=\"image\/jpeg\" \/>\n<meta name=\"twitter:card\" content=\"summary_large_image\" \/>\n<meta name=\"twitter:label1\" content=\"Gesch\u00e4tzte Lesezeit\" \/>\n\t<meta name=\"twitter:data1\" content=\"1\u00a0Minute\" \/>\n<script type=\"application\/ld+json\" class=\"yoast-schema-graph\">{\"@context\":\"https:\\\/\\\/schema.org\",\"@graph\":[{\"@type\":\"WebPage\",\"@id\":\"https:\\\/\\\/guidevulcanologicheetna.it\\\/de\\\/kontakte\\\/\",\"url\":\"https:\\\/\\\/guidevulcanologicheetna.it\\\/de\\\/kontakte\\\/\",\"name\":\"Kontakte der \u00c4tna-F\u00fchrer f\u00fcr weitere Informationen zu Ausfl\u00fcgen\",\"isPartOf\":{\"@id\":\"https:\\\/\\\/guidevulcanologicheetna.it\\\/de\\\/#website\"},\"primaryImageOfPage\":{\"@id\":\"https:\\\/\\\/guidevulcanologicheetna.it\\\/de\\\/kontakte\\\/#primaryimage\"},\"image\":{\"@id\":\"https:\\\/\\\/guidevulcanologicheetna.it\\\/de\\\/kontakte\\\/#primaryimage\"},\"thumbnailUrl\":\"https:\\\/\\\/guidevulcanologicheetna.it\\\/wp-content\\\/uploads\\\/2020\\\/09\\\/escursioni-aperte-ai-crateri-del-vulcano-Etna.jpg\",\"datePublished\":\"2022-11-04T13:52:11+00:00\",\"dateModified\":\"2026-04-25T11:34:26+00:00\",\"description\":\"Kontakte der \u00c4tna-F\u00fchrer f\u00fcr weitere Informationen zu Ausfl\u00fcgen zu den \u00c4tna-Kratern Informationen zu: Trekking, Touren und Exkursionen\",\"breadcrumb\":{\"@id\":\"https:\\\/\\\/guidevulcanologicheetna.it\\\/de\\\/kontakte\\\/#breadcrumb\"},\"inLanguage\":\"de\",\"potentialAction\":[{\"@type\":\"ReadAction\",\"target\":[\"https:\\\/\\\/guidevulcanologicheetna.it\\\/de\\\/kontakte\\\/\"]}]},{\"@type\":\"ImageObject\",\"inLanguage\":\"de\",\"@id\":\"https:\\\/\\\/guidevulcanologicheetna.it\\\/de\\\/kontakte\\\/#primaryimage\",\"url\":\"https:\\\/\\\/guidevulcanologicheetna.it\\\/wp-content\\\/uploads\\\/2020\\\/09\\\/escursioni-aperte-ai-crateri-del-vulcano-Etna.jpg\",\"contentUrl\":\"https:\\\/\\\/guidevulcanologicheetna.it\\\/wp-content\\\/uploads\\\/2020\\\/09\\\/escursioni-aperte-ai-crateri-del-vulcano-Etna.jpg\",\"width\":1600,\"height\":606},{\"@type\":\"BreadcrumbList\",\"@id\":\"https:\\\/\\\/guidevulcanologicheetna.it\\\/de\\\/kontakte\\\/#breadcrumb\",\"itemListElement\":[{\"@type\":\"ListItem\",\"position\":1,\"name\":\"Home\",\"item\":\"https:\\\/\\\/guidevulcanologicheetna.it\\\/de\\\/\"},{\"@type\":\"ListItem\",\"position\":2,\"name\":\"Kontakte\"}]},{\"@type\":\"WebSite\",\"@id\":\"https:\\\/\\\/guidevulcanologicheetna.it\\\/de\\\/#website\",\"url\":\"https:\\\/\\\/guidevulcanologicheetna.it\\\/de\\\/\",\"name\":\"Guide Vulcanologiche Etna Nord\",\"description\":\"Guide Etna Abilitate\",\"potentialAction\":[{\"@type\":\"SearchAction\",\"target\":{\"@type\":\"EntryPoint\",\"urlTemplate\":\"https:\\\/\\\/guidevulcanologicheetna.it\\\/de\\\/?s={search_term_string}\"},\"query-input\":{\"@type\":\"PropertyValueSpecification\",\"valueRequired\":true,\"valueName\":\"search_term_string\"}}],\"inLanguage\":\"de\"}]}<\/script>\n<!-- \/ Yoast SEO plugin. -->","yoast_head_json":{"title":"Kontakte der \u00c4tna-F\u00fchrer f\u00fcr weitere Informationen zu Ausfl\u00fcgen","description":"Kontakte der \u00c4tna-F\u00fchrer f\u00fcr weitere Informationen zu Ausfl\u00fcgen zu den \u00c4tna-Kratern Informationen zu: Trekking, Touren und Exkursionen","robots":{"index":"index","follow":"follow","max-snippet":"max-snippet:-1","max-image-preview":"max-image-preview:large","max-video-preview":"max-video-preview:-1"},"canonical":"https:\/\/guidevulcanologicheetna.it\/de\/kontakte\/","og_locale":"de_DE","og_type":"article","og_title":"Kontakte der \u00c4tna-F\u00fchrer f\u00fcr weitere Informationen zu Ausfl\u00fcgen","og_description":"Kontakte der \u00c4tna-F\u00fchrer f\u00fcr weitere Informationen zu Ausfl\u00fcgen zu den \u00c4tna-Kratern Informationen zu: Trekking, Touren und Exkursionen","og_url":"https:\/\/guidevulcanologicheetna.it\/de\/kontakte\/","og_site_name":"Guide Vulcanologiche Etna Nord","article_publisher":"https:\/\/www.facebook.com\/guidevulcanologiche\/?ref=ts&amp%3bamp%3bamp%3bfref=ts","article_modified_time":"2026-04-25T11:34:26+00:00","og_image":[{"width":1600,"height":606,"url":"https:\/\/guidevulcanologicheetna.it\/wp-content\/uploads\/2020\/09\/escursioni-aperte-ai-crateri-del-vulcano-Etna.jpg","type":"image\/jpeg"}],"twitter_card":"summary_large_image","twitter_misc":{"Gesch\u00e4tzte Lesezeit":"1\u00a0Minute"},"schema":{"@context":"https:\/\/schema.org","@graph":[{"@type":"WebPage","@id":"https:\/\/guidevulcanologicheetna.it\/de\/kontakte\/","url":"https:\/\/guidevulcanologicheetna.it\/de\/kontakte\/","name":"Kontakte der \u00c4tna-F\u00fchrer f\u00fcr weitere Informationen zu Ausfl\u00fcgen","isPartOf":{"@id":"https:\/\/guidevulcanologicheetna.it\/de\/#website"},"primaryImageOfPage":{"@id":"https:\/\/guidevulcanologicheetna.it\/de\/kontakte\/#primaryimage"},"image":{"@id":"https:\/\/guidevulcanologicheetna.it\/de\/kontakte\/#primaryimage"},"thumbnailUrl":"https:\/\/guidevulcanologicheetna.it\/wp-content\/uploads\/2020\/09\/escursioni-aperte-ai-crateri-del-vulcano-Etna.jpg","datePublished":"2022-11-04T13:52:11+00:00","dateModified":"2026-04-25T11:34:26+00:00","description":"Kontakte der \u00c4tna-F\u00fchrer f\u00fcr weitere Informationen zu Ausfl\u00fcgen zu den \u00c4tna-Kratern Informationen zu: Trekking, Touren und Exkursionen","breadcrumb":{"@id":"https:\/\/guidevulcanologicheetna.it\/de\/kontakte\/#breadcrumb"},"inLanguage":"de","potentialAction":[{"@type":"ReadAction","target":["https:\/\/guidevulcanologicheetna.it\/de\/kontakte\/"]}]},{"@type":"ImageObject","inLanguage":"de","@id":"https:\/\/guidevulcanologicheetna.it\/de\/kontakte\/#primaryimage","url":"https:\/\/guidevulcanologicheetna.it\/wp-content\/uploads\/2020\/09\/escursioni-aperte-ai-crateri-del-vulcano-Etna.jpg","contentUrl":"https:\/\/guidevulcanologicheetna.it\/wp-content\/uploads\/2020\/09\/escursioni-aperte-ai-crateri-del-vulcano-Etna.jpg","width":1600,"height":606},{"@type":"BreadcrumbList","@id":"https:\/\/guidevulcanologicheetna.it\/de\/kontakte\/#breadcrumb","itemListElement":[{"@type":"ListItem","position":1,"name":"Home","item":"https:\/\/guidevulcanologicheetna.it\/de\/"},{"@type":"ListItem","position":2,"name":"Kontakte"}]},{"@type":"WebSite","@id":"https:\/\/guidevulcanologicheetna.it\/de\/#website","url":"https:\/\/guidevulcanologicheetna.it\/de\/","name":"Guide Vulcanologiche Etna Nord","description":"Guide Etna Abilitate","potentialAction":[{"@type":"SearchAction","target":{"@type":"EntryPoint","urlTemplate":"https:\/\/guidevulcanologicheetna.it\/de\/?s={search_term_string}"},"query-input":{"@type":"PropertyValueSpecification","valueRequired":true,"valueName":"search_term_string"}}],"inLanguage":"de"}]}},"_links":{"self":[{"href":"https:\/\/guidevulcanologicheetna.it\/de\/wp-json\/wp\/v2\/pages\/40938","targetHints":{"allow":["GET"]}}],"collection":[{"href":"https:\/\/guidevulcanologicheetna.it\/de\/wp-json\/wp\/v2\/pages"}],"about":[{"href":"https:\/\/guidevulcanologicheetna.it\/de\/wp-json\/wp\/v2\/types\/page"}],"author":[{"embeddable":true,"href":"https:\/\/guidevulcanologicheetna.it\/de\/wp-json\/wp\/v2\/users\/2"}],"replies":[{"embeddable":true,"href":"https:\/\/guidevulcanologicheetna.it\/de\/wp-json\/wp\/v2\/comments?post=40938"}],"version-history":[{"count":3,"href":"https:\/\/guidevulcanologicheetna.it\/de\/wp-json\/wp\/v2\/pages\/40938\/revisions"}],"predecessor-version":[{"id":62715,"href":"https:\/\/guidevulcanologicheetna.it\/de\/wp-json\/wp\/v2\/pages\/40938\/revisions\/62715"}],"wp:featuredmedia":[{"embeddable":true,"href":"https:\/\/guidevulcanologicheetna.it\/de\/wp-json\/wp\/v2\/media\/40229"}],"wp:attachment":[{"href":"https:\/\/guidevulcanologicheetna.it\/de\/wp-json\/wp\/v2\/media?parent=40938"}],"curies":[{"name":"wp","href":"https:\/\/api.w.org\/{rel}","templated":true}]}}