{"id":42714,"date":"2023-03-12T10:45:57","date_gmt":"2023-03-12T09:45:57","guid":{"rendered":"https:\/\/guidevulcanologicheetna.it\/?page_id=42714"},"modified":"2026-01-07T20:35:47","modified_gmt":"2026-01-07T19:35:47","slug":"aetna-live-webcam","status":"publish","type":"page","link":"https:\/\/guidevulcanologicheetna.it\/de\/aetna-live-webcam\/","title":{"rendered":"\u00c4tna &#8211; Live-Webcam"},"content":{"rendered":"<p>[et_pb_section fb_built=&#8220;1&#8243; disabled_on=&#8220;on|on|off&#8220; _builder_version=&#8220;4.27.3&#8243; _module_preset=&#8220;12cef05a-4e52-4384-8146-d882bc82d2d1&#8243; min_height=&#8220;74px&#8220; custom_margin=&#8220;-3px||-3px||true|&#8220; custom_padding=&#8220;6px||6px||true|&#8220; locked=&#8220;off&#8220; global_colors_info=&#8220;{}&#8220;][et_pb_row column_structure=&#8220;1_3,1_3,1_3&#8243; _builder_version=&#8220;4.27.3&#8243; _module_preset=&#8220;default&#8220; width=&#8220;45%&#8220; max_width=&#8220;2560px&#8220; custom_padding=&#8220;13px|||||&#8220; global_colors_info=&#8220;{}&#8220;][et_pb_column type=&#8220;1_3&#8243; _builder_version=&#8220;4.27.3&#8243; _module_preset=&#8220;default&#8220; global_colors_info=&#8220;{}&#8220;][et_pb_button button_url=&#8220;https:\/\/guidevulcanologicheetna.com\/de\/telefonkontakt-vulkanologische-fuhrer-atna-nord&#8220; button_text=&#8220;iiiiiiiiiiiiiiiiiiiiiiii&#8220; button_alignment=&#8220;center&#8220; _builder_version=&#8220;4.27.4&#8243; _module_preset=&#8220;default&#8220; custom_button=&#8220;on&#8220; button_text_color=&#8220;RGBA(255,255,255,0)&#8220; button_bg_image=&#8220;https:\/\/guidevulcanologicheetna.it\/wp-content\/uploads\/2024\/11\/35-1.png&#8220; button_border_radius=&#8220;20px&#8220; box_shadow_style=&#8220;preset1&#8243; box_shadow_vertical=&#8220;0px&#8220; box_shadow_blur=&#8220;9px&#8220; box_shadow_color=&#8220;#FFDE59&#8243; global_colors_info=&#8220;{}&#8220;][\/et_pb_button][\/et_pb_column][et_pb_column type=&#8220;1_3&#8243; _builder_version=&#8220;4.27.3&#8243; _module_preset=&#8220;default&#8220; global_colors_info=&#8220;{}&#8220;][et_pb_button button_url=&#8220;mailto:info.guidevulcanologicheetna@gmail.com&#8220; button_text=&#8220;iiiiiiiiiiiiiiiiiiiiiiii&#8220; button_alignment=&#8220;center&#8220; _builder_version=&#8220;4.27.3&#8243; _module_preset=&#8220;default&#8220; custom_button=&#8220;on&#8220; button_text_color=&#8220;RGBA(255,255,255,0)&#8220; button_bg_image=&#8220;https:\/\/guidevulcanologicheetna.it\/wp-content\/uploads\/2024\/11\/32-2.png&#8220; button_border_radius=&#8220;20px&#8220; box_shadow_style=&#8220;preset1&#8243; box_shadow_vertical=&#8220;0px&#8220; box_shadow_blur=&#8220;9px&#8220; box_shadow_color=&#8220;#FFDE59&#8243; global_colors_info=&#8220;{}&#8220;][\/et_pb_button][\/et_pb_column][et_pb_column type=&#8220;1_3&#8243; _builder_version=&#8220;4.27.3&#8243; _module_preset=&#8220;default&#8220; global_colors_info=&#8220;{}&#8220;][et_pb_button button_url=&#8220;https:\/\/wa.me\/393455741330&#8243; button_text=&#8220;iiiiiiiiiiiiiiiiiiiiiiii&#8220; button_alignment=&#8220;center&#8220; _builder_version=&#8220;4.27.3&#8243; _module_preset=&#8220;default&#8220; custom_button=&#8220;on&#8220; button_text_color=&#8220;RGBA(255,255,255,0)&#8220; button_bg_image=&#8220;https:\/\/guidevulcanologicheetna.it\/wp-content\/uploads\/2024\/11\/33-3.png&#8220; button_border_radius=&#8220;20px&#8220; box_shadow_style=&#8220;preset1&#8243; box_shadow_vertical=&#8220;0px&#8220; box_shadow_blur=&#8220;9px&#8220; box_shadow_color=&#8220;#FFDE59&#8243; global_colors_info=&#8220;{}&#8220;][\/et_pb_button][\/et_pb_column][\/et_pb_row][\/et_pb_section][et_pb_section fb_built=&#8220;1&#8243; _builder_version=&#8220;4.16&#8243; global_colors_info=&#8220;{}&#8220;][et_pb_row _builder_version=&#8220;4.24.1&#8243; _module_preset=&#8220;default&#8220; width=&#8220;90%&#8220; max_width=&#8220;100%&#8220; custom_padding=&#8220;50px||||false|false&#8220; global_colors_info=&#8220;{}&#8220;][et_pb_column type=&#8220;4_4&#8243; _builder_version=&#8220;4.24.1&#8243; _module_preset=&#8220;default&#8220; global_colors_info=&#8220;{}&#8220;][et_pb_text _builder_version=&#8220;4.24.1&#8243; _module_preset=&#8220;default&#8220; global_colors_info=&#8220;{}&#8220;]<\/p>\n<h4><img loading=\"lazy\" decoding=\"async\" class=\"wp-image-29128  aligncenter\" src=\"https:\/\/guidevulcanologicheetna.it\/wp-content\/uploads\/2017\/07\/logo-guide-copia-e1500726756347.png\" alt=\"logo guide\" width=\"75\" height=\"75\" srcset=\"https:\/\/guidevulcanologicheetna.it\/wp-content\/uploads\/2017\/07\/logo-guide-copia-e1500726756347.png 200w, https:\/\/guidevulcanologicheetna.it\/wp-content\/uploads\/2017\/07\/logo-guide-copia-e1500726756347-100x100.png 100w\" sizes=\"(max-width: 75px) 100vw, 75px\" \/><\/h4>\n<h4 style=\"text-align: center;\"><span style=\"color: #ffffff;\">Verfolgen Sie unsere Live-Webcams auf dem Vulkan, Blick auf den Nordhang des \u00c4tna<\/span><\/h4>\n<p>[\/et_pb_text][\/et_pb_column][\/et_pb_row][et_pb_row column_structure=&#8220;1_2,1_2&#8243; use_custom_gutter=&#8220;on&#8220; gutter_width=&#8220;2&#8243; _builder_version=&#8220;4.27.0&#8243; background_size=&#8220;initial&#8220; background_position=&#8220;top_left&#8220; background_repeat=&#8220;repeat&#8220; width=&#8220;90%&#8220; max_width=&#8220;100%&#8220; custom_padding=&#8220;50px||50px||true|false&#8220; global_colors_info=&#8220;{}&#8220;][et_pb_column type=&#8220;1_2&#8243; _builder_version=&#8220;4.16&#8243; custom_padding=&#8220;|||&#8220; global_colors_info=&#8220;{}&#8220; custom_padding__hover=&#8220;|||&#8220;][et_pb_text _builder_version=&#8220;4.27.0&#8243; background_size=&#8220;initial&#8220; background_position=&#8220;top_left&#8220; background_repeat=&#8220;repeat&#8220; global_colors_info=&#8220;{}&#8220;]<\/p>\n<p style=\"text-align: center;\"><iframe loading=\"lazy\" src=\"\/\/www.skylinewebcams.com\/webcam\/italia\/sicilia\/catania\/vulcano-etna.html?w=741\" width=\"800\" height=\"500\" frameborder=\"0\" marginwidth=\"0\" marginheight=\"0\" scrolling=\"no\" allowfullscreen=\"allowfullscreen\">&amp;lt;span data-mce-type=&#8220;bookmark&#8220; style=&#8220;display: inline-block; width: 0px; overflow: hidden; line-height: 0;&#8220; class=&#8220;mce_SELRES_start&#8220;&amp;gt;&amp;lt;\/span&amp;gt;<\/iframe><\/p>\n<p>[\/et_pb_text][et_pb_text _builder_version=&#8220;4.24.1&#8243; _module_preset=&#8220;default&#8220; global_colors_info=&#8220;{}&#8220;]<\/p>\n<h3 style=\"text-align: center;\"><span style=\"color: #ffffff;\"><strong>Live-Webcam auf dem \u00c4tna \u2013 Am Vulkanologischen Observatorium auf 2800 m H\u00f6he (\u00c4tna Nord), Blick auf die Krater am Gipfel<\/strong><\/span><\/h3>\n<p>&nbsp;<\/p>\n<p>[\/et_pb_text][\/et_pb_column][et_pb_column type=&#8220;1_2&#8243; _builder_version=&#8220;4.16&#8243; custom_padding=&#8220;|||&#8220; global_colors_info=&#8220;{}&#8220; custom_padding__hover=&#8220;|||&#8220;][et_pb_text _builder_version=&#8220;4.27.0&#8243; background_size=&#8220;initial&#8220; background_position=&#8220;top_left&#8220; background_repeat=&#8220;repeat&#8220; global_colors_info=&#8220;{}&#8220;]<\/p>\n<p style=\"text-align: center;\"><iframe loading=\"lazy\" src=\"https:\/\/www.skylinewebcams.com\/webcam\/italia\/sicilia\/catania\/vulcano-etna-versante-nord.html?w=1737\" width=\"800\" height=\"500\" frameborder=\"0\" marginwidth=\"0\" marginheight=\"0\" scrolling=\"no\" allowfullscreen=\"allowfullscreen\"><\/iframe><\/p>\n<p>[\/et_pb_text][et_pb_text _builder_version=&#8220;4.27.4&#8243; _module_preset=&#8220;default&#8220; global_colors_info=&#8220;{}&#8220;]<\/p>\n<h3 style=\"text-align: center;\"><span style=\"color: #ffffff;\"><strong>Blick auf den Nordhang des \u00c4tna<\/strong><\/span><\/h3>\n<p>[\/et_pb_text][\/et_pb_column][\/et_pb_row][\/et_pb_section]<\/p>\n","protected":false},"excerpt":{"rendered":"<p>Verfolgen Sie unsere Live-Webcams auf dem Vulkan, Blick auf den Nordhang des \u00c4tna&amp;lt;span data-mce-type=&#8220;bookmark&#8220; style=&#8220;display: inline-block; width: 0px; overflow: hidden; line-height: 0;&#8220; class=&#8220;mce_SELRES_start&#8220;&amp;gt;&amp;lt;\/span&amp;gt;Live-Webcam auf dem \u00c4tna \u2013 Am Vulkanologischen Observatorium auf 2800 m H\u00f6he (\u00c4tna Nord), Blick auf die Krater am Gipfel &nbsp;Blick auf den Nordhang des \u00c4tna<\/p>\n","protected":false},"author":2,"featured_media":40417,"parent":0,"menu_order":0,"comment_status":"closed","ping_status":"closed","template":"","meta":{"_et_pb_use_builder":"on","_et_pb_old_content":"","_et_gb_content_width":"","footnotes":""},"class_list":["post-42714","page","type-page","status-publish","has-post-thumbnail","hentry"],"yoast_head":"<!-- This site is optimized with the Yoast SEO plugin v27.3 - https:\/\/yoast.com\/product\/yoast-seo-wordpress\/ -->\n<title>\u00c4tna-Webcam live auf dem Vulkan<\/title>\n<meta name=\"description\" content=\"\u00c4tna-Webcam live auf dem Vulkan, Blick von der Nordseite bis zu den Gipfelkratern, vom S\u00fcdostkrater bis zum Nordostkrater\" \/>\n<meta name=\"robots\" content=\"index, follow, max-snippet:-1, max-image-preview:large, max-video-preview:-1\" \/>\n<link rel=\"canonical\" href=\"https:\/\/guidevulcanologicheetna.it\/de\/aetna-live-webcam\/\" \/>\n<meta property=\"og:locale\" content=\"de_DE\" \/>\n<meta property=\"og:type\" content=\"article\" \/>\n<meta property=\"og:title\" content=\"\u00c4tna-Webcam live auf dem Vulkan\" \/>\n<meta property=\"og:description\" content=\"\u00c4tna-Webcam live auf dem Vulkan, Blick von der Nordseite bis zu den Gipfelkratern, vom S\u00fcdostkrater bis zum Nordostkrater\" \/>\n<meta property=\"og:url\" content=\"https:\/\/guidevulcanologicheetna.it\/de\/aetna-live-webcam\/\" \/>\n<meta property=\"og:site_name\" content=\"Guide Vulcanologiche Etna Nord\" \/>\n<meta property=\"article:publisher\" content=\"https:\/\/www.facebook.com\/guidevulcanologiche\/?ref=ts&amp;amp%3bamp%3bamp%3bfref=ts\" \/>\n<meta property=\"article:modified_time\" content=\"2026-01-07T19:35:47+00:00\" \/>\n<meta property=\"og:image\" content=\"https:\/\/guidevulcanologicheetna.it\/wp-content\/uploads\/2022\/05\/Excursion-on-mount-Etna-during-one-eruption-scaled.jpg\" \/>\n\t<meta property=\"og:image:width\" content=\"2560\" \/>\n\t<meta property=\"og:image:height\" content=\"1707\" \/>\n\t<meta property=\"og:image:type\" content=\"image\/jpeg\" \/>\n<meta name=\"twitter:card\" content=\"summary_large_image\" \/>\n<meta name=\"twitter:label1\" content=\"Gesch\u00e4tzte Lesezeit\" \/>\n\t<meta name=\"twitter:data1\" content=\"1\u00a0Minute\" \/>\n<script type=\"application\/ld+json\" class=\"yoast-schema-graph\">{\"@context\":\"https:\\\/\\\/schema.org\",\"@graph\":[{\"@type\":\"WebPage\",\"@id\":\"https:\\\/\\\/guidevulcanologicheetna.it\\\/de\\\/aetna-live-webcam\\\/\",\"url\":\"https:\\\/\\\/guidevulcanologicheetna.it\\\/de\\\/aetna-live-webcam\\\/\",\"name\":\"\u00c4tna-Webcam live auf dem Vulkan\",\"isPartOf\":{\"@id\":\"https:\\\/\\\/guidevulcanologicheetna.it\\\/de\\\/#website\"},\"primaryImageOfPage\":{\"@id\":\"https:\\\/\\\/guidevulcanologicheetna.it\\\/de\\\/aetna-live-webcam\\\/#primaryimage\"},\"image\":{\"@id\":\"https:\\\/\\\/guidevulcanologicheetna.it\\\/de\\\/aetna-live-webcam\\\/#primaryimage\"},\"thumbnailUrl\":\"https:\\\/\\\/guidevulcanologicheetna.it\\\/wp-content\\\/uploads\\\/2022\\\/05\\\/Excursion-on-mount-Etna-during-one-eruption-scaled.jpg\",\"datePublished\":\"2023-03-12T09:45:57+00:00\",\"dateModified\":\"2026-01-07T19:35:47+00:00\",\"description\":\"\u00c4tna-Webcam live auf dem Vulkan, Blick von der Nordseite bis zu den Gipfelkratern, vom S\u00fcdostkrater bis zum Nordostkrater\",\"breadcrumb\":{\"@id\":\"https:\\\/\\\/guidevulcanologicheetna.it\\\/de\\\/aetna-live-webcam\\\/#breadcrumb\"},\"inLanguage\":\"de\",\"potentialAction\":[{\"@type\":\"ReadAction\",\"target\":[\"https:\\\/\\\/guidevulcanologicheetna.it\\\/de\\\/aetna-live-webcam\\\/\"]}]},{\"@type\":\"ImageObject\",\"inLanguage\":\"de\",\"@id\":\"https:\\\/\\\/guidevulcanologicheetna.it\\\/de\\\/aetna-live-webcam\\\/#primaryimage\",\"url\":\"https:\\\/\\\/guidevulcanologicheetna.it\\\/wp-content\\\/uploads\\\/2022\\\/05\\\/Excursion-on-mount-Etna-during-one-eruption-scaled.jpg\",\"contentUrl\":\"https:\\\/\\\/guidevulcanologicheetna.it\\\/wp-content\\\/uploads\\\/2022\\\/05\\\/Excursion-on-mount-Etna-during-one-eruption-scaled.jpg\",\"width\":2560,\"height\":1707},{\"@type\":\"BreadcrumbList\",\"@id\":\"https:\\\/\\\/guidevulcanologicheetna.it\\\/de\\\/aetna-live-webcam\\\/#breadcrumb\",\"itemListElement\":[{\"@type\":\"ListItem\",\"position\":1,\"name\":\"Home\",\"item\":\"https:\\\/\\\/guidevulcanologicheetna.it\\\/de\\\/\"},{\"@type\":\"ListItem\",\"position\":2,\"name\":\"\u00c4tna &#8211; Live-Webcam\"}]},{\"@type\":\"WebSite\",\"@id\":\"https:\\\/\\\/guidevulcanologicheetna.it\\\/de\\\/#website\",\"url\":\"https:\\\/\\\/guidevulcanologicheetna.it\\\/de\\\/\",\"name\":\"Guide Vulcanologiche Etna Nord\",\"description\":\"Guide Etna Abilitate\",\"potentialAction\":[{\"@type\":\"SearchAction\",\"target\":{\"@type\":\"EntryPoint\",\"urlTemplate\":\"https:\\\/\\\/guidevulcanologicheetna.it\\\/de\\\/?s={search_term_string}\"},\"query-input\":{\"@type\":\"PropertyValueSpecification\",\"valueRequired\":true,\"valueName\":\"search_term_string\"}}],\"inLanguage\":\"de\"}]}<\/script>\n<!-- \/ Yoast SEO plugin. -->","yoast_head_json":{"title":"\u00c4tna-Webcam live auf dem Vulkan","description":"\u00c4tna-Webcam live auf dem Vulkan, Blick von der Nordseite bis zu den Gipfelkratern, vom S\u00fcdostkrater bis zum Nordostkrater","robots":{"index":"index","follow":"follow","max-snippet":"max-snippet:-1","max-image-preview":"max-image-preview:large","max-video-preview":"max-video-preview:-1"},"canonical":"https:\/\/guidevulcanologicheetna.it\/de\/aetna-live-webcam\/","og_locale":"de_DE","og_type":"article","og_title":"\u00c4tna-Webcam live auf dem Vulkan","og_description":"\u00c4tna-Webcam live auf dem Vulkan, Blick von der Nordseite bis zu den Gipfelkratern, vom S\u00fcdostkrater bis zum Nordostkrater","og_url":"https:\/\/guidevulcanologicheetna.it\/de\/aetna-live-webcam\/","og_site_name":"Guide Vulcanologiche Etna Nord","article_publisher":"https:\/\/www.facebook.com\/guidevulcanologiche\/?ref=ts&amp%3bamp%3bamp%3bfref=ts","article_modified_time":"2026-01-07T19:35:47+00:00","og_image":[{"width":2560,"height":1707,"url":"https:\/\/guidevulcanologicheetna.it\/wp-content\/uploads\/2022\/05\/Excursion-on-mount-Etna-during-one-eruption-scaled.jpg","type":"image\/jpeg"}],"twitter_card":"summary_large_image","twitter_misc":{"Gesch\u00e4tzte Lesezeit":"1\u00a0Minute"},"schema":{"@context":"https:\/\/schema.org","@graph":[{"@type":"WebPage","@id":"https:\/\/guidevulcanologicheetna.it\/de\/aetna-live-webcam\/","url":"https:\/\/guidevulcanologicheetna.it\/de\/aetna-live-webcam\/","name":"\u00c4tna-Webcam live auf dem Vulkan","isPartOf":{"@id":"https:\/\/guidevulcanologicheetna.it\/de\/#website"},"primaryImageOfPage":{"@id":"https:\/\/guidevulcanologicheetna.it\/de\/aetna-live-webcam\/#primaryimage"},"image":{"@id":"https:\/\/guidevulcanologicheetna.it\/de\/aetna-live-webcam\/#primaryimage"},"thumbnailUrl":"https:\/\/guidevulcanologicheetna.it\/wp-content\/uploads\/2022\/05\/Excursion-on-mount-Etna-during-one-eruption-scaled.jpg","datePublished":"2023-03-12T09:45:57+00:00","dateModified":"2026-01-07T19:35:47+00:00","description":"\u00c4tna-Webcam live auf dem Vulkan, Blick von der Nordseite bis zu den Gipfelkratern, vom S\u00fcdostkrater bis zum Nordostkrater","breadcrumb":{"@id":"https:\/\/guidevulcanologicheetna.it\/de\/aetna-live-webcam\/#breadcrumb"},"inLanguage":"de","potentialAction":[{"@type":"ReadAction","target":["https:\/\/guidevulcanologicheetna.it\/de\/aetna-live-webcam\/"]}]},{"@type":"ImageObject","inLanguage":"de","@id":"https:\/\/guidevulcanologicheetna.it\/de\/aetna-live-webcam\/#primaryimage","url":"https:\/\/guidevulcanologicheetna.it\/wp-content\/uploads\/2022\/05\/Excursion-on-mount-Etna-during-one-eruption-scaled.jpg","contentUrl":"https:\/\/guidevulcanologicheetna.it\/wp-content\/uploads\/2022\/05\/Excursion-on-mount-Etna-during-one-eruption-scaled.jpg","width":2560,"height":1707},{"@type":"BreadcrumbList","@id":"https:\/\/guidevulcanologicheetna.it\/de\/aetna-live-webcam\/#breadcrumb","itemListElement":[{"@type":"ListItem","position":1,"name":"Home","item":"https:\/\/guidevulcanologicheetna.it\/de\/"},{"@type":"ListItem","position":2,"name":"\u00c4tna &#8211; Live-Webcam"}]},{"@type":"WebSite","@id":"https:\/\/guidevulcanologicheetna.it\/de\/#website","url":"https:\/\/guidevulcanologicheetna.it\/de\/","name":"Guide Vulcanologiche Etna Nord","description":"Guide Etna Abilitate","potentialAction":[{"@type":"SearchAction","target":{"@type":"EntryPoint","urlTemplate":"https:\/\/guidevulcanologicheetna.it\/de\/?s={search_term_string}"},"query-input":{"@type":"PropertyValueSpecification","valueRequired":true,"valueName":"search_term_string"}}],"inLanguage":"de"}]}},"_links":{"self":[{"href":"https:\/\/guidevulcanologicheetna.it\/de\/wp-json\/wp\/v2\/pages\/42714","targetHints":{"allow":["GET"]}}],"collection":[{"href":"https:\/\/guidevulcanologicheetna.it\/de\/wp-json\/wp\/v2\/pages"}],"about":[{"href":"https:\/\/guidevulcanologicheetna.it\/de\/wp-json\/wp\/v2\/types\/page"}],"author":[{"embeddable":true,"href":"https:\/\/guidevulcanologicheetna.it\/de\/wp-json\/wp\/v2\/users\/2"}],"replies":[{"embeddable":true,"href":"https:\/\/guidevulcanologicheetna.it\/de\/wp-json\/wp\/v2\/comments?post=42714"}],"version-history":[{"count":18,"href":"https:\/\/guidevulcanologicheetna.it\/de\/wp-json\/wp\/v2\/pages\/42714\/revisions"}],"predecessor-version":[{"id":62066,"href":"https:\/\/guidevulcanologicheetna.it\/de\/wp-json\/wp\/v2\/pages\/42714\/revisions\/62066"}],"wp:featuredmedia":[{"embeddable":true,"href":"https:\/\/guidevulcanologicheetna.it\/de\/wp-json\/wp\/v2\/media\/40417"}],"wp:attachment":[{"href":"https:\/\/guidevulcanologicheetna.it\/de\/wp-json\/wp\/v2\/media?parent=42714"}],"curies":[{"name":"wp","href":"https:\/\/api.w.org\/{rel}","templated":true}]}}