{"id":43294,"date":"2023-05-08T13:14:25","date_gmt":"2023-05-08T11:14:25","guid":{"rendered":"https:\/\/guidevulcanologicheetna.it\/?page_id=43294"},"modified":"2023-05-08T13:14:36","modified_gmt":"2023-05-08T11:14:36","slug":"disclaimer","status":"publish","type":"page","link":"https:\/\/guidevulcanologicheetna.it\/de\/disclaimer\/","title":{"rendered":"Disclaimer"},"content":{"rendered":"<p>[et_pb_section fb_built=&#8220;1&#8243; fullwidth=&#8220;on&#8220; _builder_version=&#8220;4.16&#8243; background_color=&#8220;rgba(255,255,255,0)&#8220; transparent_background=&#8220;on&#8220; global_colors_info=&#8220;{}&#8220;][et_pb_fullwidth_header title=&#8220;LIBERATORIA | DISCLAIMER | ACCEPTATION DU R\u00c8GLEMENT | EINSCHREIBUNGSFORMULAR | ACEPTACION DE LAS REGLAS &#8220; text_orientation=&#8220;center&#8220; header_fullscreen=&#8220;on&#8220; background_overlay_color=&#8220;rgba(0,0,0,0.5)&#8220; logo_image_url=&#8220;https:\/\/guidevulcanologicheetna.it\/wp-content\/uploads\/2017\/03\/Guide_vulcanologiche_Etna_Logo_200.png&#8220; _builder_version=&#8220;4.18.1&#8243; title_line_height=&#8220;1.4em&#8220; background_color=&#8220;rgba(255,255,255,0)&#8220; background_image=&#8220;https:\/\/guidevulcanologicheetna.it\/wp-content\/uploads\/2017\/04\/Guide_Vulcanologiche_Etna_BG-1.jpg&#8220; hover_enabled=&#8220;0&#8243; global_colors_info=&#8220;{}&#8220; button_one_text_size__hover_enabled=&#8220;off&#8220; button_one_text_size__hover=&#8220;null&#8220; button_two_text_size__hover_enabled=&#8220;off&#8220; button_two_text_size__hover=&#8220;null&#8220; button_one_text_color__hover_enabled=&#8220;off&#8220; button_one_text_color__hover=&#8220;null&#8220; button_two_text_color__hover_enabled=&#8220;off&#8220; button_two_text_color__hover=&#8220;null&#8220; button_one_border_width__hover_enabled=&#8220;off&#8220; button_one_border_width__hover=&#8220;null&#8220; button_two_border_width__hover_enabled=&#8220;off&#8220; button_two_border_width__hover=&#8220;null&#8220; button_one_border_color__hover_enabled=&#8220;off&#8220; button_one_border_color__hover=&#8220;null&#8220; button_two_border_color__hover_enabled=&#8220;off&#8220; button_two_border_color__hover=&#8220;null&#8220; button_one_border_radius__hover_enabled=&#8220;off&#8220; button_one_border_radius__hover=&#8220;null&#8220; button_two_border_radius__hover_enabled=&#8220;off&#8220; button_two_border_radius__hover=&#8220;null&#8220; button_one_letter_spacing__hover_enabled=&#8220;off&#8220; button_one_letter_spacing__hover=&#8220;null&#8220; button_two_letter_spacing__hover_enabled=&#8220;off&#8220; button_two_letter_spacing__hover=&#8220;null&#8220; button_one_bg_color__hover_enabled=&#8220;off&#8220; button_one_bg_color__hover=&#8220;null&#8220; button_two_bg_color__hover_enabled=&#8220;off&#8220; button_two_bg_color__hover=&#8220;null&#8220; sticky_enabled=&#8220;0&#8243;][\/et_pb_fullwidth_header][\/et_pb_section][et_pb_section fb_built=&#8220;1&#8243; admin_label=&#8220;section&#8220; _builder_version=&#8220;4.16&#8243; background_color=&#8220;rgba(0,0,0,0.8)&#8220; custom_padding=&#8220;5%||5%||true|&#8220; transparent_background=&#8220;off&#8220; global_colors_info=&#8220;{}&#8220;][et_pb_row column_structure=&#8220;1_6,1_6,1_6,1_6,1_6,1_6&#8243; use_custom_gutter=&#8220;on&#8220; gutter_width=&#8220;2&#8243; _builder_version=&#8220;4.16&#8243; width=&#8220;100%&#8220; max_width=&#8220;1200px&#8220; global_colors_info=&#8220;{}&#8220;][et_pb_column type=&#8220;1_6&#8243; _builder_version=&#8220;4.16&#8243; global_colors_info=&#8220;{}&#8220;][et_pb_blurb title=&#8220;Dichiarazione di consenso informato per gruppo&#8220; url=&#8220;https:\/\/guidevulcanologicheetna.it\/wp-content\/uploads\/2019\/09\/Dichiarazione-di-consenso-informato-per-un-gruppo-di-partecipanti.pdf&#8220; image=&#8220;https:\/\/guidevulcanologicheetna.it\/wp-content\/uploads\/2019\/09\/group-1.png&#8220; _builder_version=&#8220;4.16&#8243; header_line_height=&#8220;1.4em&#8220; text_orientation=&#8220;center&#8220; background_layout=&#8220;dark&#8220; width=&#8220;100%&#8220; link_option_url=&#8220;https:\/\/guidevulcanologicheetna.it\/wp-content\/uploads\/2019\/09\/Dichiarazione-di-consenso-informato-per-un-gruppo-di-partecipanti.pdf&#8220; global_colors_info=&#8220;{}&#8220;][\/et_pb_blurb][\/et_pb_column][et_pb_column type=&#8220;1_6&#8243; _builder_version=&#8220;4.16&#8243; global_colors_info=&#8220;{}&#8220;][et_pb_blurb title=&#8220;Modulo di iscrizione all&#8217;escursione e contestuale liberatoria&#8220; url=&#8220;https:\/\/guidevulcanologicheetna.it\/wp-content\/uploads\/2019\/09\/liberatoria-Italiano.pdf&#8220; image=&#8220;https:\/\/guidevulcanologicheetna.it\/wp-content\/uploads\/2019\/09\/it-it.png&#8220; _builder_version=&#8220;4.16&#8243; header_line_height=&#8220;1.4em&#8220; text_orientation=&#8220;center&#8220; background_layout=&#8220;dark&#8220; width=&#8220;100%&#8220; link_option_url=&#8220;https:\/\/guidevulcanologicheetna.it\/wp-content\/uploads\/2019\/09\/liberatoria-Italiano.pdf&#8220; global_colors_info=&#8220;{}&#8220;][\/et_pb_blurb][\/et_pb_column][et_pb_column type=&#8220;1_6&#8243; _builder_version=&#8220;4.16&#8243; global_colors_info=&#8220;{}&#8220;][et_pb_blurb title=&#8220;Entry form for the tour and disclaimer&#8220; url=&#8220;https:\/\/guidevulcanologicheetna.it\/wp-content\/uploads\/2019\/09\/liberatoria-inglese.pdf&#8220; image=&#8220;https:\/\/guidevulcanologicheetna.it\/wp-content\/uploads\/2019\/09\/en-en.png&#8220; _builder_version=&#8220;4.16&#8243; header_line_height=&#8220;1.4em&#8220; text_orientation=&#8220;center&#8220; background_layout=&#8220;dark&#8220; width=&#8220;100%&#8220; link_option_url=&#8220;https:\/\/guidevulcanologicheetna.it\/wp-content\/uploads\/2019\/09\/liberatoria-inglese.pdf&#8220; global_colors_info=&#8220;{}&#8220;][\/et_pb_blurb][\/et_pb_column][et_pb_column type=&#8220;1_6&#8243; _builder_version=&#8220;4.16&#8243; global_colors_info=&#8220;{}&#8220;][et_pb_blurb title=&#8220;Formulaire d&#8217;inscription pour l&#8217;excursion et acceptation du r\u00e8glement &#8220; url=&#8220;https:\/\/guidevulcanologicheetna.it\/wp-content\/uploads\/2019\/09\/liberatoria-francese-.pdf&#8220; image=&#8220;https:\/\/guidevulcanologicheetna.it\/wp-content\/uploads\/2019\/09\/fr-fr.png&#8220; _builder_version=&#8220;4.16&#8243; header_line_height=&#8220;1.4em&#8220; text_orientation=&#8220;center&#8220; background_layout=&#8220;dark&#8220; width=&#8220;100%&#8220; link_option_url=&#8220;https:\/\/guidevulcanologicheetna.it\/wp-content\/uploads\/2019\/09\/liberatoria-francese-.pdf&#8220; global_colors_info=&#8220;{}&#8220;][\/et_pb_blurb][\/et_pb_column][et_pb_column type=&#8220;1_6&#8243; _builder_version=&#8220;4.16&#8243; global_colors_info=&#8220;{}&#8220;][et_pb_blurb title=&#8220;Einschreibungformular fuer die zentralkrater tour&#8220; url=&#8220;https:\/\/guidevulcanologicheetna.it\/wp-content\/uploads\/2019\/09\/liberatoria-tedesco.pdf&#8220; image=&#8220;https:\/\/guidevulcanologicheetna.it\/wp-content\/uploads\/2019\/09\/de-de.png&#8220; _builder_version=&#8220;4.16&#8243; header_line_height=&#8220;1.4em&#8220; text_orientation=&#8220;center&#8220; background_layout=&#8220;dark&#8220; width=&#8220;100%&#8220; link_option_url=&#8220;https:\/\/guidevulcanologicheetna.it\/wp-content\/uploads\/2019\/09\/liberatoria-tedesco.pdf&#8220; global_colors_info=&#8220;{}&#8220;][\/et_pb_blurb][\/et_pb_column][et_pb_column type=&#8220;1_6&#8243; _builder_version=&#8220;4.16&#8243; global_colors_info=&#8220;{}&#8220;][et_pb_blurb title=&#8220;Formulario de inscripci\u00f2n para la excursion y aceptacion de las reglas&#8220; url=&#8220;https:\/\/guidevulcanologicheetna.it\/wp-content\/uploads\/2019\/09\/liberatoria-spagnolo-.pdf&#8220; image=&#8220;https:\/\/guidevulcanologicheetna.it\/wp-content\/uploads\/2019\/09\/es-es.png&#8220; _builder_version=&#8220;4.16&#8243; header_line_height=&#8220;1.4em&#8220; text_orientation=&#8220;center&#8220; background_layout=&#8220;dark&#8220; width=&#8220;100%&#8220; link_option_url=&#8220;https:\/\/guidevulcanologicheetna.it\/wp-content\/uploads\/2019\/09\/liberatoria-spagnolo-.pdf&#8220; global_colors_info=&#8220;{}&#8220;][\/et_pb_blurb][\/et_pb_column][\/et_pb_row][\/et_pb_section]<\/p>\n","protected":false},"excerpt":{"rendered":"","protected":false},"author":2,"featured_media":0,"parent":0,"menu_order":0,"comment_status":"closed","ping_status":"closed","template":"","meta":{"_et_pb_use_builder":"on","_et_pb_old_content":"","_et_gb_content_width":"","footnotes":""},"class_list":["post-43294","page","type-page","status-publish","hentry"],"yoast_head":"<!-- This site is optimized with the Yoast SEO plugin v27.3 - https:\/\/yoast.com\/product\/yoast-seo-wordpress\/ -->\n<title>Haftungsausschluss Exkursionen auf dem \u00c4tna<\/title>\n<meta name=\"description\" content=\"Haftungsausschluss Exkursionen auf dem \u00c4tna.Teilnahmeformular und akzeptieren Sie die Bedingungen zur Teilnahme an Exkursionen auf dem \u00c4tna\" \/>\n<meta name=\"robots\" content=\"index, follow, max-snippet:-1, max-image-preview:large, max-video-preview:-1\" \/>\n<link rel=\"canonical\" href=\"https:\/\/guidevulcanologicheetna.it\/de\/disclaimer\/\" \/>\n<meta property=\"og:locale\" content=\"de_DE\" \/>\n<meta property=\"og:type\" content=\"article\" \/>\n<meta property=\"og:title\" content=\"Haftungsausschluss Exkursionen auf dem \u00c4tna\" \/>\n<meta property=\"og:description\" content=\"Haftungsausschluss Exkursionen auf dem \u00c4tna.Teilnahmeformular und akzeptieren Sie die Bedingungen zur Teilnahme an Exkursionen auf dem \u00c4tna\" \/>\n<meta property=\"og:url\" content=\"https:\/\/guidevulcanologicheetna.it\/de\/disclaimer\/\" \/>\n<meta property=\"og:site_name\" content=\"Guide Vulcanologiche Etna Nord\" \/>\n<meta property=\"article:publisher\" content=\"https:\/\/www.facebook.com\/guidevulcanologiche\/?ref=ts&amp;amp%3bamp%3bamp%3bfref=ts\" \/>\n<meta property=\"article:modified_time\" content=\"2023-05-08T11:14:36+00:00\" \/>\n<meta name=\"twitter:card\" content=\"summary_large_image\" \/>\n<meta name=\"twitter:label1\" content=\"Gesch\u00e4tzte Lesezeit\" \/>\n\t<meta name=\"twitter:data1\" content=\"1\u00a0Minute\" \/>\n<script type=\"application\/ld+json\" class=\"yoast-schema-graph\">{\"@context\":\"https:\\\/\\\/schema.org\",\"@graph\":[{\"@type\":\"WebPage\",\"@id\":\"https:\\\/\\\/guidevulcanologicheetna.it\\\/de\\\/disclaimer\\\/\",\"url\":\"https:\\\/\\\/guidevulcanologicheetna.it\\\/de\\\/disclaimer\\\/\",\"name\":\"Haftungsausschluss Exkursionen auf dem \u00c4tna\",\"isPartOf\":{\"@id\":\"https:\\\/\\\/guidevulcanologicheetna.it\\\/de\\\/#website\"},\"datePublished\":\"2023-05-08T11:14:25+00:00\",\"dateModified\":\"2023-05-08T11:14:36+00:00\",\"description\":\"Haftungsausschluss Exkursionen auf dem \u00c4tna.Teilnahmeformular und akzeptieren Sie die Bedingungen zur Teilnahme an Exkursionen auf dem \u00c4tna\",\"breadcrumb\":{\"@id\":\"https:\\\/\\\/guidevulcanologicheetna.it\\\/de\\\/disclaimer\\\/#breadcrumb\"},\"inLanguage\":\"de\",\"potentialAction\":[{\"@type\":\"ReadAction\",\"target\":[\"https:\\\/\\\/guidevulcanologicheetna.it\\\/de\\\/disclaimer\\\/\"]}]},{\"@type\":\"BreadcrumbList\",\"@id\":\"https:\\\/\\\/guidevulcanologicheetna.it\\\/de\\\/disclaimer\\\/#breadcrumb\",\"itemListElement\":[{\"@type\":\"ListItem\",\"position\":1,\"name\":\"Home\",\"item\":\"https:\\\/\\\/guidevulcanologicheetna.it\\\/de\\\/\"},{\"@type\":\"ListItem\",\"position\":2,\"name\":\"Disclaimer\"}]},{\"@type\":\"WebSite\",\"@id\":\"https:\\\/\\\/guidevulcanologicheetna.it\\\/de\\\/#website\",\"url\":\"https:\\\/\\\/guidevulcanologicheetna.it\\\/de\\\/\",\"name\":\"Guide Vulcanologiche Etna Nord\",\"description\":\"Guide Etna Abilitate\",\"potentialAction\":[{\"@type\":\"SearchAction\",\"target\":{\"@type\":\"EntryPoint\",\"urlTemplate\":\"https:\\\/\\\/guidevulcanologicheetna.it\\\/de\\\/?s={search_term_string}\"},\"query-input\":{\"@type\":\"PropertyValueSpecification\",\"valueRequired\":true,\"valueName\":\"search_term_string\"}}],\"inLanguage\":\"de\"}]}<\/script>\n<!-- \/ Yoast SEO plugin. -->","yoast_head_json":{"title":"Haftungsausschluss Exkursionen auf dem \u00c4tna","description":"Haftungsausschluss Exkursionen auf dem \u00c4tna.Teilnahmeformular und akzeptieren Sie die Bedingungen zur Teilnahme an Exkursionen auf dem \u00c4tna","robots":{"index":"index","follow":"follow","max-snippet":"max-snippet:-1","max-image-preview":"max-image-preview:large","max-video-preview":"max-video-preview:-1"},"canonical":"https:\/\/guidevulcanologicheetna.it\/de\/disclaimer\/","og_locale":"de_DE","og_type":"article","og_title":"Haftungsausschluss Exkursionen auf dem \u00c4tna","og_description":"Haftungsausschluss Exkursionen auf dem \u00c4tna.Teilnahmeformular und akzeptieren Sie die Bedingungen zur Teilnahme an Exkursionen auf dem \u00c4tna","og_url":"https:\/\/guidevulcanologicheetna.it\/de\/disclaimer\/","og_site_name":"Guide Vulcanologiche Etna Nord","article_publisher":"https:\/\/www.facebook.com\/guidevulcanologiche\/?ref=ts&amp%3bamp%3bamp%3bfref=ts","article_modified_time":"2023-05-08T11:14:36+00:00","twitter_card":"summary_large_image","twitter_misc":{"Gesch\u00e4tzte Lesezeit":"1\u00a0Minute"},"schema":{"@context":"https:\/\/schema.org","@graph":[{"@type":"WebPage","@id":"https:\/\/guidevulcanologicheetna.it\/de\/disclaimer\/","url":"https:\/\/guidevulcanologicheetna.it\/de\/disclaimer\/","name":"Haftungsausschluss Exkursionen auf dem \u00c4tna","isPartOf":{"@id":"https:\/\/guidevulcanologicheetna.it\/de\/#website"},"datePublished":"2023-05-08T11:14:25+00:00","dateModified":"2023-05-08T11:14:36+00:00","description":"Haftungsausschluss Exkursionen auf dem \u00c4tna.Teilnahmeformular und akzeptieren Sie die Bedingungen zur Teilnahme an Exkursionen auf dem \u00c4tna","breadcrumb":{"@id":"https:\/\/guidevulcanologicheetna.it\/de\/disclaimer\/#breadcrumb"},"inLanguage":"de","potentialAction":[{"@type":"ReadAction","target":["https:\/\/guidevulcanologicheetna.it\/de\/disclaimer\/"]}]},{"@type":"BreadcrumbList","@id":"https:\/\/guidevulcanologicheetna.it\/de\/disclaimer\/#breadcrumb","itemListElement":[{"@type":"ListItem","position":1,"name":"Home","item":"https:\/\/guidevulcanologicheetna.it\/de\/"},{"@type":"ListItem","position":2,"name":"Disclaimer"}]},{"@type":"WebSite","@id":"https:\/\/guidevulcanologicheetna.it\/de\/#website","url":"https:\/\/guidevulcanologicheetna.it\/de\/","name":"Guide Vulcanologiche Etna Nord","description":"Guide Etna Abilitate","potentialAction":[{"@type":"SearchAction","target":{"@type":"EntryPoint","urlTemplate":"https:\/\/guidevulcanologicheetna.it\/de\/?s={search_term_string}"},"query-input":{"@type":"PropertyValueSpecification","valueRequired":true,"valueName":"search_term_string"}}],"inLanguage":"de"}]}},"_links":{"self":[{"href":"https:\/\/guidevulcanologicheetna.it\/de\/wp-json\/wp\/v2\/pages\/43294","targetHints":{"allow":["GET"]}}],"collection":[{"href":"https:\/\/guidevulcanologicheetna.it\/de\/wp-json\/wp\/v2\/pages"}],"about":[{"href":"https:\/\/guidevulcanologicheetna.it\/de\/wp-json\/wp\/v2\/types\/page"}],"author":[{"embeddable":true,"href":"https:\/\/guidevulcanologicheetna.it\/de\/wp-json\/wp\/v2\/users\/2"}],"replies":[{"embeddable":true,"href":"https:\/\/guidevulcanologicheetna.it\/de\/wp-json\/wp\/v2\/comments?post=43294"}],"version-history":[{"count":0,"href":"https:\/\/guidevulcanologicheetna.it\/de\/wp-json\/wp\/v2\/pages\/43294\/revisions"}],"wp:attachment":[{"href":"https:\/\/guidevulcanologicheetna.it\/de\/wp-json\/wp\/v2\/media?parent=43294"}],"curies":[{"name":"wp","href":"https:\/\/api.w.org\/{rel}","templated":true}]}}