{"id":45552,"date":"2024-01-16T13:25:38","date_gmt":"2024-01-16T12:25:38","guid":{"rendered":"https:\/\/guidevulcanologicheetna.it\/suedlicher-aetna\/"},"modified":"2025-01-10T14:59:03","modified_gmt":"2025-01-10T13:59:03","slug":"suedlicher-aetna","status":"publish","type":"page","link":"https:\/\/guidevulcanologicheetna.it\/de\/suedlicher-aetna\/","title":{"rendered":"S\u00dcDLICHER \u00c4TNA"},"content":{"rendered":"<p>[et_pb_section fb_built=&#8220;1&#8243; fullwidth=&#8220;on&#8220; disabled_on=&#8220;on|off|&#8220; _builder_version=&#8220;4.16&#8243; background_color=&#8220;rgba(255,255,255,0)&#8220; transparent_background=&#8220;on&#8220; global_colors_info=&#8220;{}&#8220;][et_pb_fullwidth_header title=&#8220;DIE EMPFOHLENE AUSFL\u00dcGE ZUM \u00c4TNA S\u00dcD&#8220; subhead=&#8220;Gef\u00fchrte Wanderung zum Gipfel des Vulkans \u2013 W\u00e4hlen Sie den f\u00fcr Sie passenden Ausflug&#8220; text_orientation=&#8220;center&#8220; header_fullscreen=&#8220;on&#8220; background_overlay_color=&#8220;rgba(0,0,0,0.5)&#8220; logo_image_url=&#8220;https:\/\/guidevulcanologicheetna.it\/wp-content\/uploads\/2017\/03\/Guide_vulcanologiche_Etna_Logo_200.png&#8220; _builder_version=&#8220;4.24.1&#8243; title_text_color=&#8220;#ffea40&#8243; subhead_text_color=&#8220;#FFFFFF&#8220; background_color=&#8220;rgba(255, 255, 255, 0)&#8220; background_image=&#8220;https:\/\/guidevulcanologicheetna.it\/wp-content\/uploads\/2017\/11\/sommitali-etna-sud.jpg&#8220; background_layout=&#8220;light&#8220; background_url=&#8220;https:\/\/guidevulcanologicheetna.it\/wp-content\/uploads\/2017\/11\/sommitali-etna-sud.jpg&#8220; global_colors_info=&#8220;{}&#8220; button_one_text_size__hover_enabled=&#8220;off&#8220; button_one_text_size__hover=&#8220;null&#8220; button_two_text_size__hover_enabled=&#8220;off&#8220; button_two_text_size__hover=&#8220;null&#8220; button_one_text_color__hover_enabled=&#8220;off&#8220; button_one_text_color__hover=&#8220;null&#8220; button_two_text_color__hover_enabled=&#8220;off&#8220; button_two_text_color__hover=&#8220;null&#8220; button_one_border_width__hover_enabled=&#8220;off&#8220; button_one_border_width__hover=&#8220;null&#8220; button_two_border_width__hover_enabled=&#8220;off&#8220; button_two_border_width__hover=&#8220;null&#8220; button_one_border_color__hover_enabled=&#8220;off&#8220; button_one_border_color__hover=&#8220;null&#8220; button_two_border_color__hover_enabled=&#8220;off&#8220; button_two_border_color__hover=&#8220;null&#8220; button_one_border_radius__hover_enabled=&#8220;off&#8220; button_one_border_radius__hover=&#8220;null&#8220; button_two_border_radius__hover_enabled=&#8220;off&#8220; button_two_border_radius__hover=&#8220;null&#8220; button_one_letter_spacing__hover_enabled=&#8220;off&#8220; button_one_letter_spacing__hover=&#8220;null&#8220; button_two_letter_spacing__hover_enabled=&#8220;off&#8220; button_two_letter_spacing__hover=&#8220;null&#8220; button_one_bg_color__hover_enabled=&#8220;off&#8220; button_one_bg_color__hover=&#8220;null&#8220; button_two_bg_color__hover_enabled=&#8220;off&#8220; button_two_bg_color__hover=&#8220;null&#8220;][\/et_pb_fullwidth_header][\/et_pb_section][et_pb_section fb_built=&#8220;1&#8243; fullwidth=&#8220;on&#8220; module_id=&#8220;etna-nord&#8220; _builder_version=&#8220;4.23.4&#8243; locked=&#8220;off&#8220; global_colors_info=&#8220;{}&#8220;][et_pb_fullwidth_header title=&#8220;S\u00dcDLICHER \u00c4TNA&#8220; subhead=&#8220;Die besten Ausfl\u00fcge auf den Vulkan \u00c4tna, ausgew\u00e4hlt von den Guides&#8220; text_orientation=&#8220;center&#8220; _builder_version=&#8220;4.23.4&#8243; background_color=&#8220;#ffea40&#8243; parallax=&#8220;on&#8220; background_layout=&#8220;light&#8220; max_width_tablet=&#8220;50px&#8220; custom_padding=&#8220;0px||0px|||&#8220; global_colors_info=&#8220;{}&#8220; button_one_text_size__hover_enabled=&#8220;off&#8220; button_one_text_size__hover=&#8220;null&#8220; button_two_text_size__hover_enabled=&#8220;off&#8220; button_two_text_size__hover=&#8220;null&#8220; button_one_text_color__hover_enabled=&#8220;off&#8220; button_one_text_color__hover=&#8220;null&#8220; button_two_text_color__hover_enabled=&#8220;off&#8220; button_two_text_color__hover=&#8220;null&#8220; button_one_border_width__hover_enabled=&#8220;off&#8220; button_one_border_width__hover=&#8220;null&#8220; button_two_border_width__hover_enabled=&#8220;off&#8220; button_two_border_width__hover=&#8220;null&#8220; button_one_border_color__hover_enabled=&#8220;off&#8220; button_one_border_color__hover=&#8220;null&#8220; button_two_border_color__hover_enabled=&#8220;off&#8220; button_two_border_color__hover=&#8220;null&#8220; button_one_border_radius__hover_enabled=&#8220;off&#8220; button_one_border_radius__hover=&#8220;null&#8220; button_two_border_radius__hover_enabled=&#8220;off&#8220; button_two_border_radius__hover=&#8220;null&#8220; button_one_letter_spacing__hover_enabled=&#8220;off&#8220; button_one_letter_spacing__hover=&#8220;null&#8220; button_two_letter_spacing__hover_enabled=&#8220;off&#8220; button_two_letter_spacing__hover=&#8220;null&#8220; button_one_bg_color__hover_enabled=&#8220;off&#8220; button_one_bg_color__hover=&#8220;null&#8220; button_two_bg_color__hover_enabled=&#8220;off&#8220; button_two_bg_color__hover=&#8220;null&#8220;][\/et_pb_fullwidth_header][\/et_pb_section][et_pb_section fb_built=&#8220;1&#8243; admin_label=&#8220;section&#8220; _builder_version=&#8220;4.27.4&#8243; background_color=&#8220;#000000&#8243; background_blend=&#8220;multiply&#8220; custom_padding=&#8220;0px|0px|0px|0px&#8220; hover_enabled=&#8220;0&#8243; global_colors_info=&#8220;{}&#8220; background_enable_image=&#8220;off&#8220; sticky_enabled=&#8220;0&#8243;][et_pb_row _builder_version=&#8220;4.27.4&#8243; _module_preset=&#8220;default&#8220; width=&#8220;90%&#8220; max_width=&#8220;2560px&#8220; hover_enabled=&#8220;0&#8243; sticky_enabled=&#8220;0&#8243;][et_pb_column _builder_version=&#8220;4.27.4&#8243; _module_preset=&#8220;default&#8220; type=&#8220;4_4&#8243;][et_pb_shop type=&#8220;product_category&#8220; posts_number=&#8220;100&#8243; include_categories=&#8220;2055&#8243; columns_number=&#8220;4&#8243; orderby=&#8220;date&#8220; show_price=&#8220;off&#8220; _builder_version=&#8220;4.27.4&#8243; _module_preset=&#8220;default&#8220; title_font=&#8220;|800||||on|||&#8220; title_text_align=&#8220;center&#8220; title_text_color=&#8220;#FFDE59&#8243; title_font_size=&#8220;20px&#8220; custom_margin=&#8220;22px|||||&#8220; hover_enabled=&#8220;0&#8243; border_radii_image=&#8220;on|15px|15px|15px|15px&#8220; border_width_all_image=&#8220;0px&#8220; border_color_all_image=&#8220;#FFF347&#8243; box_shadow_style_image=&#8220;preset1&#8243; box_shadow_vertical_image=&#8220;0px&#8220; box_shadow_blur_image=&#8220;9px&#8220; box_shadow_color_image=&#8220;#E02B20&#8243; locked=&#8220;off&#8220; global_colors_info=&#8220;{}&#8220; sticky_enabled=&#8220;0&#8243;][\/et_pb_shop][\/et_pb_column][\/et_pb_row][\/et_pb_section]<\/p>\n","protected":false},"excerpt":{"rendered":"","protected":false},"author":2,"featured_media":40228,"parent":0,"menu_order":0,"comment_status":"closed","ping_status":"closed","template":"","meta":{"_et_pb_use_builder":"on","_et_pb_old_content":"","_et_gb_content_width":"","footnotes":""},"class_list":["post-45552","page","type-page","status-publish","has-post-thumbnail","hentry"],"yoast_head":"<!-- This site is optimized with the Yoast SEO plugin v27.3 - https:\/\/yoast.com\/product\/yoast-seo-wordpress\/ -->\n<title>\u00c4tna: Die am besten empfohlenen Ausfl\u00fcge im S\u00fcden des \u00c4tna nach oben<\/title>\n<meta name=\"description\" content=\"\u00c4tna \u2013 Empfohlene Ausfl\u00fcge zum \u00c4tna S\u00fcd. Gef\u00fchrte Wanderung zum Gipfel des \u00c4tna-Vulkans. W\u00e4hlen Sie die f\u00fcr Sie passende Wanderung\" \/>\n<meta name=\"robots\" content=\"index, follow, max-snippet:-1, max-image-preview:large, max-video-preview:-1\" \/>\n<link rel=\"canonical\" href=\"https:\/\/guidevulcanologicheetna.it\/de\/suedlicher-aetna\/\" \/>\n<meta property=\"og:locale\" content=\"de_DE\" \/>\n<meta property=\"og:type\" content=\"article\" \/>\n<meta property=\"og:title\" content=\"\u00c4tna: Die am besten empfohlenen Ausfl\u00fcge im S\u00fcden des \u00c4tna nach oben\" \/>\n<meta property=\"og:description\" content=\"\u00c4tna \u2013 Empfohlene Ausfl\u00fcge zum \u00c4tna S\u00fcd. Gef\u00fchrte Wanderung zum Gipfel des \u00c4tna-Vulkans. W\u00e4hlen Sie die f\u00fcr Sie passende Wanderung\" \/>\n<meta property=\"og:url\" content=\"https:\/\/guidevulcanologicheetna.it\/de\/suedlicher-aetna\/\" \/>\n<meta property=\"og:site_name\" content=\"Guide Vulcanologiche Etna Nord\" \/>\n<meta property=\"article:publisher\" content=\"https:\/\/www.facebook.com\/guidevulcanologiche\/?ref=ts&amp;amp%3bamp%3bamp%3bfref=ts\" \/>\n<meta property=\"article:modified_time\" content=\"2025-01-10T13:59:03+00:00\" \/>\n<meta property=\"og:image\" content=\"https:\/\/guidevulcanologicheetna.it\/wp-content\/uploads\/2020\/09\/Escursione-in-cima-al-vulcano-Etna.jpg\" \/>\n\t<meta property=\"og:image:width\" content=\"1440\" \/>\n\t<meta property=\"og:image:height\" content=\"1080\" \/>\n\t<meta property=\"og:image:type\" content=\"image\/jpeg\" \/>\n<meta name=\"twitter:card\" content=\"summary_large_image\" \/>\n<meta name=\"twitter:label1\" content=\"Gesch\u00e4tzte Lesezeit\" \/>\n\t<meta name=\"twitter:data1\" content=\"4\u00a0Minuten\" \/>\n<script type=\"application\/ld+json\" class=\"yoast-schema-graph\">{\"@context\":\"https:\\\/\\\/schema.org\",\"@graph\":[{\"@type\":\"WebPage\",\"@id\":\"https:\\\/\\\/guidevulcanologicheetna.it\\\/de\\\/suedlicher-aetna\\\/\",\"url\":\"https:\\\/\\\/guidevulcanologicheetna.it\\\/de\\\/suedlicher-aetna\\\/\",\"name\":\"\u00c4tna: Die am besten empfohlenen Ausfl\u00fcge im S\u00fcden des \u00c4tna nach oben\",\"isPartOf\":{\"@id\":\"https:\\\/\\\/guidevulcanologicheetna.it\\\/de\\\/#website\"},\"primaryImageOfPage\":{\"@id\":\"https:\\\/\\\/guidevulcanologicheetna.it\\\/de\\\/suedlicher-aetna\\\/#primaryimage\"},\"image\":{\"@id\":\"https:\\\/\\\/guidevulcanologicheetna.it\\\/de\\\/suedlicher-aetna\\\/#primaryimage\"},\"thumbnailUrl\":\"https:\\\/\\\/guidevulcanologicheetna.it\\\/wp-content\\\/uploads\\\/2020\\\/09\\\/Escursione-in-cima-al-vulcano-Etna.jpg\",\"datePublished\":\"2024-01-16T12:25:38+00:00\",\"dateModified\":\"2025-01-10T13:59:03+00:00\",\"description\":\"\u00c4tna \u2013 Empfohlene Ausfl\u00fcge zum \u00c4tna S\u00fcd. Gef\u00fchrte Wanderung zum Gipfel des \u00c4tna-Vulkans. W\u00e4hlen Sie die f\u00fcr Sie passende Wanderung\",\"breadcrumb\":{\"@id\":\"https:\\\/\\\/guidevulcanologicheetna.it\\\/de\\\/suedlicher-aetna\\\/#breadcrumb\"},\"inLanguage\":\"de\",\"potentialAction\":[{\"@type\":\"ReadAction\",\"target\":[\"https:\\\/\\\/guidevulcanologicheetna.it\\\/de\\\/suedlicher-aetna\\\/\"]}]},{\"@type\":\"ImageObject\",\"inLanguage\":\"de\",\"@id\":\"https:\\\/\\\/guidevulcanologicheetna.it\\\/de\\\/suedlicher-aetna\\\/#primaryimage\",\"url\":\"https:\\\/\\\/guidevulcanologicheetna.it\\\/wp-content\\\/uploads\\\/2020\\\/09\\\/Escursione-in-cima-al-vulcano-Etna.jpg\",\"contentUrl\":\"https:\\\/\\\/guidevulcanologicheetna.it\\\/wp-content\\\/uploads\\\/2020\\\/09\\\/Escursione-in-cima-al-vulcano-Etna.jpg\",\"width\":1440,\"height\":1080},{\"@type\":\"BreadcrumbList\",\"@id\":\"https:\\\/\\\/guidevulcanologicheetna.it\\\/de\\\/suedlicher-aetna\\\/#breadcrumb\",\"itemListElement\":[{\"@type\":\"ListItem\",\"position\":1,\"name\":\"Home\",\"item\":\"https:\\\/\\\/guidevulcanologicheetna.it\\\/de\\\/\"},{\"@type\":\"ListItem\",\"position\":2,\"name\":\"S\u00dcDLICHER \u00c4TNA\"}]},{\"@type\":\"WebSite\",\"@id\":\"https:\\\/\\\/guidevulcanologicheetna.it\\\/de\\\/#website\",\"url\":\"https:\\\/\\\/guidevulcanologicheetna.it\\\/de\\\/\",\"name\":\"Guide Vulcanologiche Etna Nord\",\"description\":\"Guide Etna Abilitate\",\"potentialAction\":[{\"@type\":\"SearchAction\",\"target\":{\"@type\":\"EntryPoint\",\"urlTemplate\":\"https:\\\/\\\/guidevulcanologicheetna.it\\\/de\\\/?s={search_term_string}\"},\"query-input\":{\"@type\":\"PropertyValueSpecification\",\"valueRequired\":true,\"valueName\":\"search_term_string\"}}],\"inLanguage\":\"de\"}]}<\/script>\n<!-- \/ Yoast SEO plugin. -->","yoast_head_json":{"title":"\u00c4tna: Die am besten empfohlenen Ausfl\u00fcge im S\u00fcden des \u00c4tna nach oben","description":"\u00c4tna \u2013 Empfohlene Ausfl\u00fcge zum \u00c4tna S\u00fcd. Gef\u00fchrte Wanderung zum Gipfel des \u00c4tna-Vulkans. W\u00e4hlen Sie die f\u00fcr Sie passende Wanderung","robots":{"index":"index","follow":"follow","max-snippet":"max-snippet:-1","max-image-preview":"max-image-preview:large","max-video-preview":"max-video-preview:-1"},"canonical":"https:\/\/guidevulcanologicheetna.it\/de\/suedlicher-aetna\/","og_locale":"de_DE","og_type":"article","og_title":"\u00c4tna: Die am besten empfohlenen Ausfl\u00fcge im S\u00fcden des \u00c4tna nach oben","og_description":"\u00c4tna \u2013 Empfohlene Ausfl\u00fcge zum \u00c4tna S\u00fcd. Gef\u00fchrte Wanderung zum Gipfel des \u00c4tna-Vulkans. W\u00e4hlen Sie die f\u00fcr Sie passende Wanderung","og_url":"https:\/\/guidevulcanologicheetna.it\/de\/suedlicher-aetna\/","og_site_name":"Guide Vulcanologiche Etna Nord","article_publisher":"https:\/\/www.facebook.com\/guidevulcanologiche\/?ref=ts&amp%3bamp%3bamp%3bfref=ts","article_modified_time":"2025-01-10T13:59:03+00:00","og_image":[{"width":1440,"height":1080,"url":"https:\/\/guidevulcanologicheetna.it\/wp-content\/uploads\/2020\/09\/Escursione-in-cima-al-vulcano-Etna.jpg","type":"image\/jpeg"}],"twitter_card":"summary_large_image","twitter_misc":{"Gesch\u00e4tzte Lesezeit":"4\u00a0Minuten"},"schema":{"@context":"https:\/\/schema.org","@graph":[{"@type":"WebPage","@id":"https:\/\/guidevulcanologicheetna.it\/de\/suedlicher-aetna\/","url":"https:\/\/guidevulcanologicheetna.it\/de\/suedlicher-aetna\/","name":"\u00c4tna: Die am besten empfohlenen Ausfl\u00fcge im S\u00fcden des \u00c4tna nach oben","isPartOf":{"@id":"https:\/\/guidevulcanologicheetna.it\/de\/#website"},"primaryImageOfPage":{"@id":"https:\/\/guidevulcanologicheetna.it\/de\/suedlicher-aetna\/#primaryimage"},"image":{"@id":"https:\/\/guidevulcanologicheetna.it\/de\/suedlicher-aetna\/#primaryimage"},"thumbnailUrl":"https:\/\/guidevulcanologicheetna.it\/wp-content\/uploads\/2020\/09\/Escursione-in-cima-al-vulcano-Etna.jpg","datePublished":"2024-01-16T12:25:38+00:00","dateModified":"2025-01-10T13:59:03+00:00","description":"\u00c4tna \u2013 Empfohlene Ausfl\u00fcge zum \u00c4tna S\u00fcd. Gef\u00fchrte Wanderung zum Gipfel des \u00c4tna-Vulkans. W\u00e4hlen Sie die f\u00fcr Sie passende Wanderung","breadcrumb":{"@id":"https:\/\/guidevulcanologicheetna.it\/de\/suedlicher-aetna\/#breadcrumb"},"inLanguage":"de","potentialAction":[{"@type":"ReadAction","target":["https:\/\/guidevulcanologicheetna.it\/de\/suedlicher-aetna\/"]}]},{"@type":"ImageObject","inLanguage":"de","@id":"https:\/\/guidevulcanologicheetna.it\/de\/suedlicher-aetna\/#primaryimage","url":"https:\/\/guidevulcanologicheetna.it\/wp-content\/uploads\/2020\/09\/Escursione-in-cima-al-vulcano-Etna.jpg","contentUrl":"https:\/\/guidevulcanologicheetna.it\/wp-content\/uploads\/2020\/09\/Escursione-in-cima-al-vulcano-Etna.jpg","width":1440,"height":1080},{"@type":"BreadcrumbList","@id":"https:\/\/guidevulcanologicheetna.it\/de\/suedlicher-aetna\/#breadcrumb","itemListElement":[{"@type":"ListItem","position":1,"name":"Home","item":"https:\/\/guidevulcanologicheetna.it\/de\/"},{"@type":"ListItem","position":2,"name":"S\u00dcDLICHER \u00c4TNA"}]},{"@type":"WebSite","@id":"https:\/\/guidevulcanologicheetna.it\/de\/#website","url":"https:\/\/guidevulcanologicheetna.it\/de\/","name":"Guide Vulcanologiche Etna Nord","description":"Guide Etna Abilitate","potentialAction":[{"@type":"SearchAction","target":{"@type":"EntryPoint","urlTemplate":"https:\/\/guidevulcanologicheetna.it\/de\/?s={search_term_string}"},"query-input":{"@type":"PropertyValueSpecification","valueRequired":true,"valueName":"search_term_string"}}],"inLanguage":"de"}]}},"_links":{"self":[{"href":"https:\/\/guidevulcanologicheetna.it\/de\/wp-json\/wp\/v2\/pages\/45552","targetHints":{"allow":["GET"]}}],"collection":[{"href":"https:\/\/guidevulcanologicheetna.it\/de\/wp-json\/wp\/v2\/pages"}],"about":[{"href":"https:\/\/guidevulcanologicheetna.it\/de\/wp-json\/wp\/v2\/types\/page"}],"author":[{"embeddable":true,"href":"https:\/\/guidevulcanologicheetna.it\/de\/wp-json\/wp\/v2\/users\/2"}],"replies":[{"embeddable":true,"href":"https:\/\/guidevulcanologicheetna.it\/de\/wp-json\/wp\/v2\/comments?post=45552"}],"version-history":[{"count":5,"href":"https:\/\/guidevulcanologicheetna.it\/de\/wp-json\/wp\/v2\/pages\/45552\/revisions"}],"predecessor-version":[{"id":54346,"href":"https:\/\/guidevulcanologicheetna.it\/de\/wp-json\/wp\/v2\/pages\/45552\/revisions\/54346"}],"wp:featuredmedia":[{"embeddable":true,"href":"https:\/\/guidevulcanologicheetna.it\/de\/wp-json\/wp\/v2\/media\/40228"}],"wp:attachment":[{"href":"https:\/\/guidevulcanologicheetna.it\/de\/wp-json\/wp\/v2\/media?parent=45552"}],"curies":[{"name":"wp","href":"https:\/\/api.w.org\/{rel}","templated":true}]}}