{"id":33568,"date":"2019-11-01T10:03:11","date_gmt":"2019-11-01T09:03:11","guid":{"rendered":"https:\/\/guidevulcanologicheetna.it\/?page_id=33568"},"modified":"2025-12-14T14:17:12","modified_gmt":"2025-12-14T13:17:12","slug":"webcam-sur-letna-en-direct","status":"publish","type":"page","link":"https:\/\/guidevulcanologicheetna.it\/fr\/webcam-sur-letna-en-direct\/","title":{"rendered":"Etna &#8211; Webcam en direct"},"content":{"rendered":"<p>[et_pb_section fb_built=\u00a0\u00bb1&Prime; disabled_on=\u00a0\u00bbon|on|off\u00a0\u00bb _builder_version=\u00a0\u00bb4.27.3&Prime; _module_preset=\u00a0\u00bb12cef05a-4e52-4384-8146-d882bc82d2d1&Prime; custom_margin=\u00a0\u00bb-2px|||||\u00a0\u00bb custom_padding=\u00a0\u00bb5px||5px||true|\u00a0\u00bb locked=\u00a0\u00bboff\u00a0\u00bb global_colors_info=\u00a0\u00bb{}\u00a0\u00bb][et_pb_row column_structure=\u00a0\u00bb1_3,1_3,1_3&Prime; _builder_version=\u00a0\u00bb4.27.3&Prime; _module_preset=\u00a0\u00bbdefault\u00a0\u00bb width=\u00a0\u00bb45%\u00a0\u00bb max_width=\u00a0\u00bb2560px\u00a0\u00bb custom_padding=\u00a0\u00bb21px|||||\u00a0\u00bb global_colors_info=\u00a0\u00bb{}\u00a0\u00bb][et_pb_column type=\u00a0\u00bb1_3&Prime; _builder_version=\u00a0\u00bb4.27.3&Prime; _module_preset=\u00a0\u00bbdefault\u00a0\u00bb global_colors_info=\u00a0\u00bb{}\u00a0\u00bb][et_pb_button button_url=\u00a0\u00bbhttps:\/\/guidevulcanologicheetna.com\/fr\/contact-telephonique-guides-volcanologiques-etna-nord\u00a0\u00bb button_text=\u00a0\u00bbiiiiiiiiiiiiiiiiiiiiiiii\u00a0\u00bb button_alignment=\u00a0\u00bbcenter\u00a0\u00bb _builder_version=\u00a0\u00bb4.27.4&Prime; _module_preset=\u00a0\u00bbdefault\u00a0\u00bb custom_button=\u00a0\u00bbon\u00a0\u00bb button_text_color=\u00a0\u00bbRGBA(255,255,255,0)\u00a0\u00bb button_bg_image=\u00a0\u00bbhttps:\/\/guidevulcanologicheetna.it\/wp-content\/uploads\/2024\/11\/33-4.png\u00a0\u00bb button_border_radius=\u00a0\u00bb20px\u00a0\u00bb box_shadow_style=\u00a0\u00bbpreset1&Prime; box_shadow_vertical=\u00a0\u00bb0px\u00a0\u00bb box_shadow_blur=\u00a0\u00bb9px\u00a0\u00bb box_shadow_color=\u00a0\u00bb#FFDE59&Prime; global_colors_info=\u00a0\u00bb{}\u00a0\u00bb][\/et_pb_button][\/et_pb_column][et_pb_column type=\u00a0\u00bb1_3&Prime; _builder_version=\u00a0\u00bb4.27.3&Prime; _module_preset=\u00a0\u00bbdefault\u00a0\u00bb global_colors_info=\u00a0\u00bb{}\u00a0\u00bb][et_pb_button button_url=\u00a0\u00bbmailto:info.guidevulcanologicheetna@gmail.com\u00a0\u00bb button_text=\u00a0\u00bbiiiiiiiiiiiiiiiiiiiiiiii\u00a0\u00bb button_alignment=\u00a0\u00bbcenter\u00a0\u00bb _builder_version=\u00a0\u00bb4.27.4&Prime; _module_preset=\u00a0\u00bbdefault\u00a0\u00bb custom_button=\u00a0\u00bbon\u00a0\u00bb button_text_color=\u00a0\u00bbRGBA(255,255,255,0)\u00a0\u00bb button_bg_image=\u00a0\u00bbhttps:\/\/guidevulcanologicheetna.it\/wp-content\/uploads\/2024\/11\/32-2.png\u00a0\u00bb button_border_radius=\u00a0\u00bb20px\u00a0\u00bb box_shadow_style=\u00a0\u00bbpreset1&Prime; box_shadow_vertical=\u00a0\u00bb0px\u00a0\u00bb box_shadow_blur=\u00a0\u00bb9px\u00a0\u00bb box_shadow_color=\u00a0\u00bb#FFDE59&Prime; global_colors_info=\u00a0\u00bb{}\u00a0\u00bb][\/et_pb_button][\/et_pb_column][et_pb_column type=\u00a0\u00bb1_3&Prime; _builder_version=\u00a0\u00bb4.27.3&Prime; _module_preset=\u00a0\u00bbdefault\u00a0\u00bb global_colors_info=\u00a0\u00bb{}\u00a0\u00bb][et_pb_button button_url=\u00a0\u00bbhttps:\/\/wa.me\/393455741330&Prime; button_text=\u00a0\u00bbiiiiiiiiiiiiiiiiiiiiiiii\u00a0\u00bb button_alignment=\u00a0\u00bbcenter\u00a0\u00bb _builder_version=\u00a0\u00bb4.27.4&Prime; _module_preset=\u00a0\u00bbdefault\u00a0\u00bb custom_button=\u00a0\u00bbon\u00a0\u00bb button_text_color=\u00a0\u00bbRGBA(255,255,255,0)\u00a0\u00bb button_bg_image=\u00a0\u00bbhttps:\/\/guidevulcanologicheetna.it\/wp-content\/uploads\/2024\/11\/33-3.png\u00a0\u00bb button_border_radius=\u00a0\u00bb20px\u00a0\u00bb box_shadow_style=\u00a0\u00bbpreset1&Prime; box_shadow_vertical=\u00a0\u00bb0px\u00a0\u00bb box_shadow_blur=\u00a0\u00bb9px\u00a0\u00bb box_shadow_color=\u00a0\u00bb#FFDE59&Prime; global_colors_info=\u00a0\u00bb{}\u00a0\u00bb][\/et_pb_button][\/et_pb_column][\/et_pb_row][\/et_pb_section][et_pb_section fb_built=\u00a0\u00bb1&Prime; _builder_version=\u00a0\u00bb4.16&Prime; global_colors_info=\u00a0\u00bb{}\u00a0\u00bb][et_pb_row _builder_version=\u00a0\u00bb4.24.1&Prime; _module_preset=\u00a0\u00bbdefault\u00a0\u00bb width=\u00a0\u00bb90%\u00a0\u00bb max_width=\u00a0\u00bb100%\u00a0\u00bb custom_padding=\u00a0\u00bb50px||||false|false\u00a0\u00bb global_colors_info=\u00a0\u00bb{}\u00a0\u00bb][et_pb_column type=\u00a0\u00bb4_4&Prime; _builder_version=\u00a0\u00bb4.24.1&Prime; _module_preset=\u00a0\u00bbdefault\u00a0\u00bb global_colors_info=\u00a0\u00bb{}\u00a0\u00bb][et_pb_text _builder_version=\u00a0\u00bb4.24.1&Prime; _module_preset=\u00a0\u00bbdefault\u00a0\u00bb global_colors_info=\u00a0\u00bb{}\u00a0\u00bb]<\/p>\n<h4><img loading=\"lazy\" decoding=\"async\" class=\"wp-image-29128  aligncenter\" src=\"https:\/\/guidevulcanologicheetna.it\/wp-content\/uploads\/2017\/07\/logo-guide-copia.png\" alt=\"logo guide\" width=\"75\" height=\"75\" \/><\/h4>\n<h4 style=\"text-align: center;\"><span style=\"color: #ffffff;\">Suivez nos webcams en direct sur le volcan, vue du versant nord de l\u2019Etna<\/span><\/h4>\n<p>[\/et_pb_text][\/et_pb_column][\/et_pb_row][et_pb_row column_structure=\u00a0\u00bb1_2,1_2&Prime; use_custom_gutter=\u00a0\u00bbon\u00a0\u00bb gutter_width=\u00a0\u00bb2&Prime; _builder_version=\u00a0\u00bb4.24.1&Prime; background_size=\u00a0\u00bbinitial\u00a0\u00bb background_position=\u00a0\u00bbtop_left\u00a0\u00bb background_repeat=\u00a0\u00bbrepeat\u00a0\u00bb width=\u00a0\u00bb90%\u00a0\u00bb max_width=\u00a0\u00bb100%\u00a0\u00bb custom_padding=\u00a0\u00bb50px||50px||true|false\u00a0\u00bb global_colors_info=\u00a0\u00bb{}\u00a0\u00bb][et_pb_column type=\u00a0\u00bb1_2&Prime; _builder_version=\u00a0\u00bb4.16&Prime; custom_padding=\u00a0\u00bb|||\u00a0\u00bb global_colors_info=\u00a0\u00bb{}\u00a0\u00bb custom_padding__hover=\u00a0\u00bb|||\u00a0\u00bb][et_pb_text _builder_version=\u00a0\u00bb4.24.1&Prime; background_size=\u00a0\u00bbinitial\u00a0\u00bb background_position=\u00a0\u00bbtop_left\u00a0\u00bb background_repeat=\u00a0\u00bbrepeat\u00a0\u00bb global_colors_info=\u00a0\u00bb{}\u00a0\u00bb]<\/p>\n<p style=\"text-align: center;\"><iframe loading=\"lazy\" src=\"\/\/www.skylinewebcams.com\/webcam\/italia\/sicilia\/catania\/vulcano-etna.html?w=741\" width=\"800\" height=\"500\" frameborder=\"0\" marginwidth=\"0\" marginheight=\"0\" scrolling=\"no\" allowfullscreen=\"allowfullscreen\">&amp;lt;span data-mce-type=\u00a0\u00bbbookmark\u00a0\u00bb style=\u00a0\u00bbdisplay: inline-block; width: 0px; overflow: hidden; line-height: 0;\u00a0\u00bb class=\u00a0\u00bbmce_SELRES_start\u00a0\u00bb&amp;gt;&amp;lt;\/span&amp;gt;<\/iframe><\/p>\n<p>[\/et_pb_text][et_pb_text _builder_version=\u00a0\u00bb4.24.1&Prime; _module_preset=\u00a0\u00bbdefault\u00a0\u00bb global_colors_info=\u00a0\u00bb{}\u00a0\u00bb]<\/p>\n<h3 style=\"text-align: center;\"><span style=\"color: #ffffff;\"><strong>Webcam en direct sur l\u2019Etna \u2013 A l\u2019Observatoire volcanologique \u00e0 2800 m d\u2019altitude. (Nord Etna), vue sur les crat\u00e8res sommitaux<\/strong><\/span><\/h3>\n<p>&nbsp;<\/p>\n<p>[\/et_pb_text][\/et_pb_column][et_pb_column type=\u00a0\u00bb1_2&Prime; _builder_version=\u00a0\u00bb4.16&Prime; custom_padding=\u00a0\u00bb|||\u00a0\u00bb global_colors_info=\u00a0\u00bb{}\u00a0\u00bb custom_padding__hover=\u00a0\u00bb|||\u00a0\u00bb][et_pb_text _builder_version=\u00a0\u00bb4.24.1&Prime; background_size=\u00a0\u00bbinitial\u00a0\u00bb background_position=\u00a0\u00bbtop_left\u00a0\u00bb background_repeat=\u00a0\u00bbrepeat\u00a0\u00bb global_colors_info=\u00a0\u00bb{}\u00a0\u00bb]<\/p>\n<p style=\"text-align: center;\"><iframe loading=\"lazy\" src=\"https:\/\/www.skylinewebcams.com\/webcam\/italia\/sicilia\/catania\/vulcano-etna-versante-nord.html?w=1737\" width=\"800\" height=\"500\" frameborder=\"0\" marginwidth=\"0\" marginheight=\"0\" scrolling=\"no\" allowfullscreen=\"allowfullscreen\"><\/iframe><\/p>\n<p>[\/et_pb_text][et_pb_text _builder_version=\u00a0\u00bb4.27.4&Prime; _module_preset=\u00a0\u00bbdefault\u00a0\u00bb global_colors_info=\u00a0\u00bb{}\u00a0\u00bb]<\/p>\n<h3 style=\"text-align: center;\"><span style=\"color: #ffffff;\"><strong>Vue du crat\u00e8re sud-est depuis l\u2019Etna nord<\/strong><\/span><\/h3>\n<p>[\/et_pb_text][\/et_pb_column][\/et_pb_row][\/et_pb_section]<\/p>\n","protected":false},"excerpt":{"rendered":"<p>Suivez nos webcams en direct sur le volcan, vue du versant nord de l\u2019Etna&amp;lt;span data-mce-type=\u00a0\u00bbbookmark\u00a0\u00bb style=\u00a0\u00bbdisplay: inline-block; width: 0px; overflow: hidden; line-height: 0;\u00a0\u00bb class=\u00a0\u00bbmce_SELRES_start\u00a0\u00bb&amp;gt;&amp;lt;\/span&amp;gt;Webcam en direct sur l\u2019Etna \u2013 A l\u2019Observatoire volcanologique \u00e0 2800 m d\u2019altitude. (Nord Etna), vue sur les crat\u00e8res sommitaux &nbsp;Vue du crat\u00e8re sud-est depuis l\u2019Etna nord<\/p>\n","protected":false},"author":2,"featured_media":33758,"parent":0,"menu_order":0,"comment_status":"closed","ping_status":"closed","template":"","meta":{"_et_pb_use_builder":"on","_et_pb_old_content":"","_et_gb_content_width":"","footnotes":""},"class_list":["post-33568","page","type-page","status-publish","has-post-thumbnail","hentry"],"yoast_head":"<!-- This site is optimized with the Yoast SEO plugin v27.5 - https:\/\/yoast.com\/product\/yoast-seo-wordpress\/ -->\n<title>Webcam sur l&#039;Etna en direct \u00e0 l&#039;Observatoire volcanologique de l&#039;Etna Nord<\/title>\n<meta name=\"description\" content=\"Suivez la webcam en direct sur l&#039;Etna \u00e0 l&#039;Observatoire Volcanologique \u00e0 une altitude de 2800 m (Etna Nord), vue des Crat\u00e8res Sommet\" \/>\n<meta name=\"robots\" content=\"index, follow, max-snippet:-1, max-image-preview:large, max-video-preview:-1\" \/>\n<link rel=\"canonical\" href=\"https:\/\/guidevulcanologicheetna.it\/fr\/webcam-sur-letna-en-direct\/\" \/>\n<meta property=\"og:locale\" content=\"fr_FR\" \/>\n<meta property=\"og:type\" content=\"article\" \/>\n<meta property=\"og:title\" content=\"Webcam sur l&#039;Etna en direct \u00e0 l&#039;Observatoire volcanologique de l&#039;Etna Nord\" \/>\n<meta property=\"og:description\" content=\"Suivez la webcam en direct sur l&#039;Etna \u00e0 l&#039;Observatoire Volcanologique \u00e0 une altitude de 2800 m (Etna Nord), vue des Crat\u00e8res Sommet\" \/>\n<meta property=\"og:url\" content=\"https:\/\/guidevulcanologicheetna.it\/fr\/webcam-sur-letna-en-direct\/\" \/>\n<meta property=\"og:site_name\" content=\"Guide Vulcanologiche Etna Nord\" \/>\n<meta property=\"article:publisher\" content=\"https:\/\/www.facebook.com\/guidevulcanologiche\/?ref=ts&amp;amp%3bamp%3bamp%3bfref=ts\" \/>\n<meta property=\"article:modified_time\" content=\"2025-12-14T13:17:12+00:00\" \/>\n<meta property=\"og:image\" content=\"https:\/\/guidevulcanologicheetna.it\/wp-content\/uploads\/2019\/12\/Etna-webcam-live-.-diretta-Guide.jpg\" \/>\n\t<meta property=\"og:image:width\" content=\"1890\" \/>\n\t<meta property=\"og:image:height\" content=\"1080\" \/>\n\t<meta property=\"og:image:type\" content=\"image\/jpeg\" \/>\n<meta name=\"twitter:card\" content=\"summary_large_image\" \/>\n<meta name=\"twitter:label1\" content=\"Dur\u00e9e de lecture estim\u00e9e\" \/>\n\t<meta name=\"twitter:data1\" content=\"1 minute\" \/>\n<script type=\"application\/ld+json\" class=\"yoast-schema-graph\">{\"@context\":\"https:\\\/\\\/schema.org\",\"@graph\":[{\"@type\":\"WebPage\",\"@id\":\"https:\\\/\\\/guidevulcanologicheetna.it\\\/fr\\\/webcam-sur-letna-en-direct\\\/\",\"url\":\"https:\\\/\\\/guidevulcanologicheetna.it\\\/fr\\\/webcam-sur-letna-en-direct\\\/\",\"name\":\"Webcam sur l'Etna en direct \u00e0 l'Observatoire volcanologique de l'Etna Nord\",\"isPartOf\":{\"@id\":\"https:\\\/\\\/guidevulcanologicheetna.it\\\/fr\\\/#website\"},\"primaryImageOfPage\":{\"@id\":\"https:\\\/\\\/guidevulcanologicheetna.it\\\/fr\\\/webcam-sur-letna-en-direct\\\/#primaryimage\"},\"image\":{\"@id\":\"https:\\\/\\\/guidevulcanologicheetna.it\\\/fr\\\/webcam-sur-letna-en-direct\\\/#primaryimage\"},\"thumbnailUrl\":\"https:\\\/\\\/guidevulcanologicheetna.it\\\/wp-content\\\/uploads\\\/2019\\\/12\\\/Etna-webcam-live-.-diretta-Guide.jpg\",\"datePublished\":\"2019-11-01T09:03:11+00:00\",\"dateModified\":\"2025-12-14T13:17:12+00:00\",\"description\":\"Suivez la webcam en direct sur l'Etna \u00e0 l'Observatoire Volcanologique \u00e0 une altitude de 2800 m (Etna Nord), vue des Crat\u00e8res Sommet\",\"breadcrumb\":{\"@id\":\"https:\\\/\\\/guidevulcanologicheetna.it\\\/fr\\\/webcam-sur-letna-en-direct\\\/#breadcrumb\"},\"inLanguage\":\"fr-FR\",\"potentialAction\":[{\"@type\":\"ReadAction\",\"target\":[\"https:\\\/\\\/guidevulcanologicheetna.it\\\/fr\\\/webcam-sur-letna-en-direct\\\/\"]}]},{\"@type\":\"ImageObject\",\"inLanguage\":\"fr-FR\",\"@id\":\"https:\\\/\\\/guidevulcanologicheetna.it\\\/fr\\\/webcam-sur-letna-en-direct\\\/#primaryimage\",\"url\":\"https:\\\/\\\/guidevulcanologicheetna.it\\\/wp-content\\\/uploads\\\/2019\\\/12\\\/Etna-webcam-live-.-diretta-Guide.jpg\",\"contentUrl\":\"https:\\\/\\\/guidevulcanologicheetna.it\\\/wp-content\\\/uploads\\\/2019\\\/12\\\/Etna-webcam-live-.-diretta-Guide.jpg\",\"width\":1890,\"height\":1080},{\"@type\":\"BreadcrumbList\",\"@id\":\"https:\\\/\\\/guidevulcanologicheetna.it\\\/fr\\\/webcam-sur-letna-en-direct\\\/#breadcrumb\",\"itemListElement\":[{\"@type\":\"ListItem\",\"position\":1,\"name\":\"Home\",\"item\":\"https:\\\/\\\/guidevulcanologicheetna.it\\\/fr\\\/\"},{\"@type\":\"ListItem\",\"position\":2,\"name\":\"Etna &#8211; Webcam en direct\"}]},{\"@type\":\"WebSite\",\"@id\":\"https:\\\/\\\/guidevulcanologicheetna.it\\\/fr\\\/#website\",\"url\":\"https:\\\/\\\/guidevulcanologicheetna.it\\\/fr\\\/\",\"name\":\"Guide Vulcanologiche Etna Nord\",\"description\":\"Guide Etna Abilitate\",\"potentialAction\":[{\"@type\":\"SearchAction\",\"target\":{\"@type\":\"EntryPoint\",\"urlTemplate\":\"https:\\\/\\\/guidevulcanologicheetna.it\\\/fr\\\/?s={search_term_string}\"},\"query-input\":{\"@type\":\"PropertyValueSpecification\",\"valueRequired\":true,\"valueName\":\"search_term_string\"}}],\"inLanguage\":\"fr-FR\"}]}<\/script>\n<!-- \/ Yoast SEO plugin. -->","yoast_head_json":{"title":"Webcam sur l'Etna en direct \u00e0 l'Observatoire volcanologique de l'Etna Nord","description":"Suivez la webcam en direct sur l'Etna \u00e0 l'Observatoire Volcanologique \u00e0 une altitude de 2800 m (Etna Nord), vue des Crat\u00e8res Sommet","robots":{"index":"index","follow":"follow","max-snippet":"max-snippet:-1","max-image-preview":"max-image-preview:large","max-video-preview":"max-video-preview:-1"},"canonical":"https:\/\/guidevulcanologicheetna.it\/fr\/webcam-sur-letna-en-direct\/","og_locale":"fr_FR","og_type":"article","og_title":"Webcam sur l'Etna en direct \u00e0 l'Observatoire volcanologique de l'Etna Nord","og_description":"Suivez la webcam en direct sur l'Etna \u00e0 l'Observatoire Volcanologique \u00e0 une altitude de 2800 m (Etna Nord), vue des Crat\u00e8res Sommet","og_url":"https:\/\/guidevulcanologicheetna.it\/fr\/webcam-sur-letna-en-direct\/","og_site_name":"Guide Vulcanologiche Etna Nord","article_publisher":"https:\/\/www.facebook.com\/guidevulcanologiche\/?ref=ts&amp%3bamp%3bamp%3bfref=ts","article_modified_time":"2025-12-14T13:17:12+00:00","og_image":[{"width":1890,"height":1080,"url":"https:\/\/guidevulcanologicheetna.it\/wp-content\/uploads\/2019\/12\/Etna-webcam-live-.-diretta-Guide.jpg","type":"image\/jpeg"}],"twitter_card":"summary_large_image","twitter_misc":{"Dur\u00e9e de lecture estim\u00e9e":"1 minute"},"schema":{"@context":"https:\/\/schema.org","@graph":[{"@type":"WebPage","@id":"https:\/\/guidevulcanologicheetna.it\/fr\/webcam-sur-letna-en-direct\/","url":"https:\/\/guidevulcanologicheetna.it\/fr\/webcam-sur-letna-en-direct\/","name":"Webcam sur l'Etna en direct \u00e0 l'Observatoire volcanologique de l'Etna Nord","isPartOf":{"@id":"https:\/\/guidevulcanologicheetna.it\/fr\/#website"},"primaryImageOfPage":{"@id":"https:\/\/guidevulcanologicheetna.it\/fr\/webcam-sur-letna-en-direct\/#primaryimage"},"image":{"@id":"https:\/\/guidevulcanologicheetna.it\/fr\/webcam-sur-letna-en-direct\/#primaryimage"},"thumbnailUrl":"https:\/\/guidevulcanologicheetna.it\/wp-content\/uploads\/2019\/12\/Etna-webcam-live-.-diretta-Guide.jpg","datePublished":"2019-11-01T09:03:11+00:00","dateModified":"2025-12-14T13:17:12+00:00","description":"Suivez la webcam en direct sur l'Etna \u00e0 l'Observatoire Volcanologique \u00e0 une altitude de 2800 m (Etna Nord), vue des Crat\u00e8res Sommet","breadcrumb":{"@id":"https:\/\/guidevulcanologicheetna.it\/fr\/webcam-sur-letna-en-direct\/#breadcrumb"},"inLanguage":"fr-FR","potentialAction":[{"@type":"ReadAction","target":["https:\/\/guidevulcanologicheetna.it\/fr\/webcam-sur-letna-en-direct\/"]}]},{"@type":"ImageObject","inLanguage":"fr-FR","@id":"https:\/\/guidevulcanologicheetna.it\/fr\/webcam-sur-letna-en-direct\/#primaryimage","url":"https:\/\/guidevulcanologicheetna.it\/wp-content\/uploads\/2019\/12\/Etna-webcam-live-.-diretta-Guide.jpg","contentUrl":"https:\/\/guidevulcanologicheetna.it\/wp-content\/uploads\/2019\/12\/Etna-webcam-live-.-diretta-Guide.jpg","width":1890,"height":1080},{"@type":"BreadcrumbList","@id":"https:\/\/guidevulcanologicheetna.it\/fr\/webcam-sur-letna-en-direct\/#breadcrumb","itemListElement":[{"@type":"ListItem","position":1,"name":"Home","item":"https:\/\/guidevulcanologicheetna.it\/fr\/"},{"@type":"ListItem","position":2,"name":"Etna &#8211; Webcam en direct"}]},{"@type":"WebSite","@id":"https:\/\/guidevulcanologicheetna.it\/fr\/#website","url":"https:\/\/guidevulcanologicheetna.it\/fr\/","name":"Guide Vulcanologiche Etna Nord","description":"Guide Etna Abilitate","potentialAction":[{"@type":"SearchAction","target":{"@type":"EntryPoint","urlTemplate":"https:\/\/guidevulcanologicheetna.it\/fr\/?s={search_term_string}"},"query-input":{"@type":"PropertyValueSpecification","valueRequired":true,"valueName":"search_term_string"}}],"inLanguage":"fr-FR"}]}},"_links":{"self":[{"href":"https:\/\/guidevulcanologicheetna.it\/fr\/wp-json\/wp\/v2\/pages\/33568","targetHints":{"allow":["GET"]}}],"collection":[{"href":"https:\/\/guidevulcanologicheetna.it\/fr\/wp-json\/wp\/v2\/pages"}],"about":[{"href":"https:\/\/guidevulcanologicheetna.it\/fr\/wp-json\/wp\/v2\/types\/page"}],"author":[{"embeddable":true,"href":"https:\/\/guidevulcanologicheetna.it\/fr\/wp-json\/wp\/v2\/users\/2"}],"replies":[{"embeddable":true,"href":"https:\/\/guidevulcanologicheetna.it\/fr\/wp-json\/wp\/v2\/comments?post=33568"}],"version-history":[{"count":13,"href":"https:\/\/guidevulcanologicheetna.it\/fr\/wp-json\/wp\/v2\/pages\/33568\/revisions"}],"predecessor-version":[{"id":61880,"href":"https:\/\/guidevulcanologicheetna.it\/fr\/wp-json\/wp\/v2\/pages\/33568\/revisions\/61880"}],"wp:featuredmedia":[{"embeddable":true,"href":"https:\/\/guidevulcanologicheetna.it\/fr\/wp-json\/wp\/v2\/media\/33758"}],"wp:attachment":[{"href":"https:\/\/guidevulcanologicheetna.it\/fr\/wp-json\/wp\/v2\/media?parent=33568"}],"curies":[{"name":"wp","href":"https:\/\/api.w.org\/{rel}","templated":true}]}}