{"id":34799,"date":"2020-11-04T08:03:56","date_gmt":"2020-11-04T07:03:56","guid":{"rendered":"https:\/\/guidevulcanologicheetna.it\/?page_id=34799"},"modified":"2024-02-21T12:43:37","modified_gmt":"2024-02-21T11:43:37","slug":"nouvelles-sur-le-volcan-etna","status":"publish","type":"page","link":"https:\/\/guidevulcanologicheetna.it\/fr\/nouvelles-sur-le-volcan-etna\/","title":{"rendered":"Actualit\u00e9s"},"content":{"rendered":"<p>[et_pb_section fb_built=\u00a0\u00bb1&Prime; fullwidth=\u00a0\u00bbon\u00a0\u00bb _builder_version=\u00a0\u00bb4.16&Prime; background_color=\u00a0\u00bbrgba(255,255,255,0)\u00a0\u00bb transparent_background=\u00a0\u00bbon\u00a0\u00bb global_colors_info=\u00a0\u00bb{}\u00a0\u00bb][et_pb_fullwidth_header title=\u00a0\u00bbActualit\u00e9s\u00a0\u00bb text_orientation=\u00a0\u00bbcenter\u00a0\u00bb header_fullscreen=\u00a0\u00bbon\u00a0\u00bb background_overlay_color=\u00a0\u00bbrgba(0,0,0,0.5)\u00a0\u00bb logo_image_url=\u00a0\u00bbhttps:\/\/guidevulcanologicheetna.it\/wp-content\/uploads\/2017\/03\/Guide_vulcanologiche_Etna_Logo_200.png\u00a0\u00bb _builder_version=\u00a0\u00bb4.24.1&Prime; title_text_color=\u00a0\u00bb#ffea40&Prime; background_color=\u00a0\u00bbrgba(255, 255, 255, 0)\u00a0\u00bb background_image=\u00a0\u00bbhttps:\/\/guidevulcanologicheetna.it\/wp-content\/uploads\/2017\/04\/Guide_Vulcanologiche_Etna_BG-1.jpg\u00a0\u00bb hover_enabled=\u00a0\u00bb0&Prime; background_url=\u00a0\u00bbhttps:\/\/guidevulcanologicheetna.it\/wp-content\/uploads\/2017\/04\/Guide_Vulcanologiche_Etna_BG-1.jpg\u00a0\u00bb global_colors_info=\u00a0\u00bb{}\u00a0\u00bb button_one_text_size__hover_enabled=\u00a0\u00bboff\u00a0\u00bb button_one_text_size__hover=\u00a0\u00bbnull\u00a0\u00bb button_two_text_size__hover_enabled=\u00a0\u00bboff\u00a0\u00bb button_two_text_size__hover=\u00a0\u00bbnull\u00a0\u00bb button_one_text_color__hover_enabled=\u00a0\u00bboff\u00a0\u00bb button_one_text_color__hover=\u00a0\u00bbnull\u00a0\u00bb button_two_text_color__hover_enabled=\u00a0\u00bboff\u00a0\u00bb button_two_text_color__hover=\u00a0\u00bbnull\u00a0\u00bb button_one_border_width__hover_enabled=\u00a0\u00bboff\u00a0\u00bb button_one_border_width__hover=\u00a0\u00bbnull\u00a0\u00bb button_two_border_width__hover_enabled=\u00a0\u00bboff\u00a0\u00bb button_two_border_width__hover=\u00a0\u00bbnull\u00a0\u00bb button_one_border_color__hover_enabled=\u00a0\u00bboff\u00a0\u00bb button_one_border_color__hover=\u00a0\u00bbnull\u00a0\u00bb button_two_border_color__hover_enabled=\u00a0\u00bboff\u00a0\u00bb button_two_border_color__hover=\u00a0\u00bbnull\u00a0\u00bb button_one_border_radius__hover_enabled=\u00a0\u00bboff\u00a0\u00bb button_one_border_radius__hover=\u00a0\u00bbnull\u00a0\u00bb button_two_border_radius__hover_enabled=\u00a0\u00bboff\u00a0\u00bb button_two_border_radius__hover=\u00a0\u00bbnull\u00a0\u00bb button_one_letter_spacing__hover_enabled=\u00a0\u00bboff\u00a0\u00bb button_one_letter_spacing__hover=\u00a0\u00bbnull\u00a0\u00bb button_two_letter_spacing__hover_enabled=\u00a0\u00bboff\u00a0\u00bb button_two_letter_spacing__hover=\u00a0\u00bbnull\u00a0\u00bb button_one_bg_color__hover_enabled=\u00a0\u00bboff\u00a0\u00bb button_one_bg_color__hover=\u00a0\u00bbnull\u00a0\u00bb button_two_bg_color__hover_enabled=\u00a0\u00bboff\u00a0\u00bb button_two_bg_color__hover=\u00a0\u00bbnull\u00a0\u00bb sticky_enabled=\u00a0\u00bb0&Prime;][\/et_pb_fullwidth_header][\/et_pb_section][et_pb_section fb_built=\u00a0\u00bb1&Prime; _builder_version=\u00a0\u00bb4.16&Prime; global_colors_info=\u00a0\u00bb{}\u00a0\u00bb][et_pb_row column_structure=\u00a0\u00bb2_3,1_3&Prime; use_custom_gutter=\u00a0\u00bbon\u00a0\u00bb gutter_width=\u00a0\u00bb2&Prime; make_equal=\u00a0\u00bbon\u00a0\u00bb module_class=\u00a0\u00bbcustom_blog et_pb_row_fullwidth\u00a0\u00bb _builder_version=\u00a0\u00bb4.24.0&Prime; background_size=\u00a0\u00bbinitial\u00a0\u00bb background_position=\u00a0\u00bbtop_left\u00a0\u00bb background_repeat=\u00a0\u00bbrepeat\u00a0\u00bb width=\u00a0\u00bb90%\u00a0\u00bb width_tablet=\u00a0\u00bb80%\u00a0\u00bb width_phone=\u00a0\u00bb\u00a0\u00bb width_last_edited=\u00a0\u00bbon|desktop\u00a0\u00bb max_width=\u00a0\u00bb100%\u00a0\u00bb max_width_tablet=\u00a0\u00bb80%\u00a0\u00bb max_width_phone=\u00a0\u00bb\u00a0\u00bb max_width_last_edited=\u00a0\u00bbon|desktop\u00a0\u00bb custom_padding=\u00a0\u00bb5%|5%|5%|5%\u00a0\u00bb make_fullwidth=\u00a0\u00bbon\u00a0\u00bb global_colors_info=\u00a0\u00bb{}\u00a0\u00bb][et_pb_column type=\u00a0\u00bb2_3&Prime; _builder_version=\u00a0\u00bb4.16&Prime; custom_padding=\u00a0\u00bb|||\u00a0\u00bb global_colors_info=\u00a0\u00bb{}\u00a0\u00bb custom_padding__hover=\u00a0\u00bb|||\u00a0\u00bb][et_pb_blog fullwidth=\u00a0\u00bboff\u00a0\u00bb posts_number=\u00a0\u00bb5&Prime; include_categories=\u00a0\u00bb16&Prime; excerpt_length=\u00a0\u00bb160&Prime; show_more=\u00a0\u00bbon\u00a0\u00bb show_author=\u00a0\u00bboff\u00a0\u00bb show_date=\u00a0\u00bboff\u00a0\u00bb show_categories=\u00a0\u00bboff\u00a0\u00bb use_overlay=\u00a0\u00bbon\u00a0\u00bb overlay_icon_color=\u00a0\u00bb#ffea40&Prime; hover_overlay_color=\u00a0\u00bbrgba(0,0,0,0.63)\u00a0\u00bb hover_icon=\u00a0\u00bb&#x50;||divi||400&Prime; module_class=\u00a0\u00bbet_blog_grid_equal_height\u00a0\u00bb _builder_version=\u00a0\u00bb4.24.0&Prime; read_more_font=\u00a0\u00bb|||on|||||\u00a0\u00bb read_more_text_color=\u00a0\u00bb#000000&Prime; read_more_letter_spacing=\u00a0\u00bb1px\u00a0\u00bb pagination_font=\u00a0\u00bb|||on|||||\u00a0\u00bb pagination_text_color=\u00a0\u00bb#000000&Prime; pagination_letter_spacing=\u00a0\u00bb1px\u00a0\u00bb pagination_font_size_tablet=\u00a0\u00bb51&Prime; pagination_line_height_tablet=\u00a0\u00bb2&Prime; custom_css_read_more=\u00a0\u00bbdisplay: inline-block;||text-align: right;||float: right;||background-color:#ffea40;||padding: 0.3em 1em;||margin-top: 10px;\u00a0\u00bb global_colors_info=\u00a0\u00bb{}\u00a0\u00bb custom_css_read_more__hover_enabled=\u00a0\u00bbon|hover\u00a0\u00bb custom_css_read_more__hover=\u00a0\u00bbbackground-color:rgba(0,0,0,0)!important;||box-shadow: inset 0 0 0 2px #ffea40;||transition: background-color .3s ease-out;\u00a0\u00bb]<\/p>\n<p>\n&nbsp;<\/p>\n<p>[\/et_pb_blog][\/et_pb_column][et_pb_column type=\u00a0\u00bb1_3&Prime; _builder_version=\u00a0\u00bb4.16&Prime; custom_padding=\u00a0\u00bb|||\u00a0\u00bb global_colors_info=\u00a0\u00bb{}\u00a0\u00bb custom_padding__hover=\u00a0\u00bb|||\u00a0\u00bb][et_pb_sidebar orientation=\u00a0\u00bbright\u00a0\u00bb _builder_version=\u00a0\u00bb4.24.0&Prime; global_colors_info=\u00a0\u00bb{}\u00a0\u00bb][\/et_pb_sidebar][\/et_pb_column][\/et_pb_row][\/et_pb_section]<\/p>\n","protected":false},"excerpt":{"rendered":"<p>&nbsp;<\/p>\n","protected":false},"author":2,"featured_media":40533,"parent":0,"menu_order":0,"comment_status":"closed","ping_status":"closed","template":"","meta":{"_et_pb_use_builder":"on","_et_pb_old_content":"","_et_gb_content_width":"","footnotes":""},"class_list":["post-34799","page","type-page","status-publish","has-post-thumbnail","hentry"],"yoast_head":"<!-- This site is optimized with the Yoast SEO plugin v27.3 - https:\/\/yoast.com\/product\/yoast-seo-wordpress\/ -->\n<title>Des nouvelles sur le volcan Etna, sur les excursions, le trekking, les \u00e9ruptions, les ordonnances etc.<\/title>\n<meta name=\"description\" content=\"Toute l&#039;actualit\u00e9 sur l&#039;activit\u00e9 du volcan Etna: excursions, interdictions, ordonnances syndicales en vigueur, activit\u00e9s sportives et bien plus encore ...\" \/>\n<meta name=\"robots\" content=\"index, follow, max-snippet:-1, max-image-preview:large, max-video-preview:-1\" \/>\n<link rel=\"canonical\" href=\"https:\/\/guidevulcanologicheetna.it\/fr\/nouvelles-sur-le-volcan-etna\/\" \/>\n<meta property=\"og:locale\" content=\"fr_FR\" \/>\n<meta property=\"og:type\" content=\"article\" \/>\n<meta property=\"og:title\" content=\"Des nouvelles sur le volcan Etna, sur les excursions, le trekking, les \u00e9ruptions, les ordonnances etc.\" \/>\n<meta property=\"og:description\" content=\"Toute l&#039;actualit\u00e9 sur l&#039;activit\u00e9 du volcan Etna: excursions, interdictions, ordonnances syndicales en vigueur, activit\u00e9s sportives et bien plus encore ...\" \/>\n<meta property=\"og:url\" content=\"https:\/\/guidevulcanologicheetna.it\/fr\/nouvelles-sur-le-volcan-etna\/\" \/>\n<meta property=\"og:site_name\" content=\"Guide Vulcanologiche Etna Nord\" \/>\n<meta property=\"article:publisher\" content=\"https:\/\/www.facebook.com\/guidevulcanologiche\/?ref=ts&amp;amp%3bamp%3bamp%3bfref=ts\" \/>\n<meta property=\"article:modified_time\" content=\"2024-02-21T11:43:37+00:00\" \/>\n<meta property=\"og:image\" content=\"https:\/\/guidevulcanologicheetna.it\/wp-content\/uploads\/2022\/08\/Informazioni-sullEtna-Informationen-zum-Atna-Trekking-Ausfluge-zu-den-Kratern-des-Vulkans-.Information-about-Etna-trekking-excursions-informations-sur-lEtna-JPG-scaled.jpg\" \/>\n\t<meta property=\"og:image:width\" content=\"1200\" \/>\n\t<meta property=\"og:image:height\" content=\"800\" \/>\n\t<meta property=\"og:image:type\" content=\"image\/jpeg\" \/>\n<meta name=\"twitter:card\" content=\"summary_large_image\" \/>\n<meta name=\"twitter:label1\" content=\"Dur\u00e9e de lecture estim\u00e9e\" \/>\n\t<meta name=\"twitter:data1\" content=\"1 minute\" \/>\n<script type=\"application\/ld+json\" class=\"yoast-schema-graph\">{\"@context\":\"https:\\\/\\\/schema.org\",\"@graph\":[{\"@type\":\"WebPage\",\"@id\":\"https:\\\/\\\/guidevulcanologicheetna.it\\\/fr\\\/nouvelles-sur-le-volcan-etna\\\/\",\"url\":\"https:\\\/\\\/guidevulcanologicheetna.it\\\/fr\\\/nouvelles-sur-le-volcan-etna\\\/\",\"name\":\"Des nouvelles sur le volcan Etna, sur les excursions, le trekking, les \u00e9ruptions, les ordonnances etc.\",\"isPartOf\":{\"@id\":\"https:\\\/\\\/guidevulcanologicheetna.it\\\/fr\\\/#website\"},\"primaryImageOfPage\":{\"@id\":\"https:\\\/\\\/guidevulcanologicheetna.it\\\/fr\\\/nouvelles-sur-le-volcan-etna\\\/#primaryimage\"},\"image\":{\"@id\":\"https:\\\/\\\/guidevulcanologicheetna.it\\\/fr\\\/nouvelles-sur-le-volcan-etna\\\/#primaryimage\"},\"thumbnailUrl\":\"https:\\\/\\\/guidevulcanologicheetna.it\\\/wp-content\\\/uploads\\\/2022\\\/08\\\/Informazioni-sullEtna-Informationen-zum-Atna-Trekking-Ausfluge-zu-den-Kratern-des-Vulkans-.Information-about-Etna-trekking-excursions-informations-sur-lEtna-JPG-scaled.jpg\",\"datePublished\":\"2020-11-04T07:03:56+00:00\",\"dateModified\":\"2024-02-21T11:43:37+00:00\",\"description\":\"Toute l'actualit\u00e9 sur l'activit\u00e9 du volcan Etna: excursions, interdictions, ordonnances syndicales en vigueur, activit\u00e9s sportives et bien plus encore ...\",\"breadcrumb\":{\"@id\":\"https:\\\/\\\/guidevulcanologicheetna.it\\\/fr\\\/nouvelles-sur-le-volcan-etna\\\/#breadcrumb\"},\"inLanguage\":\"fr-FR\",\"potentialAction\":[{\"@type\":\"ReadAction\",\"target\":[\"https:\\\/\\\/guidevulcanologicheetna.it\\\/fr\\\/nouvelles-sur-le-volcan-etna\\\/\"]}]},{\"@type\":\"ImageObject\",\"inLanguage\":\"fr-FR\",\"@id\":\"https:\\\/\\\/guidevulcanologicheetna.it\\\/fr\\\/nouvelles-sur-le-volcan-etna\\\/#primaryimage\",\"url\":\"https:\\\/\\\/guidevulcanologicheetna.it\\\/wp-content\\\/uploads\\\/2022\\\/08\\\/Informazioni-sullEtna-Informationen-zum-Atna-Trekking-Ausfluge-zu-den-Kratern-des-Vulkans-.Information-about-Etna-trekking-excursions-informations-sur-lEtna-JPG-scaled.jpg\",\"contentUrl\":\"https:\\\/\\\/guidevulcanologicheetna.it\\\/wp-content\\\/uploads\\\/2022\\\/08\\\/Informazioni-sullEtna-Informationen-zum-Atna-Trekking-Ausfluge-zu-den-Kratern-des-Vulkans-.Information-about-Etna-trekking-excursions-informations-sur-lEtna-JPG-scaled.jpg\",\"width\":1200,\"height\":800},{\"@type\":\"BreadcrumbList\",\"@id\":\"https:\\\/\\\/guidevulcanologicheetna.it\\\/fr\\\/nouvelles-sur-le-volcan-etna\\\/#breadcrumb\",\"itemListElement\":[{\"@type\":\"ListItem\",\"position\":1,\"name\":\"Home\",\"item\":\"https:\\\/\\\/guidevulcanologicheetna.it\\\/fr\\\/\"},{\"@type\":\"ListItem\",\"position\":2,\"name\":\"Actualit\u00e9s\"}]},{\"@type\":\"WebSite\",\"@id\":\"https:\\\/\\\/guidevulcanologicheetna.it\\\/fr\\\/#website\",\"url\":\"https:\\\/\\\/guidevulcanologicheetna.it\\\/fr\\\/\",\"name\":\"Guide Vulcanologiche Etna Nord\",\"description\":\"Guide Etna Abilitate\",\"potentialAction\":[{\"@type\":\"SearchAction\",\"target\":{\"@type\":\"EntryPoint\",\"urlTemplate\":\"https:\\\/\\\/guidevulcanologicheetna.it\\\/fr\\\/?s={search_term_string}\"},\"query-input\":{\"@type\":\"PropertyValueSpecification\",\"valueRequired\":true,\"valueName\":\"search_term_string\"}}],\"inLanguage\":\"fr-FR\"}]}<\/script>\n<!-- \/ Yoast SEO plugin. -->","yoast_head_json":{"title":"Des nouvelles sur le volcan Etna, sur les excursions, le trekking, les \u00e9ruptions, les ordonnances etc.","description":"Toute l'actualit\u00e9 sur l'activit\u00e9 du volcan Etna: excursions, interdictions, ordonnances syndicales en vigueur, activit\u00e9s sportives et bien plus encore ...","robots":{"index":"index","follow":"follow","max-snippet":"max-snippet:-1","max-image-preview":"max-image-preview:large","max-video-preview":"max-video-preview:-1"},"canonical":"https:\/\/guidevulcanologicheetna.it\/fr\/nouvelles-sur-le-volcan-etna\/","og_locale":"fr_FR","og_type":"article","og_title":"Des nouvelles sur le volcan Etna, sur les excursions, le trekking, les \u00e9ruptions, les ordonnances etc.","og_description":"Toute l'actualit\u00e9 sur l'activit\u00e9 du volcan Etna: excursions, interdictions, ordonnances syndicales en vigueur, activit\u00e9s sportives et bien plus encore ...","og_url":"https:\/\/guidevulcanologicheetna.it\/fr\/nouvelles-sur-le-volcan-etna\/","og_site_name":"Guide Vulcanologiche Etna Nord","article_publisher":"https:\/\/www.facebook.com\/guidevulcanologiche\/?ref=ts&amp%3bamp%3bamp%3bfref=ts","article_modified_time":"2024-02-21T11:43:37+00:00","og_image":[{"width":1200,"height":800,"url":"https:\/\/guidevulcanologicheetna.it\/wp-content\/uploads\/2022\/08\/Informazioni-sullEtna-Informationen-zum-Atna-Trekking-Ausfluge-zu-den-Kratern-des-Vulkans-.Information-about-Etna-trekking-excursions-informations-sur-lEtna-JPG-scaled.jpg","type":"image\/jpeg"}],"twitter_card":"summary_large_image","twitter_misc":{"Dur\u00e9e de lecture estim\u00e9e":"1 minute"},"schema":{"@context":"https:\/\/schema.org","@graph":[{"@type":"WebPage","@id":"https:\/\/guidevulcanologicheetna.it\/fr\/nouvelles-sur-le-volcan-etna\/","url":"https:\/\/guidevulcanologicheetna.it\/fr\/nouvelles-sur-le-volcan-etna\/","name":"Des nouvelles sur le volcan Etna, sur les excursions, le trekking, les \u00e9ruptions, les ordonnances etc.","isPartOf":{"@id":"https:\/\/guidevulcanologicheetna.it\/fr\/#website"},"primaryImageOfPage":{"@id":"https:\/\/guidevulcanologicheetna.it\/fr\/nouvelles-sur-le-volcan-etna\/#primaryimage"},"image":{"@id":"https:\/\/guidevulcanologicheetna.it\/fr\/nouvelles-sur-le-volcan-etna\/#primaryimage"},"thumbnailUrl":"https:\/\/guidevulcanologicheetna.it\/wp-content\/uploads\/2022\/08\/Informazioni-sullEtna-Informationen-zum-Atna-Trekking-Ausfluge-zu-den-Kratern-des-Vulkans-.Information-about-Etna-trekking-excursions-informations-sur-lEtna-JPG-scaled.jpg","datePublished":"2020-11-04T07:03:56+00:00","dateModified":"2024-02-21T11:43:37+00:00","description":"Toute l'actualit\u00e9 sur l'activit\u00e9 du volcan Etna: excursions, interdictions, ordonnances syndicales en vigueur, activit\u00e9s sportives et bien plus encore ...","breadcrumb":{"@id":"https:\/\/guidevulcanologicheetna.it\/fr\/nouvelles-sur-le-volcan-etna\/#breadcrumb"},"inLanguage":"fr-FR","potentialAction":[{"@type":"ReadAction","target":["https:\/\/guidevulcanologicheetna.it\/fr\/nouvelles-sur-le-volcan-etna\/"]}]},{"@type":"ImageObject","inLanguage":"fr-FR","@id":"https:\/\/guidevulcanologicheetna.it\/fr\/nouvelles-sur-le-volcan-etna\/#primaryimage","url":"https:\/\/guidevulcanologicheetna.it\/wp-content\/uploads\/2022\/08\/Informazioni-sullEtna-Informationen-zum-Atna-Trekking-Ausfluge-zu-den-Kratern-des-Vulkans-.Information-about-Etna-trekking-excursions-informations-sur-lEtna-JPG-scaled.jpg","contentUrl":"https:\/\/guidevulcanologicheetna.it\/wp-content\/uploads\/2022\/08\/Informazioni-sullEtna-Informationen-zum-Atna-Trekking-Ausfluge-zu-den-Kratern-des-Vulkans-.Information-about-Etna-trekking-excursions-informations-sur-lEtna-JPG-scaled.jpg","width":1200,"height":800},{"@type":"BreadcrumbList","@id":"https:\/\/guidevulcanologicheetna.it\/fr\/nouvelles-sur-le-volcan-etna\/#breadcrumb","itemListElement":[{"@type":"ListItem","position":1,"name":"Home","item":"https:\/\/guidevulcanologicheetna.it\/fr\/"},{"@type":"ListItem","position":2,"name":"Actualit\u00e9s"}]},{"@type":"WebSite","@id":"https:\/\/guidevulcanologicheetna.it\/fr\/#website","url":"https:\/\/guidevulcanologicheetna.it\/fr\/","name":"Guide Vulcanologiche Etna Nord","description":"Guide Etna Abilitate","potentialAction":[{"@type":"SearchAction","target":{"@type":"EntryPoint","urlTemplate":"https:\/\/guidevulcanologicheetna.it\/fr\/?s={search_term_string}"},"query-input":{"@type":"PropertyValueSpecification","valueRequired":true,"valueName":"search_term_string"}}],"inLanguage":"fr-FR"}]}},"_links":{"self":[{"href":"https:\/\/guidevulcanologicheetna.it\/fr\/wp-json\/wp\/v2\/pages\/34799","targetHints":{"allow":["GET"]}}],"collection":[{"href":"https:\/\/guidevulcanologicheetna.it\/fr\/wp-json\/wp\/v2\/pages"}],"about":[{"href":"https:\/\/guidevulcanologicheetna.it\/fr\/wp-json\/wp\/v2\/types\/page"}],"author":[{"embeddable":true,"href":"https:\/\/guidevulcanologicheetna.it\/fr\/wp-json\/wp\/v2\/users\/2"}],"replies":[{"embeddable":true,"href":"https:\/\/guidevulcanologicheetna.it\/fr\/wp-json\/wp\/v2\/comments?post=34799"}],"version-history":[{"count":3,"href":"https:\/\/guidevulcanologicheetna.it\/fr\/wp-json\/wp\/v2\/pages\/34799\/revisions"}],"predecessor-version":[{"id":47004,"href":"https:\/\/guidevulcanologicheetna.it\/fr\/wp-json\/wp\/v2\/pages\/34799\/revisions\/47004"}],"wp:featuredmedia":[{"embeddable":true,"href":"https:\/\/guidevulcanologicheetna.it\/fr\/wp-json\/wp\/v2\/media\/40533"}],"wp:attachment":[{"href":"https:\/\/guidevulcanologicheetna.it\/fr\/wp-json\/wp\/v2\/media?parent=34799"}],"curies":[{"name":"wp","href":"https:\/\/api.w.org\/{rel}","templated":true}]}}