{"id":35253,"date":"2020-12-20T22:12:19","date_gmt":"2020-12-20T21:12:19","guid":{"rendered":"https:\/\/guidevulcanologicheetna.it\/avertissements\/"},"modified":"2020-12-20T22:12:26","modified_gmt":"2020-12-20T21:12:26","slug":"avertissements","status":"publish","type":"page","link":"https:\/\/guidevulcanologicheetna.it\/fr\/avertissements\/","title":{"rendered":"Avertissements"},"content":{"rendered":"<p>[et_pb_section fb_built=\u00a0\u00bb1&Prime; fullwidth=\u00a0\u00bbon\u00a0\u00bb _builder_version=\u00a0\u00bb3.29.3&Prime; background_color=\u00a0\u00bbrgba(255,255,255,0)\u00a0\u00bb transparent_background=\u00a0\u00bbon\u00a0\u00bb][et_pb_fullwidth_header title=\u00a0\u00bbLIBERATORIA | DISCLAIMER | ACCEPTATION DU R\u00c8GLEMENT | EINSCHREIBUNGSFORMULAR |  ACEPTACION DE LAS REGLAS \u00a0\u00bb text_orientation=\u00a0\u00bbcenter\u00a0\u00bb header_fullscreen=\u00a0\u00bbon\u00a0\u00bb background_overlay_color=\u00a0\u00bbrgba(0,0,0,0.5)\u00a0\u00bb logo_image_url=\u00a0\u00bbhttps:\/\/guidevulcanologicheetna.it\/wp-content\/uploads\/2017\/03\/Guide_vulcanologiche_Etna_Logo_200.png\u00a0\u00bb _builder_version=\u00a0\u00bb3.29.3&Prime; title_line_height=\u00a0\u00bb1.4em\u00a0\u00bb background_color=\u00a0\u00bbrgba(255,255,255,0)\u00a0\u00bb background_image=\u00a0\u00bbhttps:\/\/guidevulcanologicheetna.it\/wp-content\/uploads\/2017\/04\/Guide_Vulcanologiche_Etna_BG-1.jpg\u00a0\u00bb button_one_text_size__hover_enabled=\u00a0\u00bboff\u00a0\u00bb button_one_text_size__hover=\u00a0\u00bbnull\u00a0\u00bb button_two_text_size__hover_enabled=\u00a0\u00bboff\u00a0\u00bb button_two_text_size__hover=\u00a0\u00bbnull\u00a0\u00bb button_one_text_color__hover_enabled=\u00a0\u00bboff\u00a0\u00bb button_one_text_color__hover=\u00a0\u00bbnull\u00a0\u00bb button_two_text_color__hover_enabled=\u00a0\u00bboff\u00a0\u00bb button_two_text_color__hover=\u00a0\u00bbnull\u00a0\u00bb button_one_border_width__hover_enabled=\u00a0\u00bboff\u00a0\u00bb button_one_border_width__hover=\u00a0\u00bbnull\u00a0\u00bb button_two_border_width__hover_enabled=\u00a0\u00bboff\u00a0\u00bb button_two_border_width__hover=\u00a0\u00bbnull\u00a0\u00bb button_one_border_color__hover_enabled=\u00a0\u00bboff\u00a0\u00bb button_one_border_color__hover=\u00a0\u00bbnull\u00a0\u00bb button_two_border_color__hover_enabled=\u00a0\u00bboff\u00a0\u00bb button_two_border_color__hover=\u00a0\u00bbnull\u00a0\u00bb button_one_border_radius__hover_enabled=\u00a0\u00bboff\u00a0\u00bb button_one_border_radius__hover=\u00a0\u00bbnull\u00a0\u00bb button_two_border_radius__hover_enabled=\u00a0\u00bboff\u00a0\u00bb button_two_border_radius__hover=\u00a0\u00bbnull\u00a0\u00bb button_one_letter_spacing__hover_enabled=\u00a0\u00bboff\u00a0\u00bb button_one_letter_spacing__hover=\u00a0\u00bbnull\u00a0\u00bb button_two_letter_spacing__hover_enabled=\u00a0\u00bboff\u00a0\u00bb button_two_letter_spacing__hover=\u00a0\u00bbnull\u00a0\u00bb button_one_bg_color__hover_enabled=\u00a0\u00bboff\u00a0\u00bb button_one_bg_color__hover=\u00a0\u00bbnull\u00a0\u00bb button_two_bg_color__hover_enabled=\u00a0\u00bboff\u00a0\u00bb button_two_bg_color__hover=\u00a0\u00bbnull\u00a0\u00bb][\/et_pb_fullwidth_header][\/et_pb_section][et_pb_section fb_built=\u00a0\u00bb1&Prime; admin_label=\u00a0\u00bbsection\u00a0\u00bb _builder_version=\u00a0\u00bb3.22.3&Prime; background_color=\u00a0\u00bbrgba(0,0,0,0.8)\u00a0\u00bb custom_padding=\u00a0\u00bb5%||5%||true|\u00a0\u00bb transparent_background=\u00a0\u00bboff\u00a0\u00bb][et_pb_row column_structure=\u00a0\u00bb1_6,1_6,1_6,1_6,1_6,1_6&Prime; use_custom_gutter=\u00a0\u00bbon\u00a0\u00bb gutter_width=\u00a0\u00bb2&Prime; _builder_version=\u00a0\u00bb3.29.3&Prime; width=\u00a0\u00bb100%\u00a0\u00bb max_width=\u00a0\u00bb1200px\u00a0\u00bb][et_pb_column type=\u00a0\u00bb1_6&Prime; _builder_version=\u00a0\u00bb3.29.3&Prime;][et_pb_blurb title=\u00a0\u00bbD\u00e9claration de consentement \u00e9clair\u00e9 par groupe\u00a0\u00bb url=\u00a0\u00bbhttps:\/\/guidevulcanologicheetna.it\/wp-content\/uploads\/2019\/09\/Dichiarazione-di-consenso-informato-per-un-gruppo-di-partecipanti.pdf\u00a0\u00bb image=\u00a0\u00bbhttps:\/\/guidevulcanologicheetna.it\/wp-content\/uploads\/2019\/09\/group-1.png\u00a0\u00bb _builder_version=\u00a0\u00bb3.29.3&Prime; header_line_height=\u00a0\u00bb1.4em\u00a0\u00bb text_orientation=\u00a0\u00bbcenter\u00a0\u00bb background_layout=\u00a0\u00bbdark\u00a0\u00bb width=\u00a0\u00bb100%\u00a0\u00bb link_option_url=\u00a0\u00bbhttps:\/\/guidevulcanologicheetna.it\/wp-content\/uploads\/2019\/09\/Dichiarazione-di-consenso-informato-per-un-gruppo-di-partecipanti.pdf\u00a0\u00bb][\/et_pb_blurb][\/et_pb_column][et_pb_column type=\u00a0\u00bb1_6&Prime; _builder_version=\u00a0\u00bb3.29.3&Prime;][et_pb_blurb title=\u00a0\u00bbModulo di iscrizione all&rsquo;escursione e contestuale liberatoria\u00a0\u00bb url=\u00a0\u00bbhttps:\/\/guidevulcanologicheetna.it\/wp-content\/uploads\/2019\/09\/liberatoria-Italiano.pdf\u00a0\u00bb image=\u00a0\u00bbhttps:\/\/guidevulcanologicheetna.it\/wp-content\/uploads\/2019\/09\/it-it.png\u00a0\u00bb _builder_version=\u00a0\u00bb4.0.9&Prime; header_line_height=\u00a0\u00bb1.4em\u00a0\u00bb text_orientation=\u00a0\u00bbcenter\u00a0\u00bb background_layout=\u00a0\u00bbdark\u00a0\u00bb width=\u00a0\u00bb100%\u00a0\u00bb link_option_url=\u00a0\u00bbhttps:\/\/guidevulcanologicheetna.it\/wp-content\/uploads\/2019\/09\/liberatoria-Italiano.pdf\u00a0\u00bb][\/et_pb_blurb][\/et_pb_column][et_pb_column type=\u00a0\u00bb1_6&Prime; _builder_version=\u00a0\u00bb3.29.3&Prime;][et_pb_blurb title=\u00a0\u00bbEntry form for the tour and disclaimer\u00a0\u00bb url=\u00a0\u00bbhttps:\/\/guidevulcanologicheetna.it\/wp-content\/uploads\/2019\/09\/liberatoria-inglese.pdf\u00a0\u00bb image=\u00a0\u00bbhttps:\/\/guidevulcanologicheetna.it\/wp-content\/uploads\/2019\/09\/en-en.png\u00a0\u00bb _builder_version=\u00a0\u00bb4.0.9&Prime; header_line_height=\u00a0\u00bb1.4em\u00a0\u00bb text_orientation=\u00a0\u00bbcenter\u00a0\u00bb background_layout=\u00a0\u00bbdark\u00a0\u00bb width=\u00a0\u00bb100%\u00a0\u00bb link_option_url=\u00a0\u00bbhttps:\/\/guidevulcanologicheetna.it\/wp-content\/uploads\/2019\/09\/liberatoria-inglese.pdf\u00a0\u00bb][\/et_pb_blurb][\/et_pb_column][et_pb_column type=\u00a0\u00bb1_6&Prime; _builder_version=\u00a0\u00bb3.29.3&Prime;][et_pb_blurb title=\u00a0\u00bbFormulaire d&rsquo;inscription pour l&rsquo;excursion et acceptation du r\u00e8glement \u00a0\u00bb url=\u00a0\u00bbhttps:\/\/guidevulcanologicheetna.it\/wp-content\/uploads\/2019\/09\/liberatoria-francese-.pdf\u00a0\u00bb image=\u00a0\u00bbhttps:\/\/guidevulcanologicheetna.it\/wp-content\/uploads\/2019\/09\/fr-fr.png\u00a0\u00bb _builder_version=\u00a0\u00bb4.0.9&Prime; header_line_height=\u00a0\u00bb1.4em\u00a0\u00bb text_orientation=\u00a0\u00bbcenter\u00a0\u00bb background_layout=\u00a0\u00bbdark\u00a0\u00bb width=\u00a0\u00bb100%\u00a0\u00bb link_option_url=\u00a0\u00bbhttps:\/\/guidevulcanologicheetna.it\/wp-content\/uploads\/2019\/09\/liberatoria-francese-.pdf\u00a0\u00bb][\/et_pb_blurb][\/et_pb_column][et_pb_column type=\u00a0\u00bb1_6&Prime; _builder_version=\u00a0\u00bb3.29.3&Prime;][et_pb_blurb title=\u00a0\u00bbEinschreibungformular fuer die zentralkrater tour\u00a0\u00bb url=\u00a0\u00bbhttps:\/\/guidevulcanologicheetna.it\/wp-content\/uploads\/2019\/09\/liberatoria-tedesco.pdf\u00a0\u00bb image=\u00a0\u00bbhttps:\/\/guidevulcanologicheetna.it\/wp-content\/uploads\/2019\/09\/de-de.png\u00a0\u00bb _builder_version=\u00a0\u00bb4.0.9&Prime; header_line_height=\u00a0\u00bb1.4em\u00a0\u00bb text_orientation=\u00a0\u00bbcenter\u00a0\u00bb background_layout=\u00a0\u00bbdark\u00a0\u00bb width=\u00a0\u00bb100%\u00a0\u00bb link_option_url=\u00a0\u00bbhttps:\/\/guidevulcanologicheetna.it\/wp-content\/uploads\/2019\/09\/liberatoria-tedesco.pdf\u00a0\u00bb][\/et_pb_blurb][\/et_pb_column][et_pb_column type=\u00a0\u00bb1_6&Prime; _builder_version=\u00a0\u00bb3.29.3&Prime;][et_pb_blurb title=\u00a0\u00bbFormulario de inscripci\u00f2n para la excursion y aceptacion de las reglas\u00a0\u00bb url=\u00a0\u00bbhttps:\/\/guidevulcanologicheetna.it\/wp-content\/uploads\/2019\/09\/liberatoria-spagnolo-.pdf\u00a0\u00bb image=\u00a0\u00bbhttps:\/\/guidevulcanologicheetna.it\/wp-content\/uploads\/2019\/09\/es-es.png\u00a0\u00bb _builder_version=\u00a0\u00bb4.0.9&Prime; header_line_height=\u00a0\u00bb1.4em\u00a0\u00bb text_orientation=\u00a0\u00bbcenter\u00a0\u00bb background_layout=\u00a0\u00bbdark\u00a0\u00bb width=\u00a0\u00bb100%\u00a0\u00bb link_option_url=\u00a0\u00bbhttps:\/\/guidevulcanologicheetna.it\/wp-content\/uploads\/2019\/09\/liberatoria-spagnolo-.pdf\u00a0\u00bb][\/et_pb_blurb][\/et_pb_column][\/et_pb_row][\/et_pb_section]<\/p>\n","protected":false},"excerpt":{"rendered":"","protected":false},"author":2,"featured_media":0,"parent":0,"menu_order":0,"comment_status":"closed","ping_status":"closed","template":"","meta":{"_et_pb_use_builder":"on","_et_pb_old_content":"","_et_gb_content_width":"","footnotes":""},"class_list":["post-35253","page","type-page","status-publish","hentry"],"yoast_head":"<!-- This site is optimized with the Yoast SEO plugin v27.3 - https:\/\/yoast.com\/product\/yoast-seo-wordpress\/ -->\n<title>Avertissements | Guides volcanologiques Etna Nord<\/title>\n<meta name=\"description\" content=\"T\u00e9l\u00e9chargez et remplissez les communiqu\u00e9s utiles pour les excursions des guides volcanologiques de l&#039;Etna Nord\" \/>\n<meta name=\"robots\" content=\"index, follow, max-snippet:-1, max-image-preview:large, max-video-preview:-1\" \/>\n<link rel=\"canonical\" href=\"https:\/\/guidevulcanologicheetna.it\/fr\/avertissements\/\" \/>\n<meta property=\"og:locale\" content=\"fr_FR\" \/>\n<meta property=\"og:type\" content=\"article\" \/>\n<meta property=\"og:title\" content=\"Avertissements | Guides volcanologiques Etna Nord\" \/>\n<meta property=\"og:description\" content=\"T\u00e9l\u00e9chargez et remplissez les communiqu\u00e9s utiles pour les excursions des guides volcanologiques de l&#039;Etna Nord\" \/>\n<meta property=\"og:url\" content=\"https:\/\/guidevulcanologicheetna.it\/fr\/avertissements\/\" \/>\n<meta property=\"og:site_name\" content=\"Guide Vulcanologiche Etna Nord\" \/>\n<meta property=\"article:publisher\" content=\"https:\/\/www.facebook.com\/guidevulcanologiche\/?ref=ts&amp;amp%3bamp%3bamp%3bfref=ts\" \/>\n<meta property=\"article:modified_time\" content=\"2020-12-20T21:12:26+00:00\" \/>\n<meta name=\"twitter:card\" content=\"summary_large_image\" \/>\n<meta name=\"twitter:label1\" content=\"Dur\u00e9e de lecture estim\u00e9e\" \/>\n\t<meta name=\"twitter:data1\" content=\"3 minutes\" \/>\n<script type=\"application\/ld+json\" class=\"yoast-schema-graph\">{\"@context\":\"https:\\\/\\\/schema.org\",\"@graph\":[{\"@type\":\"WebPage\",\"@id\":\"https:\\\/\\\/guidevulcanologicheetna.it\\\/fr\\\/avertissements\\\/\",\"url\":\"https:\\\/\\\/guidevulcanologicheetna.it\\\/fr\\\/avertissements\\\/\",\"name\":\"Avertissements | Guides volcanologiques Etna Nord\",\"isPartOf\":{\"@id\":\"https:\\\/\\\/guidevulcanologicheetna.it\\\/fr\\\/#website\"},\"datePublished\":\"2020-12-20T21:12:19+00:00\",\"dateModified\":\"2020-12-20T21:12:26+00:00\",\"description\":\"T\u00e9l\u00e9chargez et remplissez les communiqu\u00e9s utiles pour les excursions des guides volcanologiques de l'Etna Nord\",\"breadcrumb\":{\"@id\":\"https:\\\/\\\/guidevulcanologicheetna.it\\\/fr\\\/avertissements\\\/#breadcrumb\"},\"inLanguage\":\"fr-FR\",\"potentialAction\":[{\"@type\":\"ReadAction\",\"target\":[\"https:\\\/\\\/guidevulcanologicheetna.it\\\/fr\\\/avertissements\\\/\"]}]},{\"@type\":\"BreadcrumbList\",\"@id\":\"https:\\\/\\\/guidevulcanologicheetna.it\\\/fr\\\/avertissements\\\/#breadcrumb\",\"itemListElement\":[{\"@type\":\"ListItem\",\"position\":1,\"name\":\"Home\",\"item\":\"https:\\\/\\\/guidevulcanologicheetna.it\\\/fr\\\/\"},{\"@type\":\"ListItem\",\"position\":2,\"name\":\"Avertissements\"}]},{\"@type\":\"WebSite\",\"@id\":\"https:\\\/\\\/guidevulcanologicheetna.it\\\/fr\\\/#website\",\"url\":\"https:\\\/\\\/guidevulcanologicheetna.it\\\/fr\\\/\",\"name\":\"Guide Vulcanologiche Etna Nord\",\"description\":\"Guide Etna Abilitate\",\"potentialAction\":[{\"@type\":\"SearchAction\",\"target\":{\"@type\":\"EntryPoint\",\"urlTemplate\":\"https:\\\/\\\/guidevulcanologicheetna.it\\\/fr\\\/?s={search_term_string}\"},\"query-input\":{\"@type\":\"PropertyValueSpecification\",\"valueRequired\":true,\"valueName\":\"search_term_string\"}}],\"inLanguage\":\"fr-FR\"}]}<\/script>\n<!-- \/ Yoast SEO plugin. -->","yoast_head_json":{"title":"Avertissements | Guides volcanologiques Etna Nord","description":"T\u00e9l\u00e9chargez et remplissez les communiqu\u00e9s utiles pour les excursions des guides volcanologiques de l'Etna Nord","robots":{"index":"index","follow":"follow","max-snippet":"max-snippet:-1","max-image-preview":"max-image-preview:large","max-video-preview":"max-video-preview:-1"},"canonical":"https:\/\/guidevulcanologicheetna.it\/fr\/avertissements\/","og_locale":"fr_FR","og_type":"article","og_title":"Avertissements | Guides volcanologiques Etna Nord","og_description":"T\u00e9l\u00e9chargez et remplissez les communiqu\u00e9s utiles pour les excursions des guides volcanologiques de l'Etna Nord","og_url":"https:\/\/guidevulcanologicheetna.it\/fr\/avertissements\/","og_site_name":"Guide Vulcanologiche Etna Nord","article_publisher":"https:\/\/www.facebook.com\/guidevulcanologiche\/?ref=ts&amp%3bamp%3bamp%3bfref=ts","article_modified_time":"2020-12-20T21:12:26+00:00","twitter_card":"summary_large_image","twitter_misc":{"Dur\u00e9e de lecture estim\u00e9e":"3 minutes"},"schema":{"@context":"https:\/\/schema.org","@graph":[{"@type":"WebPage","@id":"https:\/\/guidevulcanologicheetna.it\/fr\/avertissements\/","url":"https:\/\/guidevulcanologicheetna.it\/fr\/avertissements\/","name":"Avertissements | Guides volcanologiques Etna Nord","isPartOf":{"@id":"https:\/\/guidevulcanologicheetna.it\/fr\/#website"},"datePublished":"2020-12-20T21:12:19+00:00","dateModified":"2020-12-20T21:12:26+00:00","description":"T\u00e9l\u00e9chargez et remplissez les communiqu\u00e9s utiles pour les excursions des guides volcanologiques de l'Etna Nord","breadcrumb":{"@id":"https:\/\/guidevulcanologicheetna.it\/fr\/avertissements\/#breadcrumb"},"inLanguage":"fr-FR","potentialAction":[{"@type":"ReadAction","target":["https:\/\/guidevulcanologicheetna.it\/fr\/avertissements\/"]}]},{"@type":"BreadcrumbList","@id":"https:\/\/guidevulcanologicheetna.it\/fr\/avertissements\/#breadcrumb","itemListElement":[{"@type":"ListItem","position":1,"name":"Home","item":"https:\/\/guidevulcanologicheetna.it\/fr\/"},{"@type":"ListItem","position":2,"name":"Avertissements"}]},{"@type":"WebSite","@id":"https:\/\/guidevulcanologicheetna.it\/fr\/#website","url":"https:\/\/guidevulcanologicheetna.it\/fr\/","name":"Guide Vulcanologiche Etna Nord","description":"Guide Etna Abilitate","potentialAction":[{"@type":"SearchAction","target":{"@type":"EntryPoint","urlTemplate":"https:\/\/guidevulcanologicheetna.it\/fr\/?s={search_term_string}"},"query-input":{"@type":"PropertyValueSpecification","valueRequired":true,"valueName":"search_term_string"}}],"inLanguage":"fr-FR"}]}},"_links":{"self":[{"href":"https:\/\/guidevulcanologicheetna.it\/fr\/wp-json\/wp\/v2\/pages\/35253","targetHints":{"allow":["GET"]}}],"collection":[{"href":"https:\/\/guidevulcanologicheetna.it\/fr\/wp-json\/wp\/v2\/pages"}],"about":[{"href":"https:\/\/guidevulcanologicheetna.it\/fr\/wp-json\/wp\/v2\/types\/page"}],"author":[{"embeddable":true,"href":"https:\/\/guidevulcanologicheetna.it\/fr\/wp-json\/wp\/v2\/users\/2"}],"replies":[{"embeddable":true,"href":"https:\/\/guidevulcanologicheetna.it\/fr\/wp-json\/wp\/v2\/comments?post=35253"}],"version-history":[{"count":0,"href":"https:\/\/guidevulcanologicheetna.it\/fr\/wp-json\/wp\/v2\/pages\/35253\/revisions"}],"wp:attachment":[{"href":"https:\/\/guidevulcanologicheetna.it\/fr\/wp-json\/wp\/v2\/media?parent=35253"}],"curies":[{"name":"wp","href":"https:\/\/api.w.org\/{rel}","templated":true}]}}