{"id":35556,"date":"2020-12-29T14:01:43","date_gmt":"2020-12-29T13:01:43","guid":{"rendered":"https:\/\/guidevulcanologicheetna.it\/?page_id=35556"},"modified":"2025-01-10T15:01:21","modified_gmt":"2025-01-10T14:01:21","slug":"excursions-recommandees-etna-sud","status":"publish","type":"page","link":"https:\/\/guidevulcanologicheetna.it\/fr\/excursions-recommandees-etna-sud\/","title":{"rendered":"Etna Sud"},"content":{"rendered":"<p>[et_pb_section fb_built=\u00a0\u00bb1&Prime; fullwidth=\u00a0\u00bbon\u00a0\u00bb disabled_on=\u00a0\u00bbon|off|\u00a0\u00bb _builder_version=\u00a0\u00bb4.16&Prime; background_color=\u00a0\u00bbrgba(255,255,255,0)\u00a0\u00bb transparent_background=\u00a0\u00bbon\u00a0\u00bb global_colors_info=\u00a0\u00bb{}\u00a0\u00bb][et_pb_fullwidth_header title=\u00a0\u00bbLES EXCURSIONS RECOMMAND\u00c9ES \u00c0 L&apos;ETNA SUD\u00a0\u00bb subhead=\u00a0\u00bbTrekking guid\u00e9 au sommet du volcan &#8211; Choisissez l&apos;excursion qui vous convient\u00a0\u00bb text_orientation=\u00a0\u00bbcenter\u00a0\u00bb header_fullscreen=\u00a0\u00bbon\u00a0\u00bb background_overlay_color=\u00a0\u00bbrgba(0,0,0,0.5)\u00a0\u00bb logo_image_url=\u00a0\u00bbhttps:\/\/guidevulcanologicheetna.it\/wp-content\/uploads\/2017\/03\/Guide_vulcanologiche_Etna_Logo_200.png\u00a0\u00bb _builder_version=\u00a0\u00bb4.24.1&Prime; title_text_color=\u00a0\u00bb#ffea40&Prime; subhead_text_color=\u00a0\u00bb#FFFFFF\u00a0\u00bb background_color=\u00a0\u00bbrgba(255, 255, 255, 0)\u00a0\u00bb background_image=\u00a0\u00bbhttps:\/\/guidevulcanologicheetna.it\/wp-content\/uploads\/2017\/11\/sommitali-etna-sud.jpg\u00a0\u00bb background_layout=\u00a0\u00bblight\u00a0\u00bb background_url=\u00a0\u00bbhttps:\/\/guidevulcanologicheetna.it\/wp-content\/uploads\/2017\/11\/sommitali-etna-sud.jpg\u00a0\u00bb global_colors_info=\u00a0\u00bb{}\u00a0\u00bb button_one_text_size__hover_enabled=\u00a0\u00bboff\u00a0\u00bb button_one_text_size__hover=\u00a0\u00bbnull\u00a0\u00bb button_two_text_size__hover_enabled=\u00a0\u00bboff\u00a0\u00bb button_two_text_size__hover=\u00a0\u00bbnull\u00a0\u00bb button_one_text_color__hover_enabled=\u00a0\u00bboff\u00a0\u00bb button_one_text_color__hover=\u00a0\u00bbnull\u00a0\u00bb button_two_text_color__hover_enabled=\u00a0\u00bboff\u00a0\u00bb button_two_text_color__hover=\u00a0\u00bbnull\u00a0\u00bb button_one_border_width__hover_enabled=\u00a0\u00bboff\u00a0\u00bb button_one_border_width__hover=\u00a0\u00bbnull\u00a0\u00bb button_two_border_width__hover_enabled=\u00a0\u00bboff\u00a0\u00bb button_two_border_width__hover=\u00a0\u00bbnull\u00a0\u00bb button_one_border_color__hover_enabled=\u00a0\u00bboff\u00a0\u00bb button_one_border_color__hover=\u00a0\u00bbnull\u00a0\u00bb button_two_border_color__hover_enabled=\u00a0\u00bboff\u00a0\u00bb button_two_border_color__hover=\u00a0\u00bbnull\u00a0\u00bb button_one_border_radius__hover_enabled=\u00a0\u00bboff\u00a0\u00bb button_one_border_radius__hover=\u00a0\u00bbnull\u00a0\u00bb button_two_border_radius__hover_enabled=\u00a0\u00bboff\u00a0\u00bb button_two_border_radius__hover=\u00a0\u00bbnull\u00a0\u00bb button_one_letter_spacing__hover_enabled=\u00a0\u00bboff\u00a0\u00bb button_one_letter_spacing__hover=\u00a0\u00bbnull\u00a0\u00bb button_two_letter_spacing__hover_enabled=\u00a0\u00bboff\u00a0\u00bb button_two_letter_spacing__hover=\u00a0\u00bbnull\u00a0\u00bb button_one_bg_color__hover_enabled=\u00a0\u00bboff\u00a0\u00bb button_one_bg_color__hover=\u00a0\u00bbnull\u00a0\u00bb button_two_bg_color__hover_enabled=\u00a0\u00bboff\u00a0\u00bb button_two_bg_color__hover=\u00a0\u00bbnull\u00a0\u00bb][\/et_pb_fullwidth_header][\/et_pb_section][et_pb_section fb_built=\u00a0\u00bb1&Prime; fullwidth=\u00a0\u00bbon\u00a0\u00bb module_id=\u00a0\u00bbetna-nord\u00a0\u00bb _builder_version=\u00a0\u00bb4.23.4&Prime; locked=\u00a0\u00bboff\u00a0\u00bb global_colors_info=\u00a0\u00bb{}\u00a0\u00bb][et_pb_fullwidth_header title=\u00a0\u00bbETNA SUD\u00a0\u00bb subhead=\u00a0\u00bbLes meilleures excursions sur le volcan Etna choisies par les Guides\u00a0\u00bb text_orientation=\u00a0\u00bbcenter\u00a0\u00bb _builder_version=\u00a0\u00bb4.23.4&Prime; background_color=\u00a0\u00bb#ffea40&Prime; parallax=\u00a0\u00bbon\u00a0\u00bb background_layout=\u00a0\u00bblight\u00a0\u00bb max_width_tablet=\u00a0\u00bb50px\u00a0\u00bb custom_padding=\u00a0\u00bb0px||0px|||\u00a0\u00bb global_colors_info=\u00a0\u00bb{}\u00a0\u00bb button_one_text_size__hover_enabled=\u00a0\u00bboff\u00a0\u00bb button_one_text_size__hover=\u00a0\u00bbnull\u00a0\u00bb button_two_text_size__hover_enabled=\u00a0\u00bboff\u00a0\u00bb button_two_text_size__hover=\u00a0\u00bbnull\u00a0\u00bb button_one_text_color__hover_enabled=\u00a0\u00bboff\u00a0\u00bb button_one_text_color__hover=\u00a0\u00bbnull\u00a0\u00bb button_two_text_color__hover_enabled=\u00a0\u00bboff\u00a0\u00bb button_two_text_color__hover=\u00a0\u00bbnull\u00a0\u00bb button_one_border_width__hover_enabled=\u00a0\u00bboff\u00a0\u00bb button_one_border_width__hover=\u00a0\u00bbnull\u00a0\u00bb button_two_border_width__hover_enabled=\u00a0\u00bboff\u00a0\u00bb button_two_border_width__hover=\u00a0\u00bbnull\u00a0\u00bb button_one_border_color__hover_enabled=\u00a0\u00bboff\u00a0\u00bb button_one_border_color__hover=\u00a0\u00bbnull\u00a0\u00bb button_two_border_color__hover_enabled=\u00a0\u00bboff\u00a0\u00bb button_two_border_color__hover=\u00a0\u00bbnull\u00a0\u00bb button_one_border_radius__hover_enabled=\u00a0\u00bboff\u00a0\u00bb button_one_border_radius__hover=\u00a0\u00bbnull\u00a0\u00bb button_two_border_radius__hover_enabled=\u00a0\u00bboff\u00a0\u00bb button_two_border_radius__hover=\u00a0\u00bbnull\u00a0\u00bb button_one_letter_spacing__hover_enabled=\u00a0\u00bboff\u00a0\u00bb button_one_letter_spacing__hover=\u00a0\u00bbnull\u00a0\u00bb button_two_letter_spacing__hover_enabled=\u00a0\u00bboff\u00a0\u00bb button_two_letter_spacing__hover=\u00a0\u00bbnull\u00a0\u00bb button_one_bg_color__hover_enabled=\u00a0\u00bboff\u00a0\u00bb button_one_bg_color__hover=\u00a0\u00bbnull\u00a0\u00bb button_two_bg_color__hover_enabled=\u00a0\u00bboff\u00a0\u00bb button_two_bg_color__hover=\u00a0\u00bbnull\u00a0\u00bb][\/et_pb_fullwidth_header][\/et_pb_section][et_pb_section fb_built=\u00a0\u00bb1&Prime; admin_label=\u00a0\u00bbsection\u00a0\u00bb _builder_version=\u00a0\u00bb4.27.4&Prime; background_color=\u00a0\u00bb#000000&Prime; background_enable_image=\u00a0\u00bboff\u00a0\u00bb background_blend=\u00a0\u00bbmultiply\u00a0\u00bb custom_padding=\u00a0\u00bb0px|0px|0px|0px\u00a0\u00bb global_colors_info=\u00a0\u00bb{}\u00a0\u00bb][et_pb_row _builder_version=\u00a0\u00bb4.27.4&Prime; _module_preset=\u00a0\u00bbdefault\u00a0\u00bb width=\u00a0\u00bb90%\u00a0\u00bb max_width=\u00a0\u00bb2560px\u00a0\u00bb global_colors_info=\u00a0\u00bb{}\u00a0\u00bb][et_pb_column type=\u00a0\u00bb4_4&Prime; _builder_version=\u00a0\u00bb4.27.4&Prime; _module_preset=\u00a0\u00bbdefault\u00a0\u00bb global_colors_info=\u00a0\u00bb{}\u00a0\u00bb][et_pb_shop type=\u00a0\u00bbproduct_category\u00a0\u00bb posts_number=\u00a0\u00bb100&Prime; include_categories=\u00a0\u00bb2058&Prime; columns_number=\u00a0\u00bb4&Prime; orderby=\u00a0\u00bbdate\u00a0\u00bb show_price=\u00a0\u00bboff\u00a0\u00bb _builder_version=\u00a0\u00bb4.27.4&Prime; _module_preset=\u00a0\u00bbdefault\u00a0\u00bb title_font=\u00a0\u00bb|800||||on|||\u00a0\u00bb title_text_align=\u00a0\u00bbcenter\u00a0\u00bb title_text_color=\u00a0\u00bb#FFDE59&Prime; title_font_size=\u00a0\u00bb20px\u00a0\u00bb custom_margin=\u00a0\u00bb22px|||||\u00a0\u00bb hover_enabled=\u00a0\u00bb0&Prime; border_radii_image=\u00a0\u00bbon|15px|15px|15px|15px\u00a0\u00bb border_width_all_image=\u00a0\u00bb0px\u00a0\u00bb border_color_all_image=\u00a0\u00bb#FFF347&Prime; box_shadow_style_image=\u00a0\u00bbpreset1&Prime; box_shadow_vertical_image=\u00a0\u00bb0px\u00a0\u00bb box_shadow_blur_image=\u00a0\u00bb9px\u00a0\u00bb box_shadow_color_image=\u00a0\u00bb#E02B20&Prime; locked=\u00a0\u00bboff\u00a0\u00bb global_colors_info=\u00a0\u00bb{}\u00a0\u00bb sticky_enabled=\u00a0\u00bb0&Prime;][\/et_pb_shop][\/et_pb_column][\/et_pb_row][\/et_pb_section]<\/p>\n","protected":false},"excerpt":{"rendered":"","protected":false},"author":2,"featured_media":34680,"parent":0,"menu_order":0,"comment_status":"closed","ping_status":"closed","template":"","meta":{"_et_pb_use_builder":"on","_et_pb_old_content":"","_et_gb_content_width":"","footnotes":""},"class_list":["post-35556","page","type-page","status-publish","has-post-thumbnail","hentry"],"yoast_head":"<!-- This site is optimized with the Yoast SEO plugin v27.3 - https:\/\/yoast.com\/product\/yoast-seo-wordpress\/ -->\n<title>Les meilleures excursions recommand\u00e9es dans l&#039;Etna Sud | randonn\u00e9e jusqu&#039;aux crat\u00e8res sommitaux<\/title>\n<meta name=\"description\" content=\"Les meilleures excursions recommand\u00e9es vers le sud de l&#039;Etna Randonn\u00e9e guid\u00e9e jusqu&#039;au sommet du volcan Etna. Choisissez le trek qui vous convient\" \/>\n<meta name=\"robots\" content=\"index, follow, max-snippet:-1, max-image-preview:large, max-video-preview:-1\" \/>\n<link rel=\"canonical\" href=\"https:\/\/guidevulcanologicheetna.it\/fr\/excursions-recommandees-etna-sud\/\" \/>\n<meta property=\"og:locale\" content=\"fr_FR\" \/>\n<meta property=\"og:type\" content=\"article\" \/>\n<meta property=\"og:title\" content=\"Les meilleures excursions recommand\u00e9es dans l&#039;Etna Sud | randonn\u00e9e jusqu&#039;aux crat\u00e8res sommitaux\" \/>\n<meta property=\"og:description\" content=\"Les meilleures excursions recommand\u00e9es vers le sud de l&#039;Etna Randonn\u00e9e guid\u00e9e jusqu&#039;au sommet du volcan Etna. Choisissez le trek qui vous convient\" \/>\n<meta property=\"og:url\" content=\"https:\/\/guidevulcanologicheetna.it\/fr\/excursions-recommandees-etna-sud\/\" \/>\n<meta property=\"og:site_name\" content=\"Guide Vulcanologiche Etna Nord\" \/>\n<meta property=\"article:publisher\" content=\"https:\/\/www.facebook.com\/guidevulcanologiche\/?ref=ts&amp;amp%3bamp%3bamp%3bfref=ts\" \/>\n<meta property=\"article:modified_time\" content=\"2025-01-10T14:01:21+00:00\" \/>\n<meta property=\"og:image\" content=\"https:\/\/guidevulcanologicheetna.it\/wp-content\/uploads\/2020\/09\/Escursione-in-cima-al-vulcano-Etna.jpg\" \/>\n\t<meta property=\"og:image:width\" content=\"1440\" \/>\n\t<meta property=\"og:image:height\" content=\"1080\" \/>\n\t<meta property=\"og:image:type\" content=\"image\/jpeg\" \/>\n<meta name=\"twitter:card\" content=\"summary_large_image\" \/>\n<meta name=\"twitter:label1\" content=\"Dur\u00e9e de lecture estim\u00e9e\" \/>\n\t<meta name=\"twitter:data1\" content=\"5 minutes\" \/>\n<script type=\"application\/ld+json\" class=\"yoast-schema-graph\">{\"@context\":\"https:\\\/\\\/schema.org\",\"@graph\":[{\"@type\":\"WebPage\",\"@id\":\"https:\\\/\\\/guidevulcanologicheetna.it\\\/fr\\\/excursions-recommandees-etna-sud\\\/\",\"url\":\"https:\\\/\\\/guidevulcanologicheetna.it\\\/fr\\\/excursions-recommandees-etna-sud\\\/\",\"name\":\"Les meilleures excursions recommand\u00e9es dans l'Etna Sud | randonn\u00e9e jusqu'aux crat\u00e8res sommitaux\",\"isPartOf\":{\"@id\":\"https:\\\/\\\/guidevulcanologicheetna.it\\\/fr\\\/#website\"},\"primaryImageOfPage\":{\"@id\":\"https:\\\/\\\/guidevulcanologicheetna.it\\\/fr\\\/excursions-recommandees-etna-sud\\\/#primaryimage\"},\"image\":{\"@id\":\"https:\\\/\\\/guidevulcanologicheetna.it\\\/fr\\\/excursions-recommandees-etna-sud\\\/#primaryimage\"},\"thumbnailUrl\":\"https:\\\/\\\/guidevulcanologicheetna.it\\\/wp-content\\\/uploads\\\/2020\\\/09\\\/Escursione-in-cima-al-vulcano-Etna.jpg\",\"datePublished\":\"2020-12-29T13:01:43+00:00\",\"dateModified\":\"2025-01-10T14:01:21+00:00\",\"description\":\"Les meilleures excursions recommand\u00e9es vers le sud de l'Etna Randonn\u00e9e guid\u00e9e jusqu'au sommet du volcan Etna. Choisissez le trek qui vous convient\",\"breadcrumb\":{\"@id\":\"https:\\\/\\\/guidevulcanologicheetna.it\\\/fr\\\/excursions-recommandees-etna-sud\\\/#breadcrumb\"},\"inLanguage\":\"fr-FR\",\"potentialAction\":[{\"@type\":\"ReadAction\",\"target\":[\"https:\\\/\\\/guidevulcanologicheetna.it\\\/fr\\\/excursions-recommandees-etna-sud\\\/\"]}]},{\"@type\":\"ImageObject\",\"inLanguage\":\"fr-FR\",\"@id\":\"https:\\\/\\\/guidevulcanologicheetna.it\\\/fr\\\/excursions-recommandees-etna-sud\\\/#primaryimage\",\"url\":\"https:\\\/\\\/guidevulcanologicheetna.it\\\/wp-content\\\/uploads\\\/2020\\\/09\\\/Escursione-in-cima-al-vulcano-Etna.jpg\",\"contentUrl\":\"https:\\\/\\\/guidevulcanologicheetna.it\\\/wp-content\\\/uploads\\\/2020\\\/09\\\/Escursione-in-cima-al-vulcano-Etna.jpg\",\"width\":1440,\"height\":1080},{\"@type\":\"BreadcrumbList\",\"@id\":\"https:\\\/\\\/guidevulcanologicheetna.it\\\/fr\\\/excursions-recommandees-etna-sud\\\/#breadcrumb\",\"itemListElement\":[{\"@type\":\"ListItem\",\"position\":1,\"name\":\"Home\",\"item\":\"https:\\\/\\\/guidevulcanologicheetna.it\\\/fr\\\/\"},{\"@type\":\"ListItem\",\"position\":2,\"name\":\"Etna Sud\"}]},{\"@type\":\"WebSite\",\"@id\":\"https:\\\/\\\/guidevulcanologicheetna.it\\\/fr\\\/#website\",\"url\":\"https:\\\/\\\/guidevulcanologicheetna.it\\\/fr\\\/\",\"name\":\"Guide Vulcanologiche Etna Nord\",\"description\":\"Guide Etna Abilitate\",\"potentialAction\":[{\"@type\":\"SearchAction\",\"target\":{\"@type\":\"EntryPoint\",\"urlTemplate\":\"https:\\\/\\\/guidevulcanologicheetna.it\\\/fr\\\/?s={search_term_string}\"},\"query-input\":{\"@type\":\"PropertyValueSpecification\",\"valueRequired\":true,\"valueName\":\"search_term_string\"}}],\"inLanguage\":\"fr-FR\"}]}<\/script>\n<!-- \/ Yoast SEO plugin. -->","yoast_head_json":{"title":"Les meilleures excursions recommand\u00e9es dans l'Etna Sud | randonn\u00e9e jusqu'aux crat\u00e8res sommitaux","description":"Les meilleures excursions recommand\u00e9es vers le sud de l'Etna Randonn\u00e9e guid\u00e9e jusqu'au sommet du volcan Etna. Choisissez le trek qui vous convient","robots":{"index":"index","follow":"follow","max-snippet":"max-snippet:-1","max-image-preview":"max-image-preview:large","max-video-preview":"max-video-preview:-1"},"canonical":"https:\/\/guidevulcanologicheetna.it\/fr\/excursions-recommandees-etna-sud\/","og_locale":"fr_FR","og_type":"article","og_title":"Les meilleures excursions recommand\u00e9es dans l'Etna Sud | randonn\u00e9e jusqu'aux crat\u00e8res sommitaux","og_description":"Les meilleures excursions recommand\u00e9es vers le sud de l'Etna Randonn\u00e9e guid\u00e9e jusqu'au sommet du volcan Etna. Choisissez le trek qui vous convient","og_url":"https:\/\/guidevulcanologicheetna.it\/fr\/excursions-recommandees-etna-sud\/","og_site_name":"Guide Vulcanologiche Etna Nord","article_publisher":"https:\/\/www.facebook.com\/guidevulcanologiche\/?ref=ts&amp%3bamp%3bamp%3bfref=ts","article_modified_time":"2025-01-10T14:01:21+00:00","og_image":[{"width":1440,"height":1080,"url":"https:\/\/guidevulcanologicheetna.it\/wp-content\/uploads\/2020\/09\/Escursione-in-cima-al-vulcano-Etna.jpg","type":"image\/jpeg"}],"twitter_card":"summary_large_image","twitter_misc":{"Dur\u00e9e de lecture estim\u00e9e":"5 minutes"},"schema":{"@context":"https:\/\/schema.org","@graph":[{"@type":"WebPage","@id":"https:\/\/guidevulcanologicheetna.it\/fr\/excursions-recommandees-etna-sud\/","url":"https:\/\/guidevulcanologicheetna.it\/fr\/excursions-recommandees-etna-sud\/","name":"Les meilleures excursions recommand\u00e9es dans l'Etna Sud | randonn\u00e9e jusqu'aux crat\u00e8res sommitaux","isPartOf":{"@id":"https:\/\/guidevulcanologicheetna.it\/fr\/#website"},"primaryImageOfPage":{"@id":"https:\/\/guidevulcanologicheetna.it\/fr\/excursions-recommandees-etna-sud\/#primaryimage"},"image":{"@id":"https:\/\/guidevulcanologicheetna.it\/fr\/excursions-recommandees-etna-sud\/#primaryimage"},"thumbnailUrl":"https:\/\/guidevulcanologicheetna.it\/wp-content\/uploads\/2020\/09\/Escursione-in-cima-al-vulcano-Etna.jpg","datePublished":"2020-12-29T13:01:43+00:00","dateModified":"2025-01-10T14:01:21+00:00","description":"Les meilleures excursions recommand\u00e9es vers le sud de l'Etna Randonn\u00e9e guid\u00e9e jusqu'au sommet du volcan Etna. Choisissez le trek qui vous convient","breadcrumb":{"@id":"https:\/\/guidevulcanologicheetna.it\/fr\/excursions-recommandees-etna-sud\/#breadcrumb"},"inLanguage":"fr-FR","potentialAction":[{"@type":"ReadAction","target":["https:\/\/guidevulcanologicheetna.it\/fr\/excursions-recommandees-etna-sud\/"]}]},{"@type":"ImageObject","inLanguage":"fr-FR","@id":"https:\/\/guidevulcanologicheetna.it\/fr\/excursions-recommandees-etna-sud\/#primaryimage","url":"https:\/\/guidevulcanologicheetna.it\/wp-content\/uploads\/2020\/09\/Escursione-in-cima-al-vulcano-Etna.jpg","contentUrl":"https:\/\/guidevulcanologicheetna.it\/wp-content\/uploads\/2020\/09\/Escursione-in-cima-al-vulcano-Etna.jpg","width":1440,"height":1080},{"@type":"BreadcrumbList","@id":"https:\/\/guidevulcanologicheetna.it\/fr\/excursions-recommandees-etna-sud\/#breadcrumb","itemListElement":[{"@type":"ListItem","position":1,"name":"Home","item":"https:\/\/guidevulcanologicheetna.it\/fr\/"},{"@type":"ListItem","position":2,"name":"Etna Sud"}]},{"@type":"WebSite","@id":"https:\/\/guidevulcanologicheetna.it\/fr\/#website","url":"https:\/\/guidevulcanologicheetna.it\/fr\/","name":"Guide Vulcanologiche Etna Nord","description":"Guide Etna Abilitate","potentialAction":[{"@type":"SearchAction","target":{"@type":"EntryPoint","urlTemplate":"https:\/\/guidevulcanologicheetna.it\/fr\/?s={search_term_string}"},"query-input":{"@type":"PropertyValueSpecification","valueRequired":true,"valueName":"search_term_string"}}],"inLanguage":"fr-FR"}]}},"_links":{"self":[{"href":"https:\/\/guidevulcanologicheetna.it\/fr\/wp-json\/wp\/v2\/pages\/35556","targetHints":{"allow":["GET"]}}],"collection":[{"href":"https:\/\/guidevulcanologicheetna.it\/fr\/wp-json\/wp\/v2\/pages"}],"about":[{"href":"https:\/\/guidevulcanologicheetna.it\/fr\/wp-json\/wp\/v2\/types\/page"}],"author":[{"embeddable":true,"href":"https:\/\/guidevulcanologicheetna.it\/fr\/wp-json\/wp\/v2\/users\/2"}],"replies":[{"embeddable":true,"href":"https:\/\/guidevulcanologicheetna.it\/fr\/wp-json\/wp\/v2\/comments?post=35556"}],"version-history":[{"count":7,"href":"https:\/\/guidevulcanologicheetna.it\/fr\/wp-json\/wp\/v2\/pages\/35556\/revisions"}],"predecessor-version":[{"id":54349,"href":"https:\/\/guidevulcanologicheetna.it\/fr\/wp-json\/wp\/v2\/pages\/35556\/revisions\/54349"}],"wp:featuredmedia":[{"embeddable":true,"href":"https:\/\/guidevulcanologicheetna.it\/fr\/wp-json\/wp\/v2\/media\/34680"}],"wp:attachment":[{"href":"https:\/\/guidevulcanologicheetna.it\/fr\/wp-json\/wp\/v2\/media?parent=35556"}],"curies":[{"name":"wp","href":"https:\/\/api.w.org\/{rel}","templated":true}]}}