{"id":35739,"date":"2021-01-10T11:18:40","date_gmt":"2021-01-10T10:18:40","guid":{"rendered":"https:\/\/guidevulcanologicheetna.it\/contacts\/"},"modified":"2025-07-19T11:12:31","modified_gmt":"2025-07-19T09:12:31","slug":"contacts","status":"publish","type":"page","link":"https:\/\/guidevulcanologicheetna.it\/fr\/contacts\/","title":{"rendered":"Contacts"},"content":{"rendered":"<p>[et_pb_section fb_built=\u00a0\u00bb1&Prime; fullwidth=\u00a0\u00bbon\u00a0\u00bb disabled_on=\u00a0\u00bbon|off|off\u00a0\u00bb _builder_version=\u00a0\u00bb4.27.0&Prime; _module_preset=\u00a0\u00bbdefault\u00a0\u00bb locked=\u00a0\u00bboff\u00a0\u00bb global_colors_info=\u00a0\u00bb{}\u00a0\u00bb][et_pb_fullwidth_image src=\u00a0\u00bbhttps:\/\/guidevulcanologicheetna.it\/wp-content\/uploads\/2024\/11\/Escursione-ai-crateri-sommitali-dell_etna-1.webp\u00a0\u00bb alt=\u00a0\u00bbEscursione ai crateri sommitali dell&rsquo;etna\u00a0\u00bb title_text=\u00a0\u00bbEscursione ai crateri sommitali dell&rsquo;etna\u00a0\u00bb _builder_version=\u00a0\u00bb4.27.0&Prime; _module_preset=\u00a0\u00bbdefault\u00a0\u00bb global_colors_info=\u00a0\u00bb{}\u00a0\u00bb][\/et_pb_fullwidth_image][\/et_pb_section][et_pb_section fb_built=\u00a0\u00bb1&Prime; _builder_version=\u00a0\u00bb4.27.3&Prime; _module_preset=\u00a0\u00bb_initial\u00a0\u00bb background_enable_image=\u00a0\u00bboff\u00a0\u00bb background_position=\u00a0\u00bbbottom_center\u00a0\u00bb custom_padding=\u00a0\u00bb6px|||||\u00a0\u00bb global_colors_info=\u00a0\u00bb%91%93&Prime;][et_pb_row _builder_version=\u00a0\u00bb4.27.3&Prime; _module_preset=\u00a0\u00bbdefault\u00a0\u00bb custom_margin=\u00a0\u00bb23px|auto||auto||\u00a0\u00bb global_colors_info=\u00a0\u00bb{}\u00a0\u00bb][et_pb_column type=\u00a0\u00bb4_4&Prime; _builder_version=\u00a0\u00bb4.27.3&Prime; _module_preset=\u00a0\u00bbdefault\u00a0\u00bb background_color=\u00a0\u00bb#FFDE59&Prime; custom_padding=\u00a0\u00bb60px|60px|60px|60px|true|true\u00a0\u00bb custom_padding_tablet=\u00a0\u00bb30px|30px|30px|30px|true|true\u00a0\u00bb custom_padding_phone=\u00a0\u00bb20px|20px|20px|20px|true|true\u00a0\u00bb custom_padding_last_edited=\u00a0\u00bbon|tablet\u00a0\u00bb border_radii=\u00a0\u00bbon|30px|30px|30px|30px\u00a0\u00bb global_colors_info=\u00a0\u00bb{}\u00a0\u00bb][et_pb_heading title=\u00a0\u00bbModes de Contact et d\u2019Assistance pour les Excursions sur l\u2019Etna avec des Guides Volcanologiques Agr\u00e9\u00e9s\u00a0\u00bb _builder_version=\u00a0\u00bb4.27.4&Prime; _module_preset=\u00a0\u00bbdefault\u00a0\u00bb title_level=\u00a0\u00bbh3&Prime; title_font=\u00a0\u00bbUrbanist|900||||on|||\u00a0\u00bb title_text_align=\u00a0\u00bbcenter\u00a0\u00bb title_text_color=\u00a0\u00bb#B81941&Prime; title_font_size=\u00a0\u00bb36px\u00a0\u00bb title_line_height=\u00a0\u00bb1.2em\u00a0\u00bb custom_margin=\u00a0\u00bb||10px||false|false\u00a0\u00bb title_font_size_tablet=\u00a0\u00bb24px\u00a0\u00bb title_font_size_phone=\u00a0\u00bb18px\u00a0\u00bb title_font_size_last_edited=\u00a0\u00bbon|desktop\u00a0\u00bb global_colors_info=\u00a0\u00bb{}\u00a0\u00bb][\/et_pb_heading][\/et_pb_column][\/et_pb_row][et_pb_row _builder_version=\u00a0\u00bb4.27.4&Prime; _module_preset=\u00a0\u00bbdefault\u00a0\u00bb global_colors_info=\u00a0\u00bb{}\u00a0\u00bb][et_pb_column type=\u00a0\u00bb4_4&Prime; _builder_version=\u00a0\u00bb4.27.3&Prime; _module_preset=\u00a0\u00bbdefault\u00a0\u00bb global_colors_info=\u00a0\u00bb{}\u00a0\u00bb][et_pb_text _builder_version=\u00a0\u00bb4.27.3&Prime; _module_preset=\u00a0\u00bbdefault\u00a0\u00bb text_font=\u00a0\u00bb|700||||on|||\u00a0\u00bb text_text_color=\u00a0\u00bb#FFFFFF\u00a0\u00bb text_font_size=\u00a0\u00bb18px\u00a0\u00bb text_orientation=\u00a0\u00bbcenter\u00a0\u00bb global_colors_info=\u00a0\u00bb{}\u00a0\u00bb]<\/p>\n<p>Pour toute information concernant nos excursions, nous vous invitons \u00e0 nous contacter par <strong>t\u00e9l\u00e9phone<\/strong> pour obtenir des r\u00e9ponses rapides, ou par <strong>WhatsApp<\/strong> ou <strong>email<\/strong> pour recevoir des informations plus d\u00e9taill\u00e9es.<\/p>\n<p>Nous serons ravis de vous fournir toutes les informations n\u00e9cessaires, y compris <strong>photos, vid\u00e9os et liens<\/strong>, afin de r\u00e9pondre au mieux \u00e0 vos demandes.<\/p>\n<p>[\/et_pb_text][et_pb_text _builder_version=\u00a0\u00bb4.27.3&Prime; _module_preset=\u00a0\u00bbdefault\u00a0\u00bb text_font=\u00a0\u00bb|700||||on|||\u00a0\u00bb text_text_color=\u00a0\u00bb#FFFFFF\u00a0\u00bb text_font_size=\u00a0\u00bb18px\u00a0\u00bb text_orientation=\u00a0\u00bbcenter\u00a0\u00bb global_colors_info=\u00a0\u00bb{}\u00a0\u00bb]<\/p>\n<p><span style=\"font-size: xx-large; color: #ffde59;\">Toutes les excursions sont disponibles en italien, anglais et fran\u00e7ais.<\/span><\/p>\n<p>[\/et_pb_text][\/et_pb_column][\/et_pb_row][et_pb_row column_structure=\u00a0\u00bb1_3,1_3,1_3&Prime; _builder_version=\u00a0\u00bb4.25.2&Prime; _module_preset=\u00a0\u00bbdefault\u00a0\u00bb locked=\u00a0\u00bboff\u00a0\u00bb global_colors_info=\u00a0\u00bb{}\u00a0\u00bb][et_pb_column type=\u00a0\u00bb1_3&Prime; _builder_version=\u00a0\u00bb4.25.2&Prime; _module_preset=\u00a0\u00bbdefault\u00a0\u00bb global_colors_info=\u00a0\u00bb{}\u00a0\u00bb][et_pb_blurb title=\u00a0\u00bbT\u00e9l\u00e9phone\u00a0\u00bb image=\u00a0\u00bbhttps:\/\/guidevulcanologicheetna.it\/wp-content\/uploads\/2025\/05\/jkyhjj.png\u00a0\u00bb image_icon_width=\u00a0\u00bb50px\u00a0\u00bb content_max_width=\u00a0\u00bb100%\u00a0\u00bb _builder_version=\u00a0\u00bb4.27.4&Prime; _module_preset=\u00a0\u00bbdefault\u00a0\u00bb header_font=\u00a0\u00bbUrbanist|800||||on|||\u00a0\u00bb header_text_color=\u00a0\u00bb#FFFFFF\u00a0\u00bb header_font_size=\u00a0\u00bb24px\u00a0\u00bb header_line_height=\u00a0\u00bb1.3em\u00a0\u00bb body_font=\u00a0\u00bbInter||||||||\u00a0\u00bb body_text_color=\u00a0\u00bb#FFFFFF\u00a0\u00bb body_font_size=\u00a0\u00bb16px\u00a0\u00bb body_line_height=\u00a0\u00bb1.8em\u00a0\u00bb text_orientation=\u00a0\u00bbcenter\u00a0\u00bb animation=\u00a0\u00bboff\u00a0\u00bb header_font_size_tablet=\u00a0\u00bb20px\u00a0\u00bb header_font_size_phone=\u00a0\u00bb16px\u00a0\u00bb header_font_size_last_edited=\u00a0\u00bbon|desktop\u00a0\u00bb body_font_size_tablet=\u00a0\u00bb15px\u00a0\u00bb body_font_size_phone=\u00a0\u00bb14px\u00a0\u00bb body_font_size_last_edited=\u00a0\u00bbon|desktop\u00a0\u00bb locked=\u00a0\u00bboff\u00a0\u00bb global_colors_info=\u00a0\u00bb{%22gcid-d7cd5a78-aaef-4f36-82a3-4d3706015cba%22:%91%22link_text_color%22,%22link_text_color%22,%22link_text_color%22%93,%22gcid-1f1b4e15-7cc6-4e13-8154-74d77a956460%22:%91%22link_text_color%22,%22quote_text_color%22,%22quote_border_color%22,%22link_text_color%22,%22quote_text_color%22,%22quote_border_color%22%93}\u00a0\u00bb]<\/p>\n<p><a href=\"tel:+393533800071\">(+39) 353 3800071<\/a><\/p>\n<p><a href=\"tel:+393533131590\">(+39) 353 3131590<\/a><\/p>\n<p><a href=\"tel:+393455741330\">(+39) 345 5741330<\/a><\/p>\n<p><a href=\"tel:+390950902235\">(+39) 095 0902235<\/a><\/p>\n<p>[\/et_pb_blurb][\/et_pb_column][et_pb_column type=\u00a0\u00bb1_3&Prime; _builder_version=\u00a0\u00bb4.27.4&Prime; _module_preset=\u00a0\u00bbdefault\u00a0\u00bb global_colors_info=\u00a0\u00bb{}\u00a0\u00bb][et_pb_blurb title=\u00a0\u00bbWhatsApp\u00a0\u00bb url=\u00a0\u00bbhttps:\/\/wa.me\/393455741330&Prime; image=\u00a0\u00bbhttps:\/\/guidevulcanologicheetna.it\/wp-content\/uploads\/2025\/05\/whatsapp-email-50-x-40-pxtjhtwa.png\u00a0\u00bb image_icon_width=\u00a0\u00bb50px\u00a0\u00bb content_max_width=\u00a0\u00bb100%\u00a0\u00bb _builder_version=\u00a0\u00bb4.27.3&Prime; _module_preset=\u00a0\u00bbdefault\u00a0\u00bb header_font=\u00a0\u00bbUrbanist|800||||on|||\u00a0\u00bb header_text_align=\u00a0\u00bbcenter\u00a0\u00bb header_text_color=\u00a0\u00bb#FFFFFF\u00a0\u00bb header_font_size=\u00a0\u00bb24px\u00a0\u00bb header_line_height=\u00a0\u00bb1.3em\u00a0\u00bb body_font=\u00a0\u00bbInter||||||||\u00a0\u00bb body_text_color=\u00a0\u00bb#FFFFFF\u00a0\u00bb body_font_size=\u00a0\u00bb16px\u00a0\u00bb body_line_height=\u00a0\u00bb1.8em\u00a0\u00bb text_orientation=\u00a0\u00bbcenter\u00a0\u00bb animation=\u00a0\u00bboff\u00a0\u00bb link_option_url=\u00a0\u00bbhttps:\/\/wa.me\/393455741330&Prime; link_option_url_new_window=\u00a0\u00bbon\u00a0\u00bb header_font_size_tablet=\u00a0\u00bb20px\u00a0\u00bb header_font_size_phone=\u00a0\u00bb16px\u00a0\u00bb header_font_size_last_edited=\u00a0\u00bbon|desktop\u00a0\u00bb body_font_size_tablet=\u00a0\u00bb15px\u00a0\u00bb body_font_size_phone=\u00a0\u00bb14px\u00a0\u00bb body_font_size_last_edited=\u00a0\u00bbon|desktop\u00a0\u00bb locked=\u00a0\u00bboff\u00a0\u00bb global_colors_info=\u00a0\u00bb{%22gcid-d7cd5a78-aaef-4f36-82a3-4d3706015cba%22:%91%22link_text_color%22,%22link_text_color%22,%22link_text_color%22%93,%22gcid-1f1b4e15-7cc6-4e13-8154-74d77a956460%22:%91%22link_text_color%22,%22quote_text_color%22,%22quote_border_color%22,%22link_text_color%22,%22quote_text_color%22,%22quote_border_color%22%93}\u00a0\u00bb]<\/p>\n<p><span style=\"color: #ffde59;\"><a href=\"https:\/\/wa.me\/393455741330\" style=\"color: #ffde59;\">(+39) 345\/5741330<\/a><\/span><\/p>\n<p>[\/et_pb_blurb][\/et_pb_column][et_pb_column type=\u00a0\u00bb1_3&Prime; _builder_version=\u00a0\u00bb4.25.2&Prime; _module_preset=\u00a0\u00bbdefault\u00a0\u00bb global_colors_info=\u00a0\u00bb{}\u00a0\u00bb][et_pb_blurb title=\u00a0\u00bbEmail\u00a0\u00bb url=\u00a0\u00bbmailto:info@guidevulcanologicheetna.it\u00a0\u00bb image=\u00a0\u00bbhttps:\/\/guidevulcanologicheetna.it\/wp-content\/uploads\/2025\/05\/whatsapp-email-50-x-40-px.png\u00a0\u00bb alt=\u00a0\u00bbEmail Guide Etna Nord\u00a0\u00bb image_icon_width=\u00a0\u00bb50px\u00a0\u00bb content_max_width=\u00a0\u00bb100%\u00a0\u00bb _builder_version=\u00a0\u00bb4.27.3&Prime; _module_preset=\u00a0\u00bbdefault\u00a0\u00bb header_font=\u00a0\u00bbUrbanist|800||||on|||\u00a0\u00bb header_text_align=\u00a0\u00bbcenter\u00a0\u00bb header_text_color=\u00a0\u00bb#FFFFFF\u00a0\u00bb header_font_size=\u00a0\u00bb24px\u00a0\u00bb header_line_height=\u00a0\u00bb1.3em\u00a0\u00bb body_font=\u00a0\u00bbInter||||||||\u00a0\u00bb body_text_color=\u00a0\u00bb#FFFFFF\u00a0\u00bb body_font_size=\u00a0\u00bb16px\u00a0\u00bb body_line_height=\u00a0\u00bb1.8em\u00a0\u00bb body_link_text_color=\u00a0\u00bb#FFFFFF\u00a0\u00bb text_orientation=\u00a0\u00bbcenter\u00a0\u00bb animation=\u00a0\u00bboff\u00a0\u00bb link_option_url=\u00a0\u00bbmailto:info@guidevulcanologicheetna.it\u00a0\u00bb link_option_url_new_window=\u00a0\u00bbon\u00a0\u00bb header_font_size_tablet=\u00a0\u00bb20px\u00a0\u00bb header_font_size_phone=\u00a0\u00bb16px\u00a0\u00bb header_font_size_last_edited=\u00a0\u00bbon|desktop\u00a0\u00bb body_font_size_tablet=\u00a0\u00bb15px\u00a0\u00bb body_font_size_phone=\u00a0\u00bb14px\u00a0\u00bb body_font_size_last_edited=\u00a0\u00bbon|desktop\u00a0\u00bb locked=\u00a0\u00bboff\u00a0\u00bb global_colors_info=\u00a0\u00bb{%22gcid-d7cd5a78-aaef-4f36-82a3-4d3706015cba%22:%91%22link_text_color%22,%22link_text_color%22,%22link_text_color%22%93,%22gcid-1f1b4e15-7cc6-4e13-8154-74d77a956460%22:%91%22link_text_color%22,%22quote_text_color%22,%22quote_border_color%22,%22link_text_color%22,%22quote_text_color%22,%22quote_border_color%22%93,%22gcid-4c79ba3d-a281-4fb6-9b14-02f9a4c793f2%22:%91%22icon_color%22%93}\u00a0\u00bb]<\/p>\n<p><a href=\"mailto:info@guidevulcanologicheetna.it\"><span style=\"color: #ffde59;\">info@guidevulcanologicheetna.it<\/span><\/a><\/p>\n<p>[\/et_pb_blurb][\/et_pb_column][\/et_pb_row][\/et_pb_section][et_pb_section fb_built=\u00a0\u00bb1&Prime; admin_label=\u00a0\u00bbContact Info\u00a0\u00bb _builder_version=\u00a0\u00bb4.27.3&Prime; _module_preset=\u00a0\u00bb_initial\u00a0\u00bb background_color=\u00a0\u00bbgcid-2352d280-fe84-43b1-a71e-f400c35a526a\u00a0\u00bb background_image=\u00a0\u00bbhttps:\/\/guidevulcanologicheetna.it\/wp-content\/uploads\/2025\/07\/9.png\u00a0\u00bb locked=\u00a0\u00bboff\u00a0\u00bb global_colors_info=\u00a0\u00bb{%22gcid-2352d280-fe84-43b1-a71e-f400c35a526a%22:%91%22background_color%22%93}\u00a0\u00bb][\/et_pb_section]<\/p>\n","protected":false},"excerpt":{"rendered":"<p>Pour toute information concernant nos excursions, nous vous invitons \u00e0 nous contacter par t\u00e9l\u00e9phone pour obtenir des r\u00e9ponses rapides, ou par WhatsApp ou email pour recevoir des informations plus d\u00e9taill\u00e9es. Nous serons ravis de vous fournir toutes les informations n\u00e9cessaires, y compris photos, vid\u00e9os et liens, afin de r\u00e9pondre au mieux \u00e0 vos demandes.Toutes les [&hellip;]<\/p>\n","protected":false},"author":2,"featured_media":34719,"parent":0,"menu_order":0,"comment_status":"closed","ping_status":"closed","template":"","meta":{"_et_pb_use_builder":"on","_et_pb_old_content":"","_et_gb_content_width":"","footnotes":""},"class_list":["post-35739","page","type-page","status-publish","has-post-thumbnail","hentry"],"yoast_head":"<!-- This site is optimized with the Yoast SEO plugin v27.3 - https:\/\/yoast.com\/product\/yoast-seo-wordpress\/ -->\n<title>Contacts des guides de l&#039;Etna pour plus d&#039;info sur les excursions<\/title>\n<meta name=\"description\" content=\"Contacts des guides de l&#039;Etna pour plus d&#039;informations sur les excursions aux crat\u00e8res de l&#039;Etna Informations sur: visites et excursions\" \/>\n<meta name=\"robots\" content=\"index, follow, max-snippet:-1, max-image-preview:large, max-video-preview:-1\" \/>\n<link rel=\"canonical\" href=\"https:\/\/guidevulcanologicheetna.it\/fr\/contacts\/\" \/>\n<meta property=\"og:locale\" content=\"fr_FR\" \/>\n<meta property=\"og:type\" content=\"article\" \/>\n<meta property=\"og:title\" content=\"Contacts des guides de l&#039;Etna pour plus d&#039;info sur les excursions\" \/>\n<meta property=\"og:description\" content=\"Contacts des guides de l&#039;Etna pour plus d&#039;informations sur les excursions aux crat\u00e8res de l&#039;Etna Informations sur: visites et excursions\" \/>\n<meta property=\"og:url\" content=\"https:\/\/guidevulcanologicheetna.it\/fr\/contacts\/\" \/>\n<meta property=\"og:site_name\" content=\"Guide Vulcanologiche Etna Nord\" \/>\n<meta property=\"article:publisher\" content=\"https:\/\/www.facebook.com\/guidevulcanologiche\/?ref=ts&amp;amp%3bamp%3bamp%3bfref=ts\" \/>\n<meta property=\"article:modified_time\" content=\"2025-07-19T09:12:31+00:00\" \/>\n<meta property=\"og:image\" content=\"https:\/\/guidevulcanologicheetna.it\/wp-content\/uploads\/2020\/09\/escursioni-aperte-ai-crateri-del-vulcano-Etna.jpg\" \/>\n\t<meta property=\"og:image:width\" content=\"1600\" \/>\n\t<meta property=\"og:image:height\" content=\"606\" \/>\n\t<meta property=\"og:image:type\" content=\"image\/jpeg\" \/>\n<meta name=\"twitter:card\" content=\"summary_large_image\" \/>\n<meta name=\"twitter:label1\" content=\"Dur\u00e9e de lecture estim\u00e9e\" \/>\n\t<meta name=\"twitter:data1\" content=\"1 minute\" \/>\n<script type=\"application\/ld+json\" class=\"yoast-schema-graph\">{\"@context\":\"https:\\\/\\\/schema.org\",\"@graph\":[{\"@type\":\"WebPage\",\"@id\":\"https:\\\/\\\/guidevulcanologicheetna.it\\\/fr\\\/contacts\\\/\",\"url\":\"https:\\\/\\\/guidevulcanologicheetna.it\\\/fr\\\/contacts\\\/\",\"name\":\"Contacts des guides de l'Etna pour plus d'info sur les excursions\",\"isPartOf\":{\"@id\":\"https:\\\/\\\/guidevulcanologicheetna.it\\\/fr\\\/#website\"},\"primaryImageOfPage\":{\"@id\":\"https:\\\/\\\/guidevulcanologicheetna.it\\\/fr\\\/contacts\\\/#primaryimage\"},\"image\":{\"@id\":\"https:\\\/\\\/guidevulcanologicheetna.it\\\/fr\\\/contacts\\\/#primaryimage\"},\"thumbnailUrl\":\"https:\\\/\\\/guidevulcanologicheetna.it\\\/wp-content\\\/uploads\\\/2020\\\/09\\\/escursioni-aperte-ai-crateri-del-vulcano-Etna.jpg\",\"datePublished\":\"2021-01-10T10:18:40+00:00\",\"dateModified\":\"2025-07-19T09:12:31+00:00\",\"description\":\"Contacts des guides de l'Etna pour plus d'informations sur les excursions aux crat\u00e8res de l'Etna Informations sur: visites et excursions\",\"breadcrumb\":{\"@id\":\"https:\\\/\\\/guidevulcanologicheetna.it\\\/fr\\\/contacts\\\/#breadcrumb\"},\"inLanguage\":\"fr-FR\",\"potentialAction\":[{\"@type\":\"ReadAction\",\"target\":[\"https:\\\/\\\/guidevulcanologicheetna.it\\\/fr\\\/contacts\\\/\"]}]},{\"@type\":\"ImageObject\",\"inLanguage\":\"fr-FR\",\"@id\":\"https:\\\/\\\/guidevulcanologicheetna.it\\\/fr\\\/contacts\\\/#primaryimage\",\"url\":\"https:\\\/\\\/guidevulcanologicheetna.it\\\/wp-content\\\/uploads\\\/2020\\\/09\\\/escursioni-aperte-ai-crateri-del-vulcano-Etna.jpg\",\"contentUrl\":\"https:\\\/\\\/guidevulcanologicheetna.it\\\/wp-content\\\/uploads\\\/2020\\\/09\\\/escursioni-aperte-ai-crateri-del-vulcano-Etna.jpg\",\"width\":1600,\"height\":606},{\"@type\":\"BreadcrumbList\",\"@id\":\"https:\\\/\\\/guidevulcanologicheetna.it\\\/fr\\\/contacts\\\/#breadcrumb\",\"itemListElement\":[{\"@type\":\"ListItem\",\"position\":1,\"name\":\"Home\",\"item\":\"https:\\\/\\\/guidevulcanologicheetna.it\\\/fr\\\/\"},{\"@type\":\"ListItem\",\"position\":2,\"name\":\"Contacts\"}]},{\"@type\":\"WebSite\",\"@id\":\"https:\\\/\\\/guidevulcanologicheetna.it\\\/fr\\\/#website\",\"url\":\"https:\\\/\\\/guidevulcanologicheetna.it\\\/fr\\\/\",\"name\":\"Guide Vulcanologiche Etna Nord\",\"description\":\"Guide Etna Abilitate\",\"potentialAction\":[{\"@type\":\"SearchAction\",\"target\":{\"@type\":\"EntryPoint\",\"urlTemplate\":\"https:\\\/\\\/guidevulcanologicheetna.it\\\/fr\\\/?s={search_term_string}\"},\"query-input\":{\"@type\":\"PropertyValueSpecification\",\"valueRequired\":true,\"valueName\":\"search_term_string\"}}],\"inLanguage\":\"fr-FR\"}]}<\/script>\n<!-- \/ Yoast SEO plugin. -->","yoast_head_json":{"title":"Contacts des guides de l'Etna pour plus d'info sur les excursions","description":"Contacts des guides de l'Etna pour plus d'informations sur les excursions aux crat\u00e8res de l'Etna Informations sur: visites et excursions","robots":{"index":"index","follow":"follow","max-snippet":"max-snippet:-1","max-image-preview":"max-image-preview:large","max-video-preview":"max-video-preview:-1"},"canonical":"https:\/\/guidevulcanologicheetna.it\/fr\/contacts\/","og_locale":"fr_FR","og_type":"article","og_title":"Contacts des guides de l'Etna pour plus d'info sur les excursions","og_description":"Contacts des guides de l'Etna pour plus d'informations sur les excursions aux crat\u00e8res de l'Etna Informations sur: visites et excursions","og_url":"https:\/\/guidevulcanologicheetna.it\/fr\/contacts\/","og_site_name":"Guide Vulcanologiche Etna Nord","article_publisher":"https:\/\/www.facebook.com\/guidevulcanologiche\/?ref=ts&amp%3bamp%3bamp%3bfref=ts","article_modified_time":"2025-07-19T09:12:31+00:00","og_image":[{"width":1600,"height":606,"url":"https:\/\/guidevulcanologicheetna.it\/wp-content\/uploads\/2020\/09\/escursioni-aperte-ai-crateri-del-vulcano-Etna.jpg","type":"image\/jpeg"}],"twitter_card":"summary_large_image","twitter_misc":{"Dur\u00e9e de lecture estim\u00e9e":"1 minute"},"schema":{"@context":"https:\/\/schema.org","@graph":[{"@type":"WebPage","@id":"https:\/\/guidevulcanologicheetna.it\/fr\/contacts\/","url":"https:\/\/guidevulcanologicheetna.it\/fr\/contacts\/","name":"Contacts des guides de l'Etna pour plus d'info sur les excursions","isPartOf":{"@id":"https:\/\/guidevulcanologicheetna.it\/fr\/#website"},"primaryImageOfPage":{"@id":"https:\/\/guidevulcanologicheetna.it\/fr\/contacts\/#primaryimage"},"image":{"@id":"https:\/\/guidevulcanologicheetna.it\/fr\/contacts\/#primaryimage"},"thumbnailUrl":"https:\/\/guidevulcanologicheetna.it\/wp-content\/uploads\/2020\/09\/escursioni-aperte-ai-crateri-del-vulcano-Etna.jpg","datePublished":"2021-01-10T10:18:40+00:00","dateModified":"2025-07-19T09:12:31+00:00","description":"Contacts des guides de l'Etna pour plus d'informations sur les excursions aux crat\u00e8res de l'Etna Informations sur: visites et excursions","breadcrumb":{"@id":"https:\/\/guidevulcanologicheetna.it\/fr\/contacts\/#breadcrumb"},"inLanguage":"fr-FR","potentialAction":[{"@type":"ReadAction","target":["https:\/\/guidevulcanologicheetna.it\/fr\/contacts\/"]}]},{"@type":"ImageObject","inLanguage":"fr-FR","@id":"https:\/\/guidevulcanologicheetna.it\/fr\/contacts\/#primaryimage","url":"https:\/\/guidevulcanologicheetna.it\/wp-content\/uploads\/2020\/09\/escursioni-aperte-ai-crateri-del-vulcano-Etna.jpg","contentUrl":"https:\/\/guidevulcanologicheetna.it\/wp-content\/uploads\/2020\/09\/escursioni-aperte-ai-crateri-del-vulcano-Etna.jpg","width":1600,"height":606},{"@type":"BreadcrumbList","@id":"https:\/\/guidevulcanologicheetna.it\/fr\/contacts\/#breadcrumb","itemListElement":[{"@type":"ListItem","position":1,"name":"Home","item":"https:\/\/guidevulcanologicheetna.it\/fr\/"},{"@type":"ListItem","position":2,"name":"Contacts"}]},{"@type":"WebSite","@id":"https:\/\/guidevulcanologicheetna.it\/fr\/#website","url":"https:\/\/guidevulcanologicheetna.it\/fr\/","name":"Guide Vulcanologiche Etna Nord","description":"Guide Etna Abilitate","potentialAction":[{"@type":"SearchAction","target":{"@type":"EntryPoint","urlTemplate":"https:\/\/guidevulcanologicheetna.it\/fr\/?s={search_term_string}"},"query-input":{"@type":"PropertyValueSpecification","valueRequired":true,"valueName":"search_term_string"}}],"inLanguage":"fr-FR"}]}},"_links":{"self":[{"href":"https:\/\/guidevulcanologicheetna.it\/fr\/wp-json\/wp\/v2\/pages\/35739","targetHints":{"allow":["GET"]}}],"collection":[{"href":"https:\/\/guidevulcanologicheetna.it\/fr\/wp-json\/wp\/v2\/pages"}],"about":[{"href":"https:\/\/guidevulcanologicheetna.it\/fr\/wp-json\/wp\/v2\/types\/page"}],"author":[{"embeddable":true,"href":"https:\/\/guidevulcanologicheetna.it\/fr\/wp-json\/wp\/v2\/users\/2"}],"replies":[{"embeddable":true,"href":"https:\/\/guidevulcanologicheetna.it\/fr\/wp-json\/wp\/v2\/comments?post=35739"}],"version-history":[{"count":2,"href":"https:\/\/guidevulcanologicheetna.it\/fr\/wp-json\/wp\/v2\/pages\/35739\/revisions"}],"predecessor-version":[{"id":60520,"href":"https:\/\/guidevulcanologicheetna.it\/fr\/wp-json\/wp\/v2\/pages\/35739\/revisions\/60520"}],"wp:featuredmedia":[{"embeddable":true,"href":"https:\/\/guidevulcanologicheetna.it\/fr\/wp-json\/wp\/v2\/media\/34719"}],"wp:attachment":[{"href":"https:\/\/guidevulcanologicheetna.it\/fr\/wp-json\/wp\/v2\/media?parent=35739"}],"curies":[{"name":"wp","href":"https:\/\/api.w.org\/{rel}","templated":true}]}}